{"id":13331,"date":"2022-02-10T17:16:15","date_gmt":"2022-02-10T15:16:15","guid":{"rendered":"https:\/\/amica.es\/es\/?page_id=13331"},"modified":"2025-07-11T11:43:31","modified_gmt":"2025-07-11T09:43:31","slug":"informe-monetizacion-valor-social","status":"publish","type":"page","link":"https:\/\/amica.es\/es\/informe-monetizacion-valor-social\/","title":{"rendered":"Informe Monetizaci\u00f3n Valor Social"},"content":{"rendered":"<div class=\"wpb-content-wrapper\">[vc_row css=&#8221;.vc_custom_1508262785818{padding-bottom: 10px !important;}&#8221;][vc_column][vc_custom_heading text=&#8221;Informe de Monetizaci\u00f3n Valor Social&#8221; font_container=&#8221;tag:h2|font_size:36px|text_align:center|color:%23333333|line_height:40px&#8221; google_fonts=&#8221;font_family:Open%20Sans%3A300%2C300italic%2Cregular%2Citalic%2C600%2C600italic%2C700%2C700italic%2C800%2C800italic|font_style:300%20light%20regular%3A300%3Anormal&#8221; css=&#8221;.vc_custom_1644506583144{margin-bottom: 23px !important;}&#8221;]<style type=\"text\/css\" >#l_izsrgvvneq08zwr82acr{width:100px;}#l_izsrgvvneq08zwr82acr.sc_line ,#l_izsrgvvneq08zwr82acr .sc_line { height:1px; background: #e62e31; background: -moz-linear-gradient(90deg, #e62e31 0%, #525c5e 100%); background: -webkit-gradient(linear, left top, right bottom, color-stop(0%,#e62e31), color-stop(100%,#525c5e)); background: -webkit-linear-gradient(90deg, #e62e31 0%,#525c5e 100%); background: -o-linear-gradient(90deg, #e62e31 0%,#525c5e 100%); background: -ms-linear-gradient(90deg, #e62e31 0%,#525c5e 100%); background: linear-gradient(90deg, #e62e31 0%,#525c5e 100%);}#l_izsrgvvneq08zwr82acr.sc_line ,#l_izsrgvvneq08zwr82acr .sc_line{margin-left:auto!important; margin-right:auto!important;}#l_izsrgvvneq08zwr82acr {margin:0px 0 23px 0; padding:0;}<\/style><div class=\"clearfix\"><\/div><div id=\"l_izsrgvvneq08zwr82acr\"  class=\"sc_line rd_line_normal\" ><\/div>[vc_row_inner][vc_column_inner width=&#8221;1\/2&#8243;][vc_column_text css=&#8221;&#8221; font_size=&#8221;20&#8243; line_height=&#8221;30&#8243;]Amica desarrolla una actividad productiva en el mercado, estableciendo relaciones clientes-proveedor a fin de cumplir su fin social. Como toda organizaci\u00f3n, utiliza la contabilidad financiera como instrumento para comunicar y comprender la gesti\u00f3n econ\u00f3mico-financiera de su actividad, tanto productiva como asociativa. No obstante, la actividad de Amica transciende la reflejada en la contabilidad financiera y, por ello, siempre ha tenido inter\u00e9s en encontrar un sistema de informaci\u00f3n que permita comunicar los resultados de su actividad, m\u00e1s all\u00e1 de la perspectiva econ\u00f3mico-financiera.<\/p>\n<p>En este marco, en el a\u00f1o 2019 y en un contexto en el que es creciente la necesidad de comunicar y gestionar el valor social que todo tipo de organizaci\u00f3n genera para la sociedad, Amica decidi\u00f3 abordar un proyecto por el que, siguiendo el denominado Modelo Poli\u00e9drico de contabilidad social, se monetiz\u00f3 el valor social generado por Amica en dicho ejercicio.<\/p>\n<p>El modelo y la metodolog\u00eda subyacente, utilizada en este proyecto, se han desarrollado a lo largo de la \u00faltima d\u00e9cada a partir de los trabajos de un grupo de investigaci\u00f3n que integra a diferentes universidades y de la AIE sin \u00e1nimo de lucro GEAccounting, integrada por universidades, entidades usuarias y prescriptoras de la contabilidad social, cuya Misi\u00f3n es promover el desarrollo de la contabilidad social.[\/vc_column_text][\/vc_column_inner][vc_column_inner width=&#8221;1\/2&#8243;][vc_video link=&#8221;https:\/\/www.youtube.com\/watch?v=gFWysbQLT3Q&amp;feature=youtu.be&#8221; css=&#8221;&#8221;]<style type=\"text\/css\" >#b_0k440rd1hl3y3qfku35d a{color:#545e5d; background:; border-style:solid; border-color:#545e5d; margin-top:40px; margin-bottom:20px;  margin-left:0px; margin-right:0px; font-weight:900; border-radius:5px;}#b_0k440rd1hl3y3qfku35d a:hover{color:#ffffff ; background:#dd3333 ; border-color:#dd3333;}<\/style><div class=\"ta_center tf_btn_pos\" id=\"b_0k440rd1hl3y3qfku35d\" ><a class=\"rd_stroke_bt mediumlarge_rd_bt border_2px  \" href=\"https:\/\/amica.es\/es\/wp-content\/uploads\/2025\/07\/2024-Informe-Valor-Social-AMICA.pdf\" target=\"yes\"   >Ver Informe 2024<\/a><\/div><style type=\"text\/css\" >#b_gnyeiyoijfg0pxe2qunb a{color:#545e5d; background:; border-style:solid; border-color:#545e5d; margin-top:40px; margin-bottom:20px;  margin-left:0px; margin-right:0px; font-weight:900; border-radius:5px;}#b_gnyeiyoijfg0pxe2qunb a:hover{color:#ffffff ; background:#dd3333 ; border-color:#dd3333;}<\/style><div class=\"ta_center tf_btn_pos\" id=\"b_gnyeiyoijfg0pxe2qunb\" ><a class=\"rd_stroke_bt mediumlarge_rd_bt border_2px  \" href=\"https:\/\/amica.es\/es\/wp-content\/uploads\/2024\/06\/2023-Informe-Valor-Social-AMICA.pdf\" target=\"yes\"   >Ver Informe 2023<\/a><\/div><style type=\"text\/css\" >#b_yr9nlfkna1t1cfosh4r6 a{color:#545e5d; background:; border-style:solid; border-color:#545e5d; margin-top:40px; margin-bottom:20px;  margin-left:0px; margin-right:0px; font-weight:900; border-radius:5px;}#b_yr9nlfkna1t1cfosh4r6 a:hover{color:#ffffff ; background:#dd3333 ; border-color:#dd3333;}<\/style><div class=\"ta_center tf_btn_pos\" id=\"b_yr9nlfkna1t1cfosh4r6\" ><a class=\"rd_stroke_bt mediumlarge_rd_bt border_2px  \" href=\"https:\/\/amica.es\/es\/wp-content\/uploads\/2023\/07\/2022-Informe-Valor-Social-AMICA.pdf\" target=\"yes\"   >Ver Informe 2022<\/a><\/div><style type=\"text\/css\" >#b_om2xj58nd3rglj4yg2gf a{color:#545e5d; background:; border-style:solid; border-color:#545e5d; margin-top:40px; margin-bottom:20px;  margin-left:0px; margin-right:0px; font-weight:900; border-radius:5px;}#b_om2xj58nd3rglj4yg2gf a:hover{color:#ffffff ; background:#dd3333 ; border-color:#dd3333;}<\/style><div class=\"ta_center tf_btn_pos\" id=\"b_om2xj58nd3rglj4yg2gf\" ><a class=\"rd_stroke_bt mediumlarge_rd_bt border_2px  \" href=\"https:\/\/amica.es\/es\/wp-content\/uploads\/2023\/02\/2021-Informe-Valor-Social-AMICA.pdf\" target=\"yes\"   >Ver Informe 2021<\/a><\/div><style type=\"text\/css\" >#b_4a5jmko1y6ykcn496er5 a{color:#545e5d; background:; border-style:solid; border-color:#545e5d; margin-top:40px; margin-bottom:20px;  margin-left:0px; margin-right:0px; font-weight:900; border-radius:5px;}#b_4a5jmko1y6ykcn496er5 a:hover{color:#ffffff ; background:#dd3333 ; border-color:#dd3333;}<\/style><div class=\"ta_center tf_btn_pos\" id=\"b_4a5jmko1y6ykcn496er5\" ><a class=\"rd_stroke_bt mediumlarge_rd_bt border_2px  \" href=\"https:\/\/amica.es\/es\/wp-content\/uploads\/2023\/02\/2020-Informe-Valor-Social-AMICA.pdf\" target=\"yes\"   >Ver Informe 2020<\/a><\/div><style type=\"text\/css\" >#b_zaa0frz17lu682tid2n6 a{color:#545e5d; background:; border-style:solid; border-color:#545e5d; margin-top:40px; margin-bottom:20px;  margin-left:0px; margin-right:0px; font-weight:900; border-radius:5px;}#b_zaa0frz17lu682tid2n6 a:hover{color:#ffffff ; background:#dd3333 ; border-color:#dd3333;}<\/style><div class=\"ta_center tf_btn_pos\" id=\"b_zaa0frz17lu682tid2n6\" ><a class=\"rd_stroke_bt mediumlarge_rd_bt border_2px  \" href=\"https:\/\/amica.es\/es\/wp-content\/uploads\/2023\/02\/2019-Informe-Valor-Social-AMICA.pdf\" target=\"yes\"   >Ver Informe 2019<\/a><\/div>[\/vc_column_inner][\/vc_row_inner][\/vc_column][\/vc_row][vc_row type=&#8221;full-width-section&#8221; css=&#8221;.vc_custom_1508262759046{margin-bottom: 0px !important;padding-top: 70px !important;padding-bottom: 70px !important;background-color: #f4f4f4 !important;}&#8221;][vc_column][vc_column_text font_size=&#8221;20&#8243; line_height=&#8221;30&#8243;]\n<p style=\"text-align: center;\">Tanto las cuentas, como el propio informe, son documentos que est\u00e1n a disposici\u00f3n de las personas interesadas.<\/p>\n[\/vc_column_text][\/vc_column][\/vc_row][vc_row type=&#8221;full-width-section&#8221; css=&#8221;.vc_custom_1495549954106{margin-top: 0px !important;margin-bottom: 0px !important;padding-top: 70px !important;padding-bottom: 70px !important;background-color: #f4f4f4 !important;}&#8221;][vc_column width=&#8221;1\/2&#8243;][vc_custom_heading text=&#8221;Habla con nosotros&#8221; font_container=&#8221;tag:h2|font_size:36px|text_align:center|color:%23333333|line_height:40px&#8221; google_fonts=&#8221;font_family:Open%20Sans%3A300%2C300italic%2Cregular%2Citalic%2C600%2C600italic%2C700%2C700italic%2C800%2C800italic|font_style:300%20light%20regular%3A300%3Anormal&#8221; css=&#8221;.vc_custom_1495549379919{margin-bottom: 23px !important;}&#8221;]<style type=\"text\/css\" >#l_5lq5k5x0pydxl7kn8ha0{width:100px;}#l_5lq5k5x0pydxl7kn8ha0.sc_line ,#l_5lq5k5x0pydxl7kn8ha0 .sc_line { height:1px; background: #e62e31; background: -moz-linear-gradient(90deg, #e62e31 0%, #525c5e 100%); background: -webkit-gradient(linear, left top, right bottom, color-stop(0%,#e62e31), color-stop(100%,#525c5e)); background: -webkit-linear-gradient(90deg, #e62e31 0%,#525c5e 100%); background: -o-linear-gradient(90deg, #e62e31 0%,#525c5e 100%); background: -ms-linear-gradient(90deg, #e62e31 0%,#525c5e 100%); background: linear-gradient(90deg, #e62e31 0%,#525c5e 100%);}#l_5lq5k5x0pydxl7kn8ha0.sc_line ,#l_5lq5k5x0pydxl7kn8ha0 .sc_line{margin-left:auto!important; margin-right:auto!important;}#l_5lq5k5x0pydxl7kn8ha0 {margin:0px 0 19px 0; padding:0;}<\/style><div class=\"clearfix\"><\/div><div id=\"l_5lq5k5x0pydxl7kn8ha0\"  class=\"sc_line rd_line_normal\" ><\/div>[vc_column_text font_size=&#8221;20&#8243; line_height=&#8221;30&#8243;]\n<p style=\"text-align: center;\">Puedes contactar directamente a trav\u00e9s del formulario de esta p\u00e1gina, o tambi\u00e9n a trav\u00e9s de los siguientes medios:<\/p>\n<p style=\"text-align: center;\">Barrio Sierrapando, 508<br \/>\nTorrelavega, 39300 Cantabria &#8211; Espa\u00f1a<\/p>\n<p style=\"text-align: center;\"><strong>Tel\u00e9fono:<\/strong><br \/>\n942895209<\/p>\n<p style=\"text-align: center;\"><strong>Correo electr\u00f3nico:<\/strong><br \/>\n<a href=\"mailto:correo@amica.es\">correo@amica.es<\/a><\/p>\n[\/vc_column_text][\/vc_column][vc_column width=&#8221;1\/2&#8243;]<style type=\"text\/css\" >#rd_7cgzd4o1sl6ddy51ywli .wpcf7 input[type=submit]{font-size:15px; font-weight:900; border-radius:2px; padding:11px 15px; letter-spacing: 0.5px; margin-top:3px;}#rd_7cgzd4o1sl6ddy51ywli .wpcf7 input[type=submit]:hover {background:#e62e31; color:#ffffff !important;}#rd_7cgzd4o1sl6ddy51ywli .wpcf7 input:not([type=submit]):not([type=checkbox]),#rd_7cgzd4o1sl6ddy51ywli textarea,#rd_7cgzd4o1sl6ddy51ywli .wpcf7 select{border-radius:0px;}#rd_7cgzd4o1sl6ddy51ywli .wpcf7 input:not([type=submit]),#rd_7cgzd4o1sl6ddy51ywli textarea,#rd_7cgzd4o1sl6ddy51ywli .wpcf7 input[type=submit],#rd_7cgzd4o1sl6ddy51ywli .wpcf7 select{margin-top:3px;}#rd_7cgzd4o1sl6ddy51ywli p{margin-bottom:23px;}#rd_7cgzd4o1sl6ddy51ywli .wpcf7 input:not([type=submit]):not([type=checkbox]),#rd_7cgzd4o1sl6ddy51ywli .wpcf7  textarea,#rd_7cgzd4o1sl6ddy51ywli .wpcf7 select{border:1px solid #ecf0f1; background:#ffffff;}#rd_7cgzd4o1sl6ddy51ywli .wpcf7 input[type=submit]{background:; color: !important;}<\/style><div id=\"rd_7cgzd4o1sl6ddy51ywli\" class=\"\">\n<div class=\"wpcf7 no-js\" id=\"wpcf7-f301-o1\" lang=\"es-ES\" dir=\"ltr\" data-wpcf7-id=\"301\">\n<div class=\"screen-reader-response\"><p role=\"status\" aria-live=\"polite\" aria-atomic=\"true\"><\/p> <ul><\/ul><\/div>\n<form action=\"\/es\/wp-json\/wp\/v2\/pages\/13331#wpcf7-f301-o1\" method=\"post\" class=\"wpcf7-form init\" aria-label=\"Formulario de contacto\" novalidate=\"novalidate\" data-status=\"init\">\n<fieldset class=\"hidden-fields-container\"><input type=\"hidden\" name=\"_wpcf7\" value=\"301\" \/><input type=\"hidden\" name=\"_wpcf7_version\" value=\"6.1.5\" \/><input type=\"hidden\" name=\"_wpcf7_locale\" value=\"es_ES\" \/><input type=\"hidden\" name=\"_wpcf7_unit_tag\" value=\"wpcf7-f301-o1\" \/><input type=\"hidden\" name=\"_wpcf7_container_post\" value=\"0\" \/><input type=\"hidden\" name=\"_wpcf7_posted_data_hash\" value=\"\" \/><input type=\"hidden\" name=\"_wpcf7_recaptcha_response\" value=\"\" \/>\n<\/fieldset>\n<p><label> Nombre (requerido)<br \/>\n<span class=\"wpcf7-form-control-wrap\" data-name=\"your-name\"><input size=\"40\" maxlength=\"400\" class=\"wpcf7-form-control wpcf7-text wpcf7-validates-as-required borderradius50\" aria-required=\"true\" aria-invalid=\"false\" value=\"\" type=\"text\" name=\"your-name\" \/><\/span> <\/label>\n<\/p>\n<p><label> Tu correo electr\u00f3nico (requerido)<br \/>\n<span class=\"wpcf7-form-control-wrap\" data-name=\"your-email\"><input size=\"40\" maxlength=\"400\" class=\"wpcf7-form-control wpcf7-email wpcf7-validates-as-required wpcf7-text wpcf7-validates-as-email borderradius50\" aria-required=\"true\" aria-invalid=\"false\" value=\"\" type=\"email\" name=\"your-email\" \/><\/span> <\/label>\n<\/p>\n<p><label> Mensaje<br \/>\n<span class=\"wpcf7-form-control-wrap\" data-name=\"your-message\"><textarea cols=\"40\" rows=\"10\" maxlength=\"2000\" class=\"wpcf7-form-control wpcf7-textarea borderradius50\" aria-invalid=\"false\" name=\"your-message\"><\/textarea><\/span> <\/label>\n<\/p>\n<p><span class=\"wpcf7-form-control-wrap\" data-name=\"acceptance-23\"><span class=\"wpcf7-form-control wpcf7-acceptance\"><span class=\"wpcf7-list-item\"><label><input type=\"checkbox\" name=\"acceptance-23\" value=\"1\" aria-invalid=\"false\" \/><span class=\"wpcf7-list-item-label\">He le\u00eddo y acepto la <a href=\"http:\/\/amica.es\/es\/aviso-legal\/\" target=\"_blank\">pol\u00edtica de privacidad<\/a>.<\/span><\/label><\/span><\/span><\/span>\n<\/p>\n\n<p><input class=\"wpcf7-form-control wpcf7-submit has-spinner\" type=\"submit\" value=\"Enviar\" \/>\n<\/p><div class=\"wpcf7-response-output\" aria-hidden=\"true\"><\/div>\n<\/form>\n<\/div>\n<\/div>[\/vc_column][\/vc_row][vc_row type=&#8221;full-width-section&#8221; css=&#8221;.vc_custom_1495557229945{margin-bottom: 0px !important;padding-top: 20px !important;padding-bottom: 10px !important;}&#8221;][vc_column width=&#8221;1\/2&#8243;][vc_single_image image=&#8221;13229&#8243; img_size=&#8221;full&#8221;][\/vc_column][vc_column width=&#8221;1\/2&#8243;][vc_single_image image=&#8221;314&#8243; img_size=&#8221;full&#8221;][\/vc_column][\/vc_row]\n<\/div>","protected":false},"excerpt":{"rendered":"<p>[vc_row css=&#8221;.vc_custom_1508262785818{padding-bottom: 10px !important;}&#8221;][vc_column][vc_custom_heading text=&#8221;Informe de Monetizaci\u00f3n Valor Social&#8221; font_container=&#8221;tag:h2|font_size:36px|text_align:center|color:%23333333|line_height:40px&#8221; google_fonts=&#8221;font_family:Open%20Sans%3A300%2C300italic%2Cregular%2Citalic%2C600%2C600italic%2C700%2C700italic%2C800%2C800italic|font_style:300%20light%20regular%3A300%3Anormal&#8221; css=&#8221;.vc_custom_1644506583144{margin-bottom: 23px !important;}&#8221;][vc_row_inner][vc_column_inner width=&#8221;1\/2&#8243;][vc_column_text css=&#8221;&#8221; font_size=&#8221;20&#8243; line_height=&#8221;30&#8243;]Amica desarrolla una actividad productiva en el mercado, estableciendo relaciones clientes-proveedor a fin de cumplir su fin social. Como toda organizaci\u00f3n, utiliza la contabilidad financiera como instrumento para comunicar y comprender la gesti\u00f3n econ\u00f3mico-financiera de su actividad, tanto<br \/><a href=\"https:\/\/amica.es\/es\/informe-monetizacion-valor-social\/\" class=\"more\">Read more<\/a><\/p>\n","protected":false},"author":6,"featured_media":0,"parent":0,"menu_order":0,"comment_status":"closed","ping_status":"closed","template":"","meta":{"_monsterinsights_skip_tracking":false,"_monsterinsights_sitenote_active":false,"_monsterinsights_sitenote_note":"","_monsterinsights_sitenote_category":0,"_joinchat":[],"footnotes":""},"class_list":["post-13331","page","type-page","status-publish","hentry"],"yoast_head":"<!-- This site is optimized with the Yoast SEO plugin v25.6 - https:\/\/yoast.com\/wordpress\/plugins\/seo\/ -->\n<title>Informe Monetizaci\u00f3n Valor Social - Amica - Descubriendo Capacidades<\/title>\n<meta name=\"robots\" content=\"index, follow, max-snippet:-1, max-image-preview:large, max-video-preview:-1\" \/>\n<link rel=\"canonical\" href=\"https:\/\/amica.es\/es\/informe-monetizacion-valor-social\/\" \/>\n<meta property=\"og:locale\" content=\"es_ES\" \/>\n<meta property=\"og:type\" content=\"article\" \/>\n<meta property=\"og:title\" content=\"Informe Monetizaci\u00f3n Valor Social - Amica - Descubriendo Capacidades\" \/>\n<meta property=\"og:description\" content=\"[vc_row css=&#8221;.vc_custom_1508262785818{padding-bottom: 10px !important;}&#8221;][vc_column][vc_custom_heading text=&#8221;Informe de Monetizaci\u00f3n Valor Social&#8221; font_container=&#8221;tag:h2|font_size:36px|text_align:center|color:%23333333|line_height:40px&#8221; google_fonts=&#8221;font_family:Open%20Sans%3A300%2C300italic%2Cregular%2Citalic%2C600%2C600italic%2C700%2C700italic%2C800%2C800italic|font_style:300%20light%20regular%3A300%3Anormal&#8221; css=&#8221;.vc_custom_1644506583144{margin-bottom: 23px !important;}&#8221;][vc_row_inner][vc_column_inner width=&#8221;1\/2&#8243;][vc_column_text css=&#8221;&#8221; font_size=&#8221;20&#8243; line_height=&#8221;30&#8243;]Amica desarrolla una actividad productiva en el mercado, estableciendo relaciones clientes-proveedor a fin de cumplir su fin social. Como toda organizaci\u00f3n, utiliza la contabilidad financiera como instrumento para comunicar y comprender la gesti\u00f3n econ\u00f3mico-financiera de su actividad, tantoRead more\" \/>\n<meta property=\"og:url\" content=\"https:\/\/amica.es\/es\/informe-monetizacion-valor-social\/\" \/>\n<meta property=\"og:site_name\" content=\"Amica - Descubriendo Capacidades\" \/>\n<meta property=\"article:publisher\" content=\"https:\/\/www.facebook.com\/amicaasociacion\" \/>\n<meta property=\"article:modified_time\" content=\"2025-07-11T09:43:31+00:00\" \/>\n<meta name=\"twitter:card\" content=\"summary_large_image\" \/>\n<meta name=\"twitter:site\" content=\"@asociacionamica\" \/>\n<meta name=\"twitter:label1\" content=\"Tiempo de lectura\" \/>\n\t<meta name=\"twitter:data1\" content=\"3 minutos\" \/>\n<script type=\"application\/ld+json\" class=\"yoast-schema-graph\">{\"@context\":\"https:\/\/schema.org\",\"@graph\":[{\"@type\":\"WebPage\",\"@id\":\"https:\/\/amica.es\/es\/informe-monetizacion-valor-social\/\",\"url\":\"https:\/\/amica.es\/es\/informe-monetizacion-valor-social\/\",\"name\":\"Informe Monetizaci\u00f3n Valor Social - Amica - Descubriendo Capacidades\",\"isPartOf\":{\"@id\":\"https:\/\/amica.es\/es\/#website\"},\"datePublished\":\"2022-02-10T15:16:15+00:00\",\"dateModified\":\"2025-07-11T09:43:31+00:00\",\"breadcrumb\":{\"@id\":\"https:\/\/amica.es\/es\/informe-monetizacion-valor-social\/#breadcrumb\"},\"inLanguage\":\"es\",\"potentialAction\":[{\"@type\":\"ReadAction\",\"target\":[\"https:\/\/amica.es\/es\/informe-monetizacion-valor-social\/\"]}]},{\"@type\":\"BreadcrumbList\",\"@id\":\"https:\/\/amica.es\/es\/informe-monetizacion-valor-social\/#breadcrumb\",\"itemListElement\":[{\"@type\":\"ListItem\",\"position\":1,\"name\":\"Portada\",\"item\":\"https:\/\/amica.es\/es\/\"},{\"@type\":\"ListItem\",\"position\":2,\"name\":\"Informe Monetizaci\u00f3n Valor Social\"}]},{\"@type\":\"WebSite\",\"@id\":\"https:\/\/amica.es\/es\/#website\",\"url\":\"https:\/\/amica.es\/es\/\",\"name\":\"Amica - Descubriendo Capacidades\",\"description\":\"Apoyando a personas con discapacidad desde 1984\",\"publisher\":{\"@id\":\"https:\/\/amica.es\/es\/#organization\"},\"potentialAction\":[{\"@type\":\"SearchAction\",\"target\":{\"@type\":\"EntryPoint\",\"urlTemplate\":\"https:\/\/amica.es\/es\/?s={search_term_string}\"},\"query-input\":{\"@type\":\"PropertyValueSpecification\",\"valueRequired\":true,\"valueName\":\"search_term_string\"}}],\"inLanguage\":\"es\"},{\"@type\":\"Organization\",\"@id\":\"https:\/\/amica.es\/es\/#organization\",\"name\":\"Asociaci\u00f3n Amica\",\"url\":\"https:\/\/amica.es\/es\/\",\"logo\":{\"@type\":\"ImageObject\",\"inLanguage\":\"es\",\"@id\":\"https:\/\/amica.es\/es\/#\/schema\/logo\/image\/\",\"url\":\"https:\/\/amica.es\/es\/wp-content\/uploads\/2024\/07\/Amica-Logo.png\",\"contentUrl\":\"https:\/\/amica.es\/es\/wp-content\/uploads\/2024\/07\/Amica-Logo.png\",\"width\":1653,\"height\":577,\"caption\":\"Asociaci\u00f3n Amica\"},\"image\":{\"@id\":\"https:\/\/amica.es\/es\/#\/schema\/logo\/image\/\"},\"sameAs\":[\"https:\/\/www.facebook.com\/amicaasociacion\",\"https:\/\/x.com\/asociacionamica\",\"https:\/\/www.youtube.com\/c\/asociacionamicacantabria\",\"https:\/\/es.linkedin.com\/company\/asociacionamica?trk=similar-companies_org_title\",\"https:\/\/www.instagram.com\/asociacionamica\/\"]}]}<\/script>\n<!-- \/ Yoast SEO plugin. -->","yoast_head_json":{"title":"Informe Monetizaci\u00f3n Valor Social - Amica - Descubriendo Capacidades","robots":{"index":"index","follow":"follow","max-snippet":"max-snippet:-1","max-image-preview":"max-image-preview:large","max-video-preview":"max-video-preview:-1"},"canonical":"https:\/\/amica.es\/es\/informe-monetizacion-valor-social\/","og_locale":"es_ES","og_type":"article","og_title":"Informe Monetizaci\u00f3n Valor Social - Amica - Descubriendo Capacidades","og_description":"[vc_row css=&#8221;.vc_custom_1508262785818{padding-bottom: 10px !important;}&#8221;][vc_column][vc_custom_heading text=&#8221;Informe de Monetizaci\u00f3n Valor Social&#8221; font_container=&#8221;tag:h2|font_size:36px|text_align:center|color:%23333333|line_height:40px&#8221; google_fonts=&#8221;font_family:Open%20Sans%3A300%2C300italic%2Cregular%2Citalic%2C600%2C600italic%2C700%2C700italic%2C800%2C800italic|font_style:300%20light%20regular%3A300%3Anormal&#8221; css=&#8221;.vc_custom_1644506583144{margin-bottom: 23px !important;}&#8221;][vc_row_inner][vc_column_inner width=&#8221;1\/2&#8243;][vc_column_text css=&#8221;&#8221; font_size=&#8221;20&#8243; line_height=&#8221;30&#8243;]Amica desarrolla una actividad productiva en el mercado, estableciendo relaciones clientes-proveedor a fin de cumplir su fin social. Como toda organizaci\u00f3n, utiliza la contabilidad financiera como instrumento para comunicar y comprender la gesti\u00f3n econ\u00f3mico-financiera de su actividad, tantoRead more","og_url":"https:\/\/amica.es\/es\/informe-monetizacion-valor-social\/","og_site_name":"Amica - Descubriendo Capacidades","article_publisher":"https:\/\/www.facebook.com\/amicaasociacion","article_modified_time":"2025-07-11T09:43:31+00:00","twitter_card":"summary_large_image","twitter_site":"@asociacionamica","twitter_misc":{"Tiempo de lectura":"3 minutos"},"schema":{"@context":"https:\/\/schema.org","@graph":[{"@type":"WebPage","@id":"https:\/\/amica.es\/es\/informe-monetizacion-valor-social\/","url":"https:\/\/amica.es\/es\/informe-monetizacion-valor-social\/","name":"Informe Monetizaci\u00f3n Valor Social - Amica - Descubriendo Capacidades","isPartOf":{"@id":"https:\/\/amica.es\/es\/#website"},"datePublished":"2022-02-10T15:16:15+00:00","dateModified":"2025-07-11T09:43:31+00:00","breadcrumb":{"@id":"https:\/\/amica.es\/es\/informe-monetizacion-valor-social\/#breadcrumb"},"inLanguage":"es","potentialAction":[{"@type":"ReadAction","target":["https:\/\/amica.es\/es\/informe-monetizacion-valor-social\/"]}]},{"@type":"BreadcrumbList","@id":"https:\/\/amica.es\/es\/informe-monetizacion-valor-social\/#breadcrumb","itemListElement":[{"@type":"ListItem","position":1,"name":"Portada","item":"https:\/\/amica.es\/es\/"},{"@type":"ListItem","position":2,"name":"Informe Monetizaci\u00f3n Valor Social"}]},{"@type":"WebSite","@id":"https:\/\/amica.es\/es\/#website","url":"https:\/\/amica.es\/es\/","name":"Amica - Descubriendo Capacidades","description":"Apoyando a personas con discapacidad desde 1984","publisher":{"@id":"https:\/\/amica.es\/es\/#organization"},"potentialAction":[{"@type":"SearchAction","target":{"@type":"EntryPoint","urlTemplate":"https:\/\/amica.es\/es\/?s={search_term_string}"},"query-input":{"@type":"PropertyValueSpecification","valueRequired":true,"valueName":"search_term_string"}}],"inLanguage":"es"},{"@type":"Organization","@id":"https:\/\/amica.es\/es\/#organization","name":"Asociaci\u00f3n Amica","url":"https:\/\/amica.es\/es\/","logo":{"@type":"ImageObject","inLanguage":"es","@id":"https:\/\/amica.es\/es\/#\/schema\/logo\/image\/","url":"https:\/\/amica.es\/es\/wp-content\/uploads\/2024\/07\/Amica-Logo.png","contentUrl":"https:\/\/amica.es\/es\/wp-content\/uploads\/2024\/07\/Amica-Logo.png","width":1653,"height":577,"caption":"Asociaci\u00f3n Amica"},"image":{"@id":"https:\/\/amica.es\/es\/#\/schema\/logo\/image\/"},"sameAs":["https:\/\/www.facebook.com\/amicaasociacion","https:\/\/x.com\/asociacionamica","https:\/\/www.youtube.com\/c\/asociacionamicacantabria","https:\/\/es.linkedin.com\/company\/asociacionamica?trk=similar-companies_org_title","https:\/\/www.instagram.com\/asociacionamica\/"]}]}},"_links":{"self":[{"href":"https:\/\/amica.es\/es\/wp-json\/wp\/v2\/pages\/13331","targetHints":{"allow":["GET"]}}],"collection":[{"href":"https:\/\/amica.es\/es\/wp-json\/wp\/v2\/pages"}],"about":[{"href":"https:\/\/amica.es\/es\/wp-json\/wp\/v2\/types\/page"}],"author":[{"embeddable":true,"href":"https:\/\/amica.es\/es\/wp-json\/wp\/v2\/users\/6"}],"replies":[{"embeddable":true,"href":"https:\/\/amica.es\/es\/wp-json\/wp\/v2\/comments?post=13331"}],"version-history":[{"count":20,"href":"https:\/\/amica.es\/es\/wp-json\/wp\/v2\/pages\/13331\/revisions"}],"predecessor-version":[{"id":20516,"href":"https:\/\/amica.es\/es\/wp-json\/wp\/v2\/pages\/13331\/revisions\/20516"}],"wp:attachment":[{"href":"https:\/\/amica.es\/es\/wp-json\/wp\/v2\/media?parent=13331"}],"curies":[{"name":"wp","href":"https:\/\/api.w.org\/{rel}","templated":true}]}}