{"id":13492,"date":"2022-03-01T18:15:02","date_gmt":"2022-03-01T16:15:02","guid":{"rendered":"https:\/\/amica.es\/es\/?page_id=13492"},"modified":"2022-03-01T18:15:17","modified_gmt":"2022-03-01T16:15:17","slug":"aviso-legal","status":"publish","type":"page","link":"https:\/\/amica.es\/es\/aviso-legal\/","title":{"rendered":"Aviso legal"},"content":{"rendered":"<div class=\"wpb-content-wrapper\">[vc_row css=&#8221;.vc_custom_1495464401612{padding-bottom: 50px !important;}&#8221;][vc_column][vc_custom_heading text=&#8221;Aviso legal&#8221; font_container=&#8221;tag:h2|font_size:36px|text_align:center|color:%23333333|line_height:40px&#8221; google_fonts=&#8221;font_family:Open%20Sans%3A300%2C300italic%2Cregular%2Citalic%2C600%2C600italic%2C700%2C700italic%2C800%2C800italic|font_style:300%20light%20regular%3A300%3Anormal&#8221; css=&#8221;.vc_custom_1644603707594{margin-bottom: 23px !important;}&#8221;]<style type=\"text\/css\" >#l_39r41f9reu6bzjocdpw7{width:100px;}#l_39r41f9reu6bzjocdpw7.sc_line ,#l_39r41f9reu6bzjocdpw7 .sc_line { height:1px; background: #e62e31; background: -moz-linear-gradient(90deg, #e62e31 0%, #525c5e 100%); background: -webkit-gradient(linear, left top, right bottom, color-stop(0%,#e62e31), color-stop(100%,#525c5e)); background: -webkit-linear-gradient(90deg, #e62e31 0%,#525c5e 100%); background: -o-linear-gradient(90deg, #e62e31 0%,#525c5e 100%); background: -ms-linear-gradient(90deg, #e62e31 0%,#525c5e 100%); background: linear-gradient(90deg, #e62e31 0%,#525c5e 100%);}#l_39r41f9reu6bzjocdpw7.sc_line ,#l_39r41f9reu6bzjocdpw7 .sc_line{margin-left:auto!important; margin-right:auto!important;}#l_39r41f9reu6bzjocdpw7 {margin:0px 0 23px 0; padding:0;}<\/style><div class=\"clearfix\"><\/div><div id=\"l_39r41f9reu6bzjocdpw7\"  class=\"sc_line rd_line_normal\" ><\/div>[vc_row_inner][vc_column_inner][vc_column_text font_size=&#8221;20&#8243; line_height=&#8221;30&#8243;]<strong>1.-D<\/strong><strong>atos del responsable<\/strong><strong>\u00a0<\/strong><\/p>\n<p>En cumplimiento del art\u00edculo 10 de la Ley 34\/2002, de 11 de\u00a0 julio, de Servicios de la Sociedad de la Informaci\u00f3n y Comercio Electr\u00f3nico, a continuaci\u00f3n se exponen los datos identificativos del responsable.<\/p>\n<p>Denominaci\u00f3n social: <strong>AMICA<\/strong><\/p>\n<p>C.I.F.\/N.I.F.: <strong>G39041710<\/strong><\/p>\n<p>Domicilio Social: <strong>Barrio Sierrapando 508<\/strong><em>, <\/em><strong>39300<\/strong> <strong>Torrelavega ( Cantabria)<\/strong><\/p>\n<p>Tel\u00e9fono: <strong>942895209<\/strong><\/p>\n<p>Correo electr\u00f3nico: <strong>correo@amica.es<\/strong>[\/vc_column_text][\/vc_column_inner][\/vc_row_inner][vc_row_inner][vc_column_inner][vc_column_text font_size=&#8221;20&#8243; line_height=&#8221;30&#8243;]<strong>2. Propiedad intelectual<\/strong><\/p>\n<p>El c\u00f3digo fuente, los dise\u00f1os gr\u00e1ficos, las im\u00e1genes, las fotograf\u00edas, los sonidos, las animaciones, el software, los textos, as\u00ed como la informaci\u00f3n y los contenidos que se recogen en el presente sitio web est\u00e1n protegidos por la legislaci\u00f3n espa\u00f1ola sobre los derechos de propiedad intelectual e industrial a favor de <strong>AMICA<\/strong> \u00a0y no se permite la reproducci\u00f3n y\/o publicaci\u00f3n, total o parcial, del sitio web, ni su tratamiento inform\u00e1tico, su distribuci\u00f3n, su difusi\u00f3n, ni su modificaci\u00f3n, transformaci\u00f3n o descompilaci\u00f3n, ni dem\u00e1s derechos reconocidos legalmente a su titular, sin el permiso previo y por escrito del mismo <strong>AMICA<\/strong><em>.<\/em><\/p>\n<p>El usuario, \u00fanica y exclusivamente, puede utilizar el material que aparezca en este sitio web para su uso personal y privado, quedando prohibido su uso con fines comerciales o para incurrir en actividades il\u00edcitas. Todos los derechos derivados de la propiedad intelectual est\u00e1n expresamente reservados por <strong>AMICA<\/strong><em>.<\/em><\/p>\n<p><strong>AMICA<\/strong> velar\u00e1 por el cumplimiento de las anteriores condiciones como por la debida utilizaci\u00f3n de los contenidos presentados en sus p\u00e1ginas web, ejercit\u00e1ndose todas las acciones civiles y penales que le correspondan en el caso de infracci\u00f3n o incumplimiento de estos derechos por parte del usuario.<\/p>\n<p><strong>3. Protecci\u00f3n de datos de car\u00e1cter personal<\/strong><\/p>\n<p>Encontrar\u00e1 informaci\u00f3n detallada sobre el tratamiento de sus datos personales en el apartado \u201cdeclaraci\u00f3n de privacidad\u00b7 en esta misma web<\/p>\n<p><strong>4.- Varios<\/strong><\/p>\n<p><strong>A.<\/strong>&#8211; <strong>AMICA<\/strong> podr\u00e1 modificar, sin previo aviso, la informaci\u00f3n contenida en su sitio web, as\u00ed como su configuraci\u00f3n y presentaci\u00f3n.<\/p>\n<p><strong>B.<\/strong>&#8211; <strong>AMICA<\/strong> se compromete a trav\u00e9s de este medio a NO REALIZAR PUBLICIDAD ENGA\u00d1OSA. A estos efectos, por lo tanto, no ser\u00e1n considerados como publicidad enga\u00f1osa los errores formales o num\u00e9ricos que puedan encontrarse a lo largo del contenido de las distintas secciones de la web de <strong>AMICA<\/strong> producidos como consecuencia de un mantenimiento y\/o actualizaci\u00f3n incompleta o defectuosa de la informaci\u00f3n contenida en estas secciones. <strong>AMICA<\/strong> como consecuencia de lo dispuesto en este apartado, se compromete a corregirlo tan pronto como tenga conocimiento de dichos errores.<\/p>\n<p><strong>C<\/strong>.- <strong>AMICA<\/strong> se compromete a NO REMITIR COMUNICACIONES COMERCIALES SIN IDENTIFICARLAS COMO TALES, conforme a lo dispuesto en la Ley 34\/2002 de Servicios de la Sociedad de la Informaci\u00f3n y de comercio electr\u00f3nico. A estos efectos no ser\u00e1 considerado como comunicaci\u00f3n comercial toda la informaci\u00f3n que se env\u00ede a las personas interesadas siempre que tenga por finalidad el mantenimiento de la relaci\u00f3n existente, as\u00ed como el desempe\u00f1o de las tareas de informaci\u00f3n y otras actividades propias de la entidad.<\/p>\n<p><strong>D.<\/strong>&#8211; <strong><em>AMICA<\/em><\/strong> no se hace responsable del incumplimiento de cualquier norma aplicable en que pueda incurrir el usuario en su acceso este sitio web y\/o en el uso de las informaciones contenidas en el mismo.<\/p>\n<p><strong>E.<\/strong>&#8211; <strong>AMICA<\/strong> no ser\u00e1 responsable de los da\u00f1os y perjuicios producidos o que puedan producirse, cualquiera que sea su naturaleza, que se deriven del uso de la informaci\u00f3n, de las materias contenidas en este web site y de los programas que incorpora. Los enlaces (links) e hipertexto que posibiliten, a trav\u00e9s del sitio web, acceder al usuario a prestaciones y servicios ofrecidos por terceros, no pertenecen ni se encuentran bajo el control de <strong>AMICA<\/strong>; dicha entidad no se hace responsable ni de la informaci\u00f3n contenida en los mismos, ni de cualesquiera efectos que pudieran derivarse de dicha informaci\u00f3n.<\/p>\n<p><strong>\u00a0<\/strong><strong>F.<\/strong>&#8211; <strong>AMICA <\/strong>no se hace responsable del uso ileg\u00edtimo que terceras personas puedan hacer de los nombres de marca, nombres de producto, marcas comerciales que, no siendo propiedad de dicha entidad, aparezcan en el presente sitio web. Tampoco se responsabiliza de la integridad, veracidad y licitud del contenido de los enlaces a las webs a las que pueda accederse desde el presente sitio web.<\/p>\n<p><strong>G.<\/strong>&#8211; En definitiva, el Usuario es el \u00fanico responsable del uso que realice de los servicios, contenidos, enlaces (links) e hipertexto incluidos en el sitio web el presente sitio web.[\/vc_column_text][\/vc_column_inner][\/vc_row_inner][\/vc_column][\/vc_row][vc_row type=&#8221;full-width-section&#8221; css=&#8221;.vc_custom_1495549954106{margin-top: 0px !important;margin-bottom: 0px !important;padding-top: 70px !important;padding-bottom: 70px !important;background-color: #f4f4f4 !important;}&#8221;][vc_column width=&#8221;1\/2&#8243;][vc_custom_heading text=&#8221;Habla con nosotros&#8221; font_container=&#8221;tag:h2|font_size:36px|text_align:center|color:%23333333|line_height:40px&#8221; google_fonts=&#8221;font_family:Open%20Sans%3A300%2C300italic%2Cregular%2Citalic%2C600%2C600italic%2C700%2C700italic%2C800%2C800italic|font_style:300%20light%20regular%3A300%3Anormal&#8221; css=&#8221;.vc_custom_1495549379919{margin-bottom: 23px !important;}&#8221;]<style type=\"text\/css\" >#l_vzk7obltb96lfbc5mt1a{width:100px;}#l_vzk7obltb96lfbc5mt1a.sc_line ,#l_vzk7obltb96lfbc5mt1a .sc_line { height:1px; background: #e62e31; background: -moz-linear-gradient(90deg, #e62e31 0%, #525c5e 100%); background: -webkit-gradient(linear, left top, right bottom, color-stop(0%,#e62e31), color-stop(100%,#525c5e)); background: -webkit-linear-gradient(90deg, #e62e31 0%,#525c5e 100%); background: -o-linear-gradient(90deg, #e62e31 0%,#525c5e 100%); background: -ms-linear-gradient(90deg, #e62e31 0%,#525c5e 100%); background: linear-gradient(90deg, #e62e31 0%,#525c5e 100%);}#l_vzk7obltb96lfbc5mt1a.sc_line ,#l_vzk7obltb96lfbc5mt1a .sc_line{margin-left:auto!important; margin-right:auto!important;}#l_vzk7obltb96lfbc5mt1a {margin:0px 0 19px 0; padding:0;}<\/style><div class=\"clearfix\"><\/div><div id=\"l_vzk7obltb96lfbc5mt1a\"  class=\"sc_line rd_line_normal\" ><\/div>[vc_column_text font_size=&#8221;20&#8243; line_height=&#8221;30&#8243;]\n<p style=\"text-align: center;\">Puedes contactar directamente a trav\u00e9s del formulario de esta p\u00e1gina, o tambi\u00e9n a trav\u00e9s de los siguientes medios:<\/p>\n<p style=\"text-align: center;\">Barrio Sierrapando, 508<br \/>\nTorrelavega, 39300 Cantabria &#8211; Espa\u00f1a<\/p>\n<p style=\"text-align: center;\"><strong>Tel\u00e9fono:<\/strong><br \/>\n942895209<\/p>\n<p style=\"text-align: center;\"><strong>Correo electr\u00f3nico:<\/strong><br \/>\n<a href=\"mailto:correo@amica.es\">correo@amica.es<\/a><\/p>\n[\/vc_column_text][\/vc_column][vc_column width=&#8221;1\/2&#8243;]<style type=\"text\/css\" >#rd_9r6adcc33jc264x4yr4o .wpcf7 input[type=submit]{font-size:15px; font-weight:900; border-radius:2px; padding:11px 15px; letter-spacing: 0.5px; margin-top:3px;}#rd_9r6adcc33jc264x4yr4o .wpcf7 input[type=submit]:hover {background:#e62e31; color:#ffffff !important;}#rd_9r6adcc33jc264x4yr4o .wpcf7 input:not([type=submit]):not([type=checkbox]),#rd_9r6adcc33jc264x4yr4o textarea,#rd_9r6adcc33jc264x4yr4o .wpcf7 select{border-radius:0px;}#rd_9r6adcc33jc264x4yr4o .wpcf7 input:not([type=submit]),#rd_9r6adcc33jc264x4yr4o textarea,#rd_9r6adcc33jc264x4yr4o .wpcf7 input[type=submit],#rd_9r6adcc33jc264x4yr4o .wpcf7 select{margin-top:3px;}#rd_9r6adcc33jc264x4yr4o p{margin-bottom:23px;}#rd_9r6adcc33jc264x4yr4o .wpcf7 input:not([type=submit]):not([type=checkbox]),#rd_9r6adcc33jc264x4yr4o .wpcf7  textarea,#rd_9r6adcc33jc264x4yr4o .wpcf7 select{border:1px solid #ecf0f1; background:#ffffff;}#rd_9r6adcc33jc264x4yr4o .wpcf7 input[type=submit]{background:; color: !important;}<\/style><div id=\"rd_9r6adcc33jc264x4yr4o\" class=\"\">\n<div class=\"wpcf7 no-js\" id=\"wpcf7-f301-o1\" lang=\"es-ES\" dir=\"ltr\" data-wpcf7-id=\"301\">\n<div class=\"screen-reader-response\"><p role=\"status\" aria-live=\"polite\" aria-atomic=\"true\"><\/p> <ul><\/ul><\/div>\n<form action=\"\/es\/wp-json\/wp\/v2\/pages\/13492#wpcf7-f301-o1\" method=\"post\" class=\"wpcf7-form init\" aria-label=\"Formulario de contacto\" novalidate=\"novalidate\" data-status=\"init\">\n<fieldset class=\"hidden-fields-container\"><input type=\"hidden\" name=\"_wpcf7\" value=\"301\" \/><input type=\"hidden\" name=\"_wpcf7_version\" value=\"6.1.5\" \/><input type=\"hidden\" name=\"_wpcf7_locale\" value=\"es_ES\" \/><input type=\"hidden\" name=\"_wpcf7_unit_tag\" value=\"wpcf7-f301-o1\" \/><input type=\"hidden\" name=\"_wpcf7_container_post\" value=\"0\" \/><input type=\"hidden\" name=\"_wpcf7_posted_data_hash\" value=\"\" \/><input type=\"hidden\" name=\"_wpcf7_recaptcha_response\" value=\"\" \/>\n<\/fieldset>\n<p><label> Nombre (requerido)<br \/>\n<span class=\"wpcf7-form-control-wrap\" data-name=\"your-name\"><input size=\"40\" maxlength=\"400\" class=\"wpcf7-form-control wpcf7-text wpcf7-validates-as-required borderradius50\" aria-required=\"true\" aria-invalid=\"false\" value=\"\" type=\"text\" name=\"your-name\" \/><\/span> <\/label>\n<\/p>\n<p><label> Tu correo electr\u00f3nico (requerido)<br \/>\n<span class=\"wpcf7-form-control-wrap\" data-name=\"your-email\"><input size=\"40\" maxlength=\"400\" class=\"wpcf7-form-control wpcf7-email wpcf7-validates-as-required wpcf7-text wpcf7-validates-as-email borderradius50\" aria-required=\"true\" aria-invalid=\"false\" value=\"\" type=\"email\" name=\"your-email\" \/><\/span> <\/label>\n<\/p>\n<p><label> Mensaje<br \/>\n<span class=\"wpcf7-form-control-wrap\" data-name=\"your-message\"><textarea cols=\"40\" rows=\"10\" maxlength=\"2000\" class=\"wpcf7-form-control wpcf7-textarea borderradius50\" aria-invalid=\"false\" name=\"your-message\"><\/textarea><\/span> <\/label>\n<\/p>\n<p><span class=\"wpcf7-form-control-wrap\" data-name=\"acceptance-23\"><span class=\"wpcf7-form-control wpcf7-acceptance\"><span class=\"wpcf7-list-item\"><label><input type=\"checkbox\" name=\"acceptance-23\" value=\"1\" aria-invalid=\"false\" \/><span class=\"wpcf7-list-item-label\">He le\u00eddo y acepto la <a href=\"http:\/\/amica.es\/es\/aviso-legal\/\" target=\"_blank\">pol\u00edtica de privacidad<\/a>.<\/span><\/label><\/span><\/span><\/span>\n<\/p>\n\n<p><input class=\"wpcf7-form-control wpcf7-submit has-spinner\" type=\"submit\" value=\"Enviar\" \/>\n<\/p><div class=\"wpcf7-response-output\" aria-hidden=\"true\"><\/div>\n<\/form>\n<\/div>\n<\/div>[\/vc_column][\/vc_row][vc_row type=&#8221;full-width-section&#8221; css=&#8221;.vc_custom_1495557229945{margin-bottom: 0px !important;padding-top: 20px !important;padding-bottom: 10px !important;}&#8221;][vc_column width=&#8221;1\/2&#8243;][vc_single_image image=&#8221;13229&#8243; img_size=&#8221;full&#8221;][\/vc_column][vc_column width=&#8221;1\/2&#8243;][vc_single_image image=&#8221;314&#8243; img_size=&#8221;full&#8221;][\/vc_column][\/vc_row]\n<\/div>","protected":false},"excerpt":{"rendered":"<p>[vc_row css=&#8221;.vc_custom_1495464401612{padding-bottom: 50px !important;}&#8221;][vc_column][vc_custom_heading text=&#8221;Aviso legal&#8221; font_container=&#8221;tag:h2|font_size:36px|text_align:center|color:%23333333|line_height:40px&#8221; google_fonts=&#8221;font_family:Open%20Sans%3A300%2C300italic%2Cregular%2Citalic%2C600%2C600italic%2C700%2C700italic%2C800%2C800italic|font_style:300%20light%20regular%3A300%3Anormal&#8221; css=&#8221;.vc_custom_1644603707594{margin-bottom: 23px !important;}&#8221;][vc_row_inner][vc_column_inner][vc_column_text font_size=&#8221;20&#8243; line_height=&#8221;30&#8243;]1.-Datos del responsable\u00a0 En cumplimiento del art\u00edculo 10 de la Ley 34\/2002, de 11 de\u00a0 julio, de Servicios de la Sociedad de la Informaci\u00f3n y Comercio Electr\u00f3nico, a continuaci\u00f3n se exponen los datos identificativos del responsable. Denominaci\u00f3n social: AMICA C.I.F.\/N.I.F.: G39041710 Domicilio Social:<br \/><a href=\"https:\/\/amica.es\/es\/aviso-legal\/\" class=\"more\">Read more<\/a><\/p>\n","protected":false},"author":1,"featured_media":0,"parent":0,"menu_order":0,"comment_status":"closed","ping_status":"closed","template":"","meta":{"_monsterinsights_skip_tracking":false,"_monsterinsights_sitenote_active":false,"_monsterinsights_sitenote_note":"","_monsterinsights_sitenote_category":0,"_joinchat":[],"footnotes":""},"class_list":["post-13492","page","type-page","status-publish","hentry"],"yoast_head":"<!-- This site is optimized with the Yoast SEO plugin v25.6 - https:\/\/yoast.com\/wordpress\/plugins\/seo\/ -->\n<title>Aviso legal - Amica - Descubriendo Capacidades<\/title>\n<meta name=\"robots\" content=\"index, follow, max-snippet:-1, max-image-preview:large, max-video-preview:-1\" \/>\n<link rel=\"canonical\" href=\"https:\/\/amica.es\/es\/aviso-legal\/\" \/>\n<meta property=\"og:locale\" content=\"es_ES\" \/>\n<meta property=\"og:type\" content=\"article\" \/>\n<meta property=\"og:title\" content=\"Aviso legal - Amica - Descubriendo Capacidades\" \/>\n<meta property=\"og:description\" content=\"[vc_row css=&#8221;.vc_custom_1495464401612{padding-bottom: 50px !important;}&#8221;][vc_column][vc_custom_heading text=&#8221;Aviso legal&#8221; font_container=&#8221;tag:h2|font_size:36px|text_align:center|color:%23333333|line_height:40px&#8221; google_fonts=&#8221;font_family:Open%20Sans%3A300%2C300italic%2Cregular%2Citalic%2C600%2C600italic%2C700%2C700italic%2C800%2C800italic|font_style:300%20light%20regular%3A300%3Anormal&#8221; css=&#8221;.vc_custom_1644603707594{margin-bottom: 23px !important;}&#8221;][vc_row_inner][vc_column_inner][vc_column_text font_size=&#8221;20&#8243; line_height=&#8221;30&#8243;]1.-Datos del responsable\u00a0 En cumplimiento del art\u00edculo 10 de la Ley 34\/2002, de 11 de\u00a0 julio, de Servicios de la Sociedad de la Informaci\u00f3n y Comercio Electr\u00f3nico, a continuaci\u00f3n se exponen los datos identificativos del responsable. Denominaci\u00f3n social: AMICA C.I.F.\/N.I.F.: G39041710 Domicilio Social:Read more\" \/>\n<meta property=\"og:url\" content=\"https:\/\/amica.es\/es\/aviso-legal\/\" \/>\n<meta property=\"og:site_name\" content=\"Amica - Descubriendo Capacidades\" \/>\n<meta property=\"article:publisher\" content=\"https:\/\/www.facebook.com\/amicaasociacion\" \/>\n<meta property=\"article:modified_time\" content=\"2022-03-01T16:15:17+00:00\" \/>\n<meta name=\"twitter:card\" content=\"summary_large_image\" \/>\n<meta name=\"twitter:site\" content=\"@asociacionamica\" \/>\n<meta name=\"twitter:label1\" content=\"Tiempo de lectura\" \/>\n\t<meta name=\"twitter:data1\" content=\"5 minutos\" \/>\n<script type=\"application\/ld+json\" class=\"yoast-schema-graph\">{\"@context\":\"https:\/\/schema.org\",\"@graph\":[{\"@type\":\"WebPage\",\"@id\":\"https:\/\/amica.es\/es\/aviso-legal\/\",\"url\":\"https:\/\/amica.es\/es\/aviso-legal\/\",\"name\":\"Aviso legal - Amica - Descubriendo Capacidades\",\"isPartOf\":{\"@id\":\"https:\/\/amica.es\/es\/#website\"},\"datePublished\":\"2022-03-01T16:15:02+00:00\",\"dateModified\":\"2022-03-01T16:15:17+00:00\",\"breadcrumb\":{\"@id\":\"https:\/\/amica.es\/es\/aviso-legal\/#breadcrumb\"},\"inLanguage\":\"es\",\"potentialAction\":[{\"@type\":\"ReadAction\",\"target\":[\"https:\/\/amica.es\/es\/aviso-legal\/\"]}]},{\"@type\":\"BreadcrumbList\",\"@id\":\"https:\/\/amica.es\/es\/aviso-legal\/#breadcrumb\",\"itemListElement\":[{\"@type\":\"ListItem\",\"position\":1,\"name\":\"Portada\",\"item\":\"https:\/\/amica.es\/es\/\"},{\"@type\":\"ListItem\",\"position\":2,\"name\":\"Aviso legal\"}]},{\"@type\":\"WebSite\",\"@id\":\"https:\/\/amica.es\/es\/#website\",\"url\":\"https:\/\/amica.es\/es\/\",\"name\":\"Amica - Descubriendo Capacidades\",\"description\":\"Apoyando a personas con discapacidad desde 1984\",\"publisher\":{\"@id\":\"https:\/\/amica.es\/es\/#organization\"},\"potentialAction\":[{\"@type\":\"SearchAction\",\"target\":{\"@type\":\"EntryPoint\",\"urlTemplate\":\"https:\/\/amica.es\/es\/?s={search_term_string}\"},\"query-input\":{\"@type\":\"PropertyValueSpecification\",\"valueRequired\":true,\"valueName\":\"search_term_string\"}}],\"inLanguage\":\"es\"},{\"@type\":\"Organization\",\"@id\":\"https:\/\/amica.es\/es\/#organization\",\"name\":\"Asociaci\u00f3n Amica\",\"url\":\"https:\/\/amica.es\/es\/\",\"logo\":{\"@type\":\"ImageObject\",\"inLanguage\":\"es\",\"@id\":\"https:\/\/amica.es\/es\/#\/schema\/logo\/image\/\",\"url\":\"https:\/\/amica.es\/es\/wp-content\/uploads\/2024\/07\/Amica-Logo.png\",\"contentUrl\":\"https:\/\/amica.es\/es\/wp-content\/uploads\/2024\/07\/Amica-Logo.png\",\"width\":1653,\"height\":577,\"caption\":\"Asociaci\u00f3n Amica\"},\"image\":{\"@id\":\"https:\/\/amica.es\/es\/#\/schema\/logo\/image\/\"},\"sameAs\":[\"https:\/\/www.facebook.com\/amicaasociacion\",\"https:\/\/x.com\/asociacionamica\",\"https:\/\/www.youtube.com\/c\/asociacionamicacantabria\",\"https:\/\/es.linkedin.com\/company\/asociacionamica?trk=similar-companies_org_title\",\"https:\/\/www.instagram.com\/asociacionamica\/\"]}]}<\/script>\n<!-- \/ Yoast SEO plugin. -->","yoast_head_json":{"title":"Aviso legal - Amica - Descubriendo Capacidades","robots":{"index":"index","follow":"follow","max-snippet":"max-snippet:-1","max-image-preview":"max-image-preview:large","max-video-preview":"max-video-preview:-1"},"canonical":"https:\/\/amica.es\/es\/aviso-legal\/","og_locale":"es_ES","og_type":"article","og_title":"Aviso legal - Amica - Descubriendo Capacidades","og_description":"[vc_row css=&#8221;.vc_custom_1495464401612{padding-bottom: 50px !important;}&#8221;][vc_column][vc_custom_heading text=&#8221;Aviso legal&#8221; font_container=&#8221;tag:h2|font_size:36px|text_align:center|color:%23333333|line_height:40px&#8221; google_fonts=&#8221;font_family:Open%20Sans%3A300%2C300italic%2Cregular%2Citalic%2C600%2C600italic%2C700%2C700italic%2C800%2C800italic|font_style:300%20light%20regular%3A300%3Anormal&#8221; css=&#8221;.vc_custom_1644603707594{margin-bottom: 23px !important;}&#8221;][vc_row_inner][vc_column_inner][vc_column_text font_size=&#8221;20&#8243; line_height=&#8221;30&#8243;]1.-Datos del responsable\u00a0 En cumplimiento del art\u00edculo 10 de la Ley 34\/2002, de 11 de\u00a0 julio, de Servicios de la Sociedad de la Informaci\u00f3n y Comercio Electr\u00f3nico, a continuaci\u00f3n se exponen los datos identificativos del responsable. Denominaci\u00f3n social: AMICA C.I.F.\/N.I.F.: G39041710 Domicilio Social:Read more","og_url":"https:\/\/amica.es\/es\/aviso-legal\/","og_site_name":"Amica - Descubriendo Capacidades","article_publisher":"https:\/\/www.facebook.com\/amicaasociacion","article_modified_time":"2022-03-01T16:15:17+00:00","twitter_card":"summary_large_image","twitter_site":"@asociacionamica","twitter_misc":{"Tiempo de lectura":"5 minutos"},"schema":{"@context":"https:\/\/schema.org","@graph":[{"@type":"WebPage","@id":"https:\/\/amica.es\/es\/aviso-legal\/","url":"https:\/\/amica.es\/es\/aviso-legal\/","name":"Aviso legal - Amica - Descubriendo Capacidades","isPartOf":{"@id":"https:\/\/amica.es\/es\/#website"},"datePublished":"2022-03-01T16:15:02+00:00","dateModified":"2022-03-01T16:15:17+00:00","breadcrumb":{"@id":"https:\/\/amica.es\/es\/aviso-legal\/#breadcrumb"},"inLanguage":"es","potentialAction":[{"@type":"ReadAction","target":["https:\/\/amica.es\/es\/aviso-legal\/"]}]},{"@type":"BreadcrumbList","@id":"https:\/\/amica.es\/es\/aviso-legal\/#breadcrumb","itemListElement":[{"@type":"ListItem","position":1,"name":"Portada","item":"https:\/\/amica.es\/es\/"},{"@type":"ListItem","position":2,"name":"Aviso legal"}]},{"@type":"WebSite","@id":"https:\/\/amica.es\/es\/#website","url":"https:\/\/amica.es\/es\/","name":"Amica - Descubriendo Capacidades","description":"Apoyando a personas con discapacidad desde 1984","publisher":{"@id":"https:\/\/amica.es\/es\/#organization"},"potentialAction":[{"@type":"SearchAction","target":{"@type":"EntryPoint","urlTemplate":"https:\/\/amica.es\/es\/?s={search_term_string}"},"query-input":{"@type":"PropertyValueSpecification","valueRequired":true,"valueName":"search_term_string"}}],"inLanguage":"es"},{"@type":"Organization","@id":"https:\/\/amica.es\/es\/#organization","name":"Asociaci\u00f3n Amica","url":"https:\/\/amica.es\/es\/","logo":{"@type":"ImageObject","inLanguage":"es","@id":"https:\/\/amica.es\/es\/#\/schema\/logo\/image\/","url":"https:\/\/amica.es\/es\/wp-content\/uploads\/2024\/07\/Amica-Logo.png","contentUrl":"https:\/\/amica.es\/es\/wp-content\/uploads\/2024\/07\/Amica-Logo.png","width":1653,"height":577,"caption":"Asociaci\u00f3n Amica"},"image":{"@id":"https:\/\/amica.es\/es\/#\/schema\/logo\/image\/"},"sameAs":["https:\/\/www.facebook.com\/amicaasociacion","https:\/\/x.com\/asociacionamica","https:\/\/www.youtube.com\/c\/asociacionamicacantabria","https:\/\/es.linkedin.com\/company\/asociacionamica?trk=similar-companies_org_title","https:\/\/www.instagram.com\/asociacionamica\/"]}]}},"_links":{"self":[{"href":"https:\/\/amica.es\/es\/wp-json\/wp\/v2\/pages\/13492","targetHints":{"allow":["GET"]}}],"collection":[{"href":"https:\/\/amica.es\/es\/wp-json\/wp\/v2\/pages"}],"about":[{"href":"https:\/\/amica.es\/es\/wp-json\/wp\/v2\/types\/page"}],"author":[{"embeddable":true,"href":"https:\/\/amica.es\/es\/wp-json\/wp\/v2\/users\/1"}],"replies":[{"embeddable":true,"href":"https:\/\/amica.es\/es\/wp-json\/wp\/v2\/comments?post=13492"}],"version-history":[{"count":2,"href":"https:\/\/amica.es\/es\/wp-json\/wp\/v2\/pages\/13492\/revisions"}],"predecessor-version":[{"id":13502,"href":"https:\/\/amica.es\/es\/wp-json\/wp\/v2\/pages\/13492\/revisions\/13502"}],"wp:attachment":[{"href":"https:\/\/amica.es\/es\/wp-json\/wp\/v2\/media?parent=13492"}],"curies":[{"name":"wp","href":"https:\/\/api.w.org\/{rel}","templated":true}]}}