{"id":15073,"date":"2022-10-27T12:14:37","date_gmt":"2022-10-27T10:14:37","guid":{"rendered":"https:\/\/amica.es\/es\/?page_id=15073"},"modified":"2022-10-27T17:06:22","modified_gmt":"2022-10-27T15:06:22","slug":"mision-de-nuestros-c-e-e","status":"publish","type":"page","link":"https:\/\/amica.es\/es\/mision-de-nuestros-c-e-e\/","title":{"rendered":"Misi\u00f3n de nuestros C.E.E."},"content":{"rendered":"<p>&nbsp;<\/p>\n<p>En Amica trabajamos cada d\u00eda centrados en descubrir y realzar las capacidades de las personas. Uno de nuestros objetivos es generar oportunidades laborales para personas con discapacidad en mayor situaci\u00f3n de desventaja para acceder al mercado laboral.<\/p>\n<p>Para ello Amica ha constituido 4 sociedades limitadas unipersonales, 3 en Cantabria: SOEMCA EMPLEO S.L.U., SAEMA EMPLEO S.L.U. y la Sociedad de Apoyo al Empleo S.L.U., y 1 en Valencia, \u201cDiversia Empleo S.L.U., que cuentan con la calificaci\u00f3n como centros especiales de empleo de iniciativa social.<\/p>\n<p>Nuestros Centros Especiales de Empleo (C.E.E.) son una herramienta para dotar de experiencia laboral que facilite su posterior incorporaci\u00f3n al mercado laboral ordinario.<\/p>\n<p>Para lograr estos objetivos, nuestros centros especiales de empleo disponen de Unidades de Apoyo a la Actividad Profesional, a trav\u00e9s de las cuales se articulan en torno a las personas que trabajan en ellos una serie de apoyos que van a facilitar que consigan un mayor desarrollo profesional, personal y social bas\u00e1ndose siempre en los objetivos vitales que cada persona se haya marcado.<\/p>\n<p>El personal integrado en las Unidades de Apoyo, desarrolla, entre otras, funciones como la detecci\u00f3n de necesidades de apoyo para que el trabajador\/a con discapacidad pueda desarrollar su actividad profesional; apoyo individualizado y potenciaci\u00f3n de la autonom\u00eda en el puesto de trabajo, adquisici\u00f3n de h\u00e1bitos personales y laborales y formaci\u00f3n y asistencia al trabajador del C.E.E. en el proceso de incorporaci\u00f3n al mercado ordinario de trabajo.<\/p>\n<p>La puesta de apoyos a disposici\u00f3n de cada persona se hace de una manera flexible, de tal forma que se adapte a la singularidad de cada una, bas\u00e1ndonos en el <strong>PROYECTO PERSONAL.<\/strong><\/p>\n<p>La meta principal del Proyecto de Amica es acompa\u00f1ar y apoyar a la persona en la obtenci\u00f3n de sus objetivos personales, facilit\u00e1ndole para ello las herramientas necesarias, procurando el disfrute de iguales oportunidades.<\/p>\n","protected":false},"excerpt":{"rendered":"<p>&nbsp; En Amica trabajamos cada d\u00eda centrados en descubrir y realzar las capacidades de las personas. Uno de nuestros objetivos es generar oportunidades laborales para personas con discapacidad en mayor situaci\u00f3n de desventaja para acceder al mercado laboral. Para ello Amica ha constituido 4 sociedades limitadas unipersonales, 3 en Cantabria: SOEMCA EMPLEO S.L.U., SAEMA EMPLEO<br \/><a href=\"https:\/\/amica.es\/es\/mision-de-nuestros-c-e-e\/\" class=\"more\">Read more<\/a><\/p>\n","protected":false},"author":2,"featured_media":0,"parent":0,"menu_order":0,"comment_status":"closed","ping_status":"closed","template":"","meta":{"_monsterinsights_skip_tracking":false,"_monsterinsights_sitenote_active":false,"_monsterinsights_sitenote_note":"","_monsterinsights_sitenote_category":0,"_joinchat":[],"footnotes":""},"class_list":["post-15073","page","type-page","status-publish","hentry"],"yoast_head":"<!-- This site is optimized with the Yoast SEO plugin v25.6 - https:\/\/yoast.com\/wordpress\/plugins\/seo\/ -->\n<title>Misi\u00f3n de nuestros C.E.E. - Amica - Descubriendo Capacidades<\/title>\n<meta name=\"robots\" content=\"index, follow, max-snippet:-1, max-image-preview:large, max-video-preview:-1\" \/>\n<link rel=\"canonical\" href=\"https:\/\/amica.es\/es\/mision-de-nuestros-c-e-e\/\" \/>\n<meta property=\"og:locale\" content=\"es_ES\" \/>\n<meta property=\"og:type\" content=\"article\" \/>\n<meta property=\"og:title\" content=\"Misi\u00f3n de nuestros C.E.E. - Amica - Descubriendo Capacidades\" \/>\n<meta property=\"og:description\" content=\"&nbsp; En Amica trabajamos cada d\u00eda centrados en descubrir y realzar las capacidades de las personas. Uno de nuestros objetivos es generar oportunidades laborales para personas con discapacidad en mayor situaci\u00f3n de desventaja para acceder al mercado laboral. Para ello Amica ha constituido 4 sociedades limitadas unipersonales, 3 en Cantabria: SOEMCA EMPLEO S.L.U., SAEMA EMPLEORead more\" \/>\n<meta property=\"og:url\" content=\"https:\/\/amica.es\/es\/mision-de-nuestros-c-e-e\/\" \/>\n<meta property=\"og:site_name\" content=\"Amica - Descubriendo Capacidades\" \/>\n<meta property=\"article:publisher\" content=\"https:\/\/www.facebook.com\/amicaasociacion\" \/>\n<meta property=\"article:modified_time\" content=\"2022-10-27T15:06:22+00:00\" \/>\n<meta name=\"twitter:card\" content=\"summary_large_image\" \/>\n<meta name=\"twitter:site\" content=\"@asociacionamica\" \/>\n<meta name=\"twitter:label1\" content=\"Tiempo de lectura\" \/>\n\t<meta name=\"twitter:data1\" content=\"2 minutos\" \/>\n<script type=\"application\/ld+json\" class=\"yoast-schema-graph\">{\"@context\":\"https:\/\/schema.org\",\"@graph\":[{\"@type\":\"WebPage\",\"@id\":\"https:\/\/amica.es\/es\/mision-de-nuestros-c-e-e\/\",\"url\":\"https:\/\/amica.es\/es\/mision-de-nuestros-c-e-e\/\",\"name\":\"Misi\u00f3n de nuestros C.E.E. - Amica - Descubriendo Capacidades\",\"isPartOf\":{\"@id\":\"https:\/\/amica.es\/es\/#website\"},\"datePublished\":\"2022-10-27T10:14:37+00:00\",\"dateModified\":\"2022-10-27T15:06:22+00:00\",\"breadcrumb\":{\"@id\":\"https:\/\/amica.es\/es\/mision-de-nuestros-c-e-e\/#breadcrumb\"},\"inLanguage\":\"es\",\"potentialAction\":[{\"@type\":\"ReadAction\",\"target\":[\"https:\/\/amica.es\/es\/mision-de-nuestros-c-e-e\/\"]}]},{\"@type\":\"BreadcrumbList\",\"@id\":\"https:\/\/amica.es\/es\/mision-de-nuestros-c-e-e\/#breadcrumb\",\"itemListElement\":[{\"@type\":\"ListItem\",\"position\":1,\"name\":\"Portada\",\"item\":\"https:\/\/amica.es\/es\/\"},{\"@type\":\"ListItem\",\"position\":2,\"name\":\"Misi\u00f3n de nuestros C.E.E.\"}]},{\"@type\":\"WebSite\",\"@id\":\"https:\/\/amica.es\/es\/#website\",\"url\":\"https:\/\/amica.es\/es\/\",\"name\":\"Amica - Descubriendo Capacidades\",\"description\":\"Apoyando a personas con discapacidad desde 1984\",\"publisher\":{\"@id\":\"https:\/\/amica.es\/es\/#organization\"},\"potentialAction\":[{\"@type\":\"SearchAction\",\"target\":{\"@type\":\"EntryPoint\",\"urlTemplate\":\"https:\/\/amica.es\/es\/?s={search_term_string}\"},\"query-input\":{\"@type\":\"PropertyValueSpecification\",\"valueRequired\":true,\"valueName\":\"search_term_string\"}}],\"inLanguage\":\"es\"},{\"@type\":\"Organization\",\"@id\":\"https:\/\/amica.es\/es\/#organization\",\"name\":\"Asociaci\u00f3n Amica\",\"url\":\"https:\/\/amica.es\/es\/\",\"logo\":{\"@type\":\"ImageObject\",\"inLanguage\":\"es\",\"@id\":\"https:\/\/amica.es\/es\/#\/schema\/logo\/image\/\",\"url\":\"https:\/\/amica.es\/es\/wp-content\/uploads\/2024\/07\/Amica-Logo.png\",\"contentUrl\":\"https:\/\/amica.es\/es\/wp-content\/uploads\/2024\/07\/Amica-Logo.png\",\"width\":1653,\"height\":577,\"caption\":\"Asociaci\u00f3n Amica\"},\"image\":{\"@id\":\"https:\/\/amica.es\/es\/#\/schema\/logo\/image\/\"},\"sameAs\":[\"https:\/\/www.facebook.com\/amicaasociacion\",\"https:\/\/x.com\/asociacionamica\",\"https:\/\/www.youtube.com\/c\/asociacionamicacantabria\",\"https:\/\/es.linkedin.com\/company\/asociacionamica?trk=similar-companies_org_title\",\"https:\/\/www.instagram.com\/asociacionamica\/\"]}]}<\/script>\n<!-- \/ Yoast SEO plugin. -->","yoast_head_json":{"title":"Misi\u00f3n de nuestros C.E.E. - Amica - Descubriendo Capacidades","robots":{"index":"index","follow":"follow","max-snippet":"max-snippet:-1","max-image-preview":"max-image-preview:large","max-video-preview":"max-video-preview:-1"},"canonical":"https:\/\/amica.es\/es\/mision-de-nuestros-c-e-e\/","og_locale":"es_ES","og_type":"article","og_title":"Misi\u00f3n de nuestros C.E.E. - Amica - Descubriendo Capacidades","og_description":"&nbsp; En Amica trabajamos cada d\u00eda centrados en descubrir y realzar las capacidades de las personas. Uno de nuestros objetivos es generar oportunidades laborales para personas con discapacidad en mayor situaci\u00f3n de desventaja para acceder al mercado laboral. Para ello Amica ha constituido 4 sociedades limitadas unipersonales, 3 en Cantabria: SOEMCA EMPLEO S.L.U., SAEMA EMPLEORead more","og_url":"https:\/\/amica.es\/es\/mision-de-nuestros-c-e-e\/","og_site_name":"Amica - Descubriendo Capacidades","article_publisher":"https:\/\/www.facebook.com\/amicaasociacion","article_modified_time":"2022-10-27T15:06:22+00:00","twitter_card":"summary_large_image","twitter_site":"@asociacionamica","twitter_misc":{"Tiempo de lectura":"2 minutos"},"schema":{"@context":"https:\/\/schema.org","@graph":[{"@type":"WebPage","@id":"https:\/\/amica.es\/es\/mision-de-nuestros-c-e-e\/","url":"https:\/\/amica.es\/es\/mision-de-nuestros-c-e-e\/","name":"Misi\u00f3n de nuestros C.E.E. - Amica - Descubriendo Capacidades","isPartOf":{"@id":"https:\/\/amica.es\/es\/#website"},"datePublished":"2022-10-27T10:14:37+00:00","dateModified":"2022-10-27T15:06:22+00:00","breadcrumb":{"@id":"https:\/\/amica.es\/es\/mision-de-nuestros-c-e-e\/#breadcrumb"},"inLanguage":"es","potentialAction":[{"@type":"ReadAction","target":["https:\/\/amica.es\/es\/mision-de-nuestros-c-e-e\/"]}]},{"@type":"BreadcrumbList","@id":"https:\/\/amica.es\/es\/mision-de-nuestros-c-e-e\/#breadcrumb","itemListElement":[{"@type":"ListItem","position":1,"name":"Portada","item":"https:\/\/amica.es\/es\/"},{"@type":"ListItem","position":2,"name":"Misi\u00f3n de nuestros C.E.E."}]},{"@type":"WebSite","@id":"https:\/\/amica.es\/es\/#website","url":"https:\/\/amica.es\/es\/","name":"Amica - Descubriendo Capacidades","description":"Apoyando a personas con discapacidad desde 1984","publisher":{"@id":"https:\/\/amica.es\/es\/#organization"},"potentialAction":[{"@type":"SearchAction","target":{"@type":"EntryPoint","urlTemplate":"https:\/\/amica.es\/es\/?s={search_term_string}"},"query-input":{"@type":"PropertyValueSpecification","valueRequired":true,"valueName":"search_term_string"}}],"inLanguage":"es"},{"@type":"Organization","@id":"https:\/\/amica.es\/es\/#organization","name":"Asociaci\u00f3n Amica","url":"https:\/\/amica.es\/es\/","logo":{"@type":"ImageObject","inLanguage":"es","@id":"https:\/\/amica.es\/es\/#\/schema\/logo\/image\/","url":"https:\/\/amica.es\/es\/wp-content\/uploads\/2024\/07\/Amica-Logo.png","contentUrl":"https:\/\/amica.es\/es\/wp-content\/uploads\/2024\/07\/Amica-Logo.png","width":1653,"height":577,"caption":"Asociaci\u00f3n Amica"},"image":{"@id":"https:\/\/amica.es\/es\/#\/schema\/logo\/image\/"},"sameAs":["https:\/\/www.facebook.com\/amicaasociacion","https:\/\/x.com\/asociacionamica","https:\/\/www.youtube.com\/c\/asociacionamicacantabria","https:\/\/es.linkedin.com\/company\/asociacionamica?trk=similar-companies_org_title","https:\/\/www.instagram.com\/asociacionamica\/"]}]}},"_links":{"self":[{"href":"https:\/\/amica.es\/es\/wp-json\/wp\/v2\/pages\/15073","targetHints":{"allow":["GET"]}}],"collection":[{"href":"https:\/\/amica.es\/es\/wp-json\/wp\/v2\/pages"}],"about":[{"href":"https:\/\/amica.es\/es\/wp-json\/wp\/v2\/types\/page"}],"author":[{"embeddable":true,"href":"https:\/\/amica.es\/es\/wp-json\/wp\/v2\/users\/2"}],"replies":[{"embeddable":true,"href":"https:\/\/amica.es\/es\/wp-json\/wp\/v2\/comments?post=15073"}],"version-history":[{"count":6,"href":"https:\/\/amica.es\/es\/wp-json\/wp\/v2\/pages\/15073\/revisions"}],"predecessor-version":[{"id":15080,"href":"https:\/\/amica.es\/es\/wp-json\/wp\/v2\/pages\/15073\/revisions\/15080"}],"wp:attachment":[{"href":"https:\/\/amica.es\/es\/wp-json\/wp\/v2\/media?parent=15073"}],"curies":[{"name":"wp","href":"https:\/\/api.w.org\/{rel}","templated":true}]}}