{"id":17156,"date":"2024-02-06T11:38:41","date_gmt":"2024-02-06T09:38:41","guid":{"rendered":"https:\/\/amica.es\/es\/?page_id=17156"},"modified":"2025-01-13T12:35:14","modified_gmt":"2025-01-13T10:35:14","slug":"licitaciones","status":"publish","type":"page","link":"https:\/\/amica.es\/es\/licitaciones\/","title":{"rendered":"Licitaciones"},"content":{"rendered":"<div class=\"wpb-content-wrapper\">[vc_row css=&#8221;.vc_custom_1736764513445{margin-top: 80px !important;padding-bottom: 50px !important;}&#8221;][vc_column][vc_custom_heading text=&#8221;Licitaciones&#8221; font_container=&#8221;tag:h2|font_size:36px|text_align:center|color:%23333333|line_height:40px&#8221; google_fonts=&#8221;font_family:Open%20Sans%3A300%2C300italic%2Cregular%2Citalic%2C600%2C600italic%2C700%2C700italic%2C800%2C800italic|font_style:300%20light%20regular%3A300%3Anormal&#8221; css=&#8221;.vc_custom_1707212273176{margin-bottom: 23px !important;}&#8221;]<style type=\"text\/css\" >#l_bvnic4g7ijw04e8njfqc{width:100px;}#l_bvnic4g7ijw04e8njfqc.sc_line ,#l_bvnic4g7ijw04e8njfqc .sc_line { height:1px; background: #e62e31; background: -moz-linear-gradient(90deg, #e62e31 0%, #525c5e 100%); background: -webkit-gradient(linear, left top, right bottom, color-stop(0%,#e62e31), color-stop(100%,#525c5e)); background: -webkit-linear-gradient(90deg, #e62e31 0%,#525c5e 100%); background: -o-linear-gradient(90deg, #e62e31 0%,#525c5e 100%); background: -ms-linear-gradient(90deg, #e62e31 0%,#525c5e 100%); background: linear-gradient(90deg, #e62e31 0%,#525c5e 100%);}#l_bvnic4g7ijw04e8njfqc.sc_line ,#l_bvnic4g7ijw04e8njfqc .sc_line{margin-left:auto!important; margin-right:auto!important;}#l_bvnic4g7ijw04e8njfqc {margin:0px 0 23px 0; padding:0;}<\/style><div class=\"clearfix\"><\/div><div id=\"l_bvnic4g7ijw04e8njfqc\"  class=\"sc_line rd_line_normal\" ><\/div>[vc_column_text]Para la contrataci\u00f3n por Amica o por sus centros especiales de empleo de alg\u00fan servicio externo\u00a0 de asistencia que se requiera para el desarrollo de alg\u00fan proyecto que reciba financiaci\u00f3n\u00a0\u00a0\u00a0 externa, con el fin de darle publicidad y garantizar la transparencia se publicar\u00e1n aqu\u00ed las licitaciones abiertas o bien se solicitar\u00e1n 3 presupuestos a proveedores.<\/p>\n<p>La elecci\u00f3n entre las ofertas se realizar\u00e1 conforme a criterios de eficiencia y econom\u00eda y el resultado se comunicar\u00e1 posteriormente a las organizaciones que presenten propuestas.[\/vc_column_text]<div id=\"el-115755238065c1fd74a7e0a\" class=\" card-17152 ss-element gusta-post-listing\" data-query_vars=\"YSUzQTklM0ElN0JzJTNBMTQlM0ElMjJwb3N0c19wZXJfcGFnZSUyMiUzQnMlM0EyJTNBJTIyMzAlMjIlM0JzJTNBNiUzQSUyMm9mZnNldCUyMiUzQnMlM0EwJTNBJTIyJTIyJTNCcyUzQTclM0ElMjJvcmRlcmJ5JTIyJTNCcyUzQTQlM0ElMjJkYXRlJTIyJTNCcyUzQTUlM0ElMjJvcmRlciUyMiUzQnMlM0E0JTNBJTIyREVTQyUyMiUzQnMlM0ExMSUzQSUyMnBvc3Rfc3RhdHVzJTIyJTNCcyUzQTclM0ElMjJwdWJsaXNoJTIyJTNCcyUzQTE5JTNBJTIyaWdub3JlX3N0aWNreV9wb3N0cyUyMiUzQmIlM0ExJTNCcyUzQTklM0ElMjJwb3N0X3R5cGUlMjIlM0JzJTNBNCUzQSUyMnBvc3QlMjIlM0JzJTNBOSUzQSUyMnRheF9xdWVyeSUyMiUzQmElM0EyJTNBJTdCcyUzQTglM0ElMjJyZWxhdGlvbiUyMiUzQnMlM0EzJTNBJTIyQU5EJTIyJTNCaSUzQTAlM0JhJTNBMiUzQSU3QnMlM0E4JTNBJTIydGF4b25vbXklMjIlM0JzJTNBOCUzQSUyMmNhdGVnb3J5JTIyJTNCcyUzQTUlM0ElMjJ0ZXJtcyUyMiUzQmElM0ExJTNBJTdCaSUzQTAlM0JzJTNBMyUzQSUyMjM5NCUyMiUzQiU3RCU3RCU3RHMlM0E1JTNBJTIycGFnZWQlMjIlM0JpJTNBMSUzQiU3RA==\" data-page=\"2\" data-total=\"3\" data-card_design=\"17152\" data-tax=\"0\"><div class=\"gusta-grid\" data-columns><div class=\"post-listing-container\" id=\"gusta-post-18850\" style=\"-webkit-animation-delay: 100ms; animation-delay: 100ms;\">[vc_row][vc_column]<div class=\"gusta-align-left gusta-inline \"><h2 class=\"title-11191000585b8d04ceafc12 ss-element gusta-post-title  show-show ani-fade  linked\"><a href=\"https:\/\/amica.es\/es\/pliego-de-condiciones-para-la-contratacion-de-asistencia-externa-para-evaluacion-del-proyecto-activacion-de-recursos-culturales-y-naturales-en-los-caminos-a-santiago-del-sudoeste-europeo-exp\/\">PLIEGO DE CONDICIONES PARA LA CONTRATACI\u00d3N DE ASISTENCIA EXTERNA PARA EVALUACI\u00d3N DEL PROYECTO \u201cACTIVACI\u00d3N DE RECURSOS CULTURALES Y NATURALES EN LOS CAMINOS A SANTIAGO DEL SUDOESTE EUROPEO. EXPEDIENTE: ULTREIA_SUDOE S1\/4.6\/E0068<\/a><\/h2><\/div><div class=\"gusta-post-meta gusta-align-left  \"><p class=\"date-13536776445b8d05a5669e7 ss-element gusta-post-date show-show \">13 enero 2025<\/p><\/div><div class=\"gusta-clear gusta-mobile-clear\"><\/div>[\/vc_column][\/vc_row]<\/div><div class=\"post-listing-container\" id=\"gusta-post-17580\" style=\"-webkit-animation-delay: 200ms; animation-delay: 200ms;\">[vc_row][vc_column]<div class=\"gusta-align-left gusta-inline \"><h2 class=\"title-11191000585b8d04ceafc12 ss-element gusta-post-title  show-show ani-fade  linked\"><a href=\"https:\/\/amica.es\/es\/pliego-de-condiciones-para-la-contratacion-de-control-de-primer-nivel-auditoria-externa-para-la-validacion-de-los-gastos-realizados-por-amica-en-2024-2025-y-2026-en-el-proyecto-activacion\/\">PLIEGO DE CONDICIONES PARA LA CONTRATACI\u00d3N DE CONTROL DE PRIMER NIVEL (AUDITOR\u00cdA EXTERNA) PARA LA VALIDACI\u00d3N DE LOS GASTOS REALIZADOS POR AMICA EN 2024, 2025 Y 2026, EN EL PROYECTO \u201cACTIVACI\u00d3N DE RECURSOS CULTURALES Y NATURALES EN LOS CAMINOS A SANTIAGO DEL SUDOESTE EUROPEO. EXPEDIENTE: ULTREIA_SUDOE S1\/4.6\/E0068<\/a><\/h2><\/div><div class=\"gusta-post-meta gusta-align-left  \"><p class=\"date-13536776445b8d05a5669e7 ss-element gusta-post-date show-show \">29 abril 2024<\/p><\/div><div class=\"gusta-clear gusta-mobile-clear\"><\/div>[\/vc_column][\/vc_row]<\/div><div class=\"post-listing-container\" id=\"gusta-post-17280\" style=\"-webkit-animation-delay: 300ms; animation-delay: 300ms;\">[vc_row][vc_column]<div class=\"gusta-align-left gusta-inline \"><h2 class=\"title-11191000585b8d04ceafc12 ss-element gusta-post-title  show-show ani-fade  linked\"><a href=\"https:\/\/amica.es\/es\/licitacion-y-peticion-de-oferta-para-asistencia-tecnica-sobre-estudios-y-formacion-en-accesibilidad-en-los-caminos-a-santiago\/\">LICITACION Y PETICI\u00d3N DE OFERTA PARA ASISTENCIA TECNICA SOBRE ESTUDIOS Y FORMACION EN ACCESIBILIDAD EN LOS CAMINOS A SANTIAGO<\/a><\/h2><\/div><div class=\"gusta-post-meta gusta-align-left  \"><p class=\"date-13536776445b8d05a5669e7 ss-element gusta-post-date show-show \">14 febrero 2024<\/p><\/div><div class=\"gusta-clear gusta-mobile-clear\"><\/div>[\/vc_column][\/vc_row]<\/div><\/div><\/div>[\/vc_column][\/vc_row][vc_row type=&#8221;full-width-section&#8221; css=&#8221;.vc_custom_1495549954106{margin-top: 0px !important;margin-bottom: 0px !important;padding-top: 70px !important;padding-bottom: 70px !important;background-color: #f4f4f4 !important;}&#8221;][vc_column width=&#8221;1\/2&#8243;][vc_custom_heading text=&#8221;Habla con nosotros&#8221; font_container=&#8221;tag:h2|font_size:36px|text_align:center|color:%23333333|line_height:40px&#8221; google_fonts=&#8221;font_family:Open%20Sans%3A300%2C300italic%2Cregular%2Citalic%2C600%2C600italic%2C700%2C700italic%2C800%2C800italic|font_style:300%20light%20regular%3A300%3Anormal&#8221; css=&#8221;.vc_custom_1495549379919{margin-bottom: 23px !important;}&#8221;]<style type=\"text\/css\" >#l_3fio122xvuz1kvy9k0iw{width:100px;}#l_3fio122xvuz1kvy9k0iw.sc_line ,#l_3fio122xvuz1kvy9k0iw .sc_line { height:1px; background: #e62e31; background: -moz-linear-gradient(90deg, #e62e31 0%, #525c5e 100%); background: -webkit-gradient(linear, left top, right bottom, color-stop(0%,#e62e31), color-stop(100%,#525c5e)); background: -webkit-linear-gradient(90deg, #e62e31 0%,#525c5e 100%); background: -o-linear-gradient(90deg, #e62e31 0%,#525c5e 100%); background: -ms-linear-gradient(90deg, #e62e31 0%,#525c5e 100%); background: linear-gradient(90deg, #e62e31 0%,#525c5e 100%);}#l_3fio122xvuz1kvy9k0iw.sc_line ,#l_3fio122xvuz1kvy9k0iw .sc_line{margin-left:auto!important; margin-right:auto!important;}#l_3fio122xvuz1kvy9k0iw {margin:0px 0 19px 0; padding:0;}<\/style><div class=\"clearfix\"><\/div><div id=\"l_3fio122xvuz1kvy9k0iw\"  class=\"sc_line rd_line_normal\" ><\/div>[vc_column_text font_size=&#8221;20&#8243; line_height=&#8221;30&#8243;]\n<p style=\"text-align: center;\">Puedes contactar directamente a trav\u00e9s del formulario de esta p\u00e1gina, o tambi\u00e9n a trav\u00e9s de los siguientes medios:<\/p>\n<p style=\"text-align: center;\">Barrio Sierrapando, 508<br \/>\nTorrelavega, 39300 Cantabria &#8211; Espa\u00f1a<\/p>\n<p style=\"text-align: center;\"><strong>Tel\u00e9fono:<\/strong><br \/>\n942895209<\/p>\n<p style=\"text-align: center;\"><strong>Correo electr\u00f3nico:<\/strong><br \/>\n<a href=\"mailto:correo@amica.es\">correo@amica.es<\/a><\/p>\n[\/vc_column_text][\/vc_column][vc_column width=&#8221;1\/2&#8243;]<style type=\"text\/css\" >#rd_diusj7ml6rtnb7tlmvod .wpcf7 input[type=submit]{font-size:15px; font-weight:900; border-radius:2px; padding:11px 15px; letter-spacing: 0.5px; margin-top:3px;}#rd_diusj7ml6rtnb7tlmvod .wpcf7 input[type=submit]:hover {background:#e62e31; color:#ffffff !important;}#rd_diusj7ml6rtnb7tlmvod .wpcf7 input:not([type=submit]):not([type=checkbox]),#rd_diusj7ml6rtnb7tlmvod textarea,#rd_diusj7ml6rtnb7tlmvod .wpcf7 select{border-radius:0px;}#rd_diusj7ml6rtnb7tlmvod .wpcf7 input:not([type=submit]),#rd_diusj7ml6rtnb7tlmvod textarea,#rd_diusj7ml6rtnb7tlmvod .wpcf7 input[type=submit],#rd_diusj7ml6rtnb7tlmvod .wpcf7 select{margin-top:3px;}#rd_diusj7ml6rtnb7tlmvod p{margin-bottom:23px;}#rd_diusj7ml6rtnb7tlmvod .wpcf7 input:not([type=submit]):not([type=checkbox]),#rd_diusj7ml6rtnb7tlmvod .wpcf7  textarea,#rd_diusj7ml6rtnb7tlmvod .wpcf7 select{border:1px solid #ecf0f1; background:#ffffff;}#rd_diusj7ml6rtnb7tlmvod .wpcf7 input[type=submit]{background:; color: !important;}<\/style><div id=\"rd_diusj7ml6rtnb7tlmvod\" class=\"\">\n<div class=\"wpcf7 no-js\" id=\"wpcf7-f301-o1\" lang=\"es-ES\" dir=\"ltr\" data-wpcf7-id=\"301\">\n<div class=\"screen-reader-response\"><p role=\"status\" aria-live=\"polite\" aria-atomic=\"true\"><\/p> <ul><\/ul><\/div>\n<form action=\"\/es\/wp-json\/wp\/v2\/pages\/17156#wpcf7-f301-o1\" method=\"post\" class=\"wpcf7-form init\" aria-label=\"Formulario de contacto\" novalidate=\"novalidate\" data-status=\"init\">\n<fieldset class=\"hidden-fields-container\"><input type=\"hidden\" name=\"_wpcf7\" value=\"301\" \/><input type=\"hidden\" name=\"_wpcf7_version\" value=\"6.1.5\" \/><input type=\"hidden\" name=\"_wpcf7_locale\" value=\"es_ES\" \/><input type=\"hidden\" name=\"_wpcf7_unit_tag\" value=\"wpcf7-f301-o1\" \/><input type=\"hidden\" name=\"_wpcf7_container_post\" value=\"0\" \/><input type=\"hidden\" name=\"_wpcf7_posted_data_hash\" value=\"\" \/><input type=\"hidden\" name=\"_wpcf7_recaptcha_response\" value=\"\" \/>\n<\/fieldset>\n<p><label> Nombre (requerido)<br \/>\n<span class=\"wpcf7-form-control-wrap\" data-name=\"your-name\"><input size=\"40\" maxlength=\"400\" class=\"wpcf7-form-control wpcf7-text wpcf7-validates-as-required borderradius50\" aria-required=\"true\" aria-invalid=\"false\" value=\"\" type=\"text\" name=\"your-name\" \/><\/span> <\/label>\n<\/p>\n<p><label> Tu correo electr\u00f3nico (requerido)<br \/>\n<span class=\"wpcf7-form-control-wrap\" data-name=\"your-email\"><input size=\"40\" maxlength=\"400\" class=\"wpcf7-form-control wpcf7-email wpcf7-validates-as-required wpcf7-text wpcf7-validates-as-email borderradius50\" aria-required=\"true\" aria-invalid=\"false\" value=\"\" type=\"email\" name=\"your-email\" \/><\/span> <\/label>\n<\/p>\n<p><label> Mensaje<br \/>\n<span class=\"wpcf7-form-control-wrap\" data-name=\"your-message\"><textarea cols=\"40\" rows=\"10\" maxlength=\"2000\" class=\"wpcf7-form-control wpcf7-textarea borderradius50\" aria-invalid=\"false\" name=\"your-message\"><\/textarea><\/span> <\/label>\n<\/p>\n<p><span class=\"wpcf7-form-control-wrap\" data-name=\"acceptance-23\"><span class=\"wpcf7-form-control wpcf7-acceptance\"><span class=\"wpcf7-list-item\"><label><input type=\"checkbox\" name=\"acceptance-23\" value=\"1\" aria-invalid=\"false\" \/><span class=\"wpcf7-list-item-label\">He le\u00eddo y acepto la <a href=\"http:\/\/amica.es\/es\/aviso-legal\/\" target=\"_blank\">pol\u00edtica de privacidad<\/a>.<\/span><\/label><\/span><\/span><\/span>\n<\/p>\n\n<p><input class=\"wpcf7-form-control wpcf7-submit has-spinner\" type=\"submit\" value=\"Enviar\" \/>\n<\/p><div class=\"wpcf7-response-output\" aria-hidden=\"true\"><\/div>\n<\/form>\n<\/div>\n<\/div>[\/vc_column][\/vc_row][vc_row type=&#8221;full-width-section&#8221; css=&#8221;.vc_custom_1495557229945{margin-bottom: 0px !important;padding-top: 20px !important;padding-bottom: 10px !important;}&#8221;][vc_column width=&#8221;1\/2&#8243;][vc_single_image image=&#8221;316&#8243; img_size=&#8221;full&#8221;][\/vc_column][vc_column width=&#8221;1\/2&#8243;][vc_single_image image=&#8221;314&#8243; img_size=&#8221;full&#8221;][\/vc_column][\/vc_row]\n<\/div>","protected":false},"excerpt":{"rendered":"<p><a href=\"https:\/\/amica.es\/es\/licitacion-y-peticion-de-oferta-para-asistencia-tecnica-sobre-estudios-y-formacion-en-accesibilidad-en-los-caminos-a-santiago\/\" class=\"more\">Read more<\/a><\/p>\n","protected":false},"author":1,"featured_media":0,"parent":0,"menu_order":0,"comment_status":"closed","ping_status":"closed","template":"","meta":{"_monsterinsights_skip_tracking":false,"_monsterinsights_sitenote_active":false,"_monsterinsights_sitenote_note":"","_monsterinsights_sitenote_category":0,"_joinchat":[],"footnotes":""},"class_list":["post-17156","page","type-page","status-publish","hentry"],"yoast_head":"<!-- This site is optimized with the Yoast SEO plugin v25.6 - https:\/\/yoast.com\/wordpress\/plugins\/seo\/ -->\n<title>Licitaciones - Amica - Descubriendo Capacidades<\/title>\n<meta name=\"robots\" content=\"index, follow, max-snippet:-1, max-image-preview:large, max-video-preview:-1\" \/>\n<link rel=\"canonical\" href=\"https:\/\/amica.es\/es\/licitaciones\/\" \/>\n<meta property=\"og:locale\" content=\"es_ES\" \/>\n<meta property=\"og:type\" content=\"article\" \/>\n<meta property=\"og:title\" content=\"Licitaciones - Amica - Descubriendo Capacidades\" \/>\n<meta property=\"og:description\" content=\"Read more\" \/>\n<meta property=\"og:url\" content=\"https:\/\/amica.es\/es\/licitaciones\/\" \/>\n<meta property=\"og:site_name\" content=\"Amica - Descubriendo Capacidades\" \/>\n<meta property=\"article:publisher\" content=\"https:\/\/www.facebook.com\/amicaasociacion\" \/>\n<meta property=\"article:modified_time\" content=\"2025-01-13T10:35:14+00:00\" \/>\n<meta name=\"twitter:card\" content=\"summary_large_image\" \/>\n<meta name=\"twitter:site\" content=\"@asociacionamica\" \/>\n<meta name=\"twitter:label1\" content=\"Tiempo de lectura\" \/>\n\t<meta name=\"twitter:data1\" content=\"1 minuto\" \/>\n<script type=\"application\/ld+json\" class=\"yoast-schema-graph\">{\"@context\":\"https:\/\/schema.org\",\"@graph\":[{\"@type\":\"WebPage\",\"@id\":\"https:\/\/amica.es\/es\/licitaciones\/\",\"url\":\"https:\/\/amica.es\/es\/licitaciones\/\",\"name\":\"Licitaciones - Amica - Descubriendo Capacidades\",\"isPartOf\":{\"@id\":\"https:\/\/amica.es\/es\/#website\"},\"datePublished\":\"2024-02-06T09:38:41+00:00\",\"dateModified\":\"2025-01-13T10:35:14+00:00\",\"breadcrumb\":{\"@id\":\"https:\/\/amica.es\/es\/licitaciones\/#breadcrumb\"},\"inLanguage\":\"es\",\"potentialAction\":[{\"@type\":\"ReadAction\",\"target\":[\"https:\/\/amica.es\/es\/licitaciones\/\"]}]},{\"@type\":\"BreadcrumbList\",\"@id\":\"https:\/\/amica.es\/es\/licitaciones\/#breadcrumb\",\"itemListElement\":[{\"@type\":\"ListItem\",\"position\":1,\"name\":\"Portada\",\"item\":\"https:\/\/amica.es\/es\/\"},{\"@type\":\"ListItem\",\"position\":2,\"name\":\"Licitaciones\"}]},{\"@type\":\"WebSite\",\"@id\":\"https:\/\/amica.es\/es\/#website\",\"url\":\"https:\/\/amica.es\/es\/\",\"name\":\"Amica - Descubriendo Capacidades\",\"description\":\"Apoyando a personas con discapacidad desde 1984\",\"publisher\":{\"@id\":\"https:\/\/amica.es\/es\/#organization\"},\"potentialAction\":[{\"@type\":\"SearchAction\",\"target\":{\"@type\":\"EntryPoint\",\"urlTemplate\":\"https:\/\/amica.es\/es\/?s={search_term_string}\"},\"query-input\":{\"@type\":\"PropertyValueSpecification\",\"valueRequired\":true,\"valueName\":\"search_term_string\"}}],\"inLanguage\":\"es\"},{\"@type\":\"Organization\",\"@id\":\"https:\/\/amica.es\/es\/#organization\",\"name\":\"Asociaci\u00f3n Amica\",\"url\":\"https:\/\/amica.es\/es\/\",\"logo\":{\"@type\":\"ImageObject\",\"inLanguage\":\"es\",\"@id\":\"https:\/\/amica.es\/es\/#\/schema\/logo\/image\/\",\"url\":\"https:\/\/amica.es\/es\/wp-content\/uploads\/2024\/07\/Amica-Logo.png\",\"contentUrl\":\"https:\/\/amica.es\/es\/wp-content\/uploads\/2024\/07\/Amica-Logo.png\",\"width\":1653,\"height\":577,\"caption\":\"Asociaci\u00f3n Amica\"},\"image\":{\"@id\":\"https:\/\/amica.es\/es\/#\/schema\/logo\/image\/\"},\"sameAs\":[\"https:\/\/www.facebook.com\/amicaasociacion\",\"https:\/\/x.com\/asociacionamica\",\"https:\/\/www.youtube.com\/c\/asociacionamicacantabria\",\"https:\/\/es.linkedin.com\/company\/asociacionamica?trk=similar-companies_org_title\",\"https:\/\/www.instagram.com\/asociacionamica\/\"]}]}<\/script>\n<!-- \/ Yoast SEO plugin. -->","yoast_head_json":{"title":"Licitaciones - Amica - Descubriendo Capacidades","robots":{"index":"index","follow":"follow","max-snippet":"max-snippet:-1","max-image-preview":"max-image-preview:large","max-video-preview":"max-video-preview:-1"},"canonical":"https:\/\/amica.es\/es\/licitaciones\/","og_locale":"es_ES","og_type":"article","og_title":"Licitaciones - Amica - Descubriendo Capacidades","og_description":"Read more","og_url":"https:\/\/amica.es\/es\/licitaciones\/","og_site_name":"Amica - Descubriendo Capacidades","article_publisher":"https:\/\/www.facebook.com\/amicaasociacion","article_modified_time":"2025-01-13T10:35:14+00:00","twitter_card":"summary_large_image","twitter_site":"@asociacionamica","twitter_misc":{"Tiempo de lectura":"1 minuto"},"schema":{"@context":"https:\/\/schema.org","@graph":[{"@type":"WebPage","@id":"https:\/\/amica.es\/es\/licitaciones\/","url":"https:\/\/amica.es\/es\/licitaciones\/","name":"Licitaciones - Amica - Descubriendo Capacidades","isPartOf":{"@id":"https:\/\/amica.es\/es\/#website"},"datePublished":"2024-02-06T09:38:41+00:00","dateModified":"2025-01-13T10:35:14+00:00","breadcrumb":{"@id":"https:\/\/amica.es\/es\/licitaciones\/#breadcrumb"},"inLanguage":"es","potentialAction":[{"@type":"ReadAction","target":["https:\/\/amica.es\/es\/licitaciones\/"]}]},{"@type":"BreadcrumbList","@id":"https:\/\/amica.es\/es\/licitaciones\/#breadcrumb","itemListElement":[{"@type":"ListItem","position":1,"name":"Portada","item":"https:\/\/amica.es\/es\/"},{"@type":"ListItem","position":2,"name":"Licitaciones"}]},{"@type":"WebSite","@id":"https:\/\/amica.es\/es\/#website","url":"https:\/\/amica.es\/es\/","name":"Amica - Descubriendo Capacidades","description":"Apoyando a personas con discapacidad desde 1984","publisher":{"@id":"https:\/\/amica.es\/es\/#organization"},"potentialAction":[{"@type":"SearchAction","target":{"@type":"EntryPoint","urlTemplate":"https:\/\/amica.es\/es\/?s={search_term_string}"},"query-input":{"@type":"PropertyValueSpecification","valueRequired":true,"valueName":"search_term_string"}}],"inLanguage":"es"},{"@type":"Organization","@id":"https:\/\/amica.es\/es\/#organization","name":"Asociaci\u00f3n Amica","url":"https:\/\/amica.es\/es\/","logo":{"@type":"ImageObject","inLanguage":"es","@id":"https:\/\/amica.es\/es\/#\/schema\/logo\/image\/","url":"https:\/\/amica.es\/es\/wp-content\/uploads\/2024\/07\/Amica-Logo.png","contentUrl":"https:\/\/amica.es\/es\/wp-content\/uploads\/2024\/07\/Amica-Logo.png","width":1653,"height":577,"caption":"Asociaci\u00f3n Amica"},"image":{"@id":"https:\/\/amica.es\/es\/#\/schema\/logo\/image\/"},"sameAs":["https:\/\/www.facebook.com\/amicaasociacion","https:\/\/x.com\/asociacionamica","https:\/\/www.youtube.com\/c\/asociacionamicacantabria","https:\/\/es.linkedin.com\/company\/asociacionamica?trk=similar-companies_org_title","https:\/\/www.instagram.com\/asociacionamica\/"]}]}},"_links":{"self":[{"href":"https:\/\/amica.es\/es\/wp-json\/wp\/v2\/pages\/17156","targetHints":{"allow":["GET"]}}],"collection":[{"href":"https:\/\/amica.es\/es\/wp-json\/wp\/v2\/pages"}],"about":[{"href":"https:\/\/amica.es\/es\/wp-json\/wp\/v2\/types\/page"}],"author":[{"embeddable":true,"href":"https:\/\/amica.es\/es\/wp-json\/wp\/v2\/users\/1"}],"replies":[{"embeddable":true,"href":"https:\/\/amica.es\/es\/wp-json\/wp\/v2\/comments?post=17156"}],"version-history":[{"count":3,"href":"https:\/\/amica.es\/es\/wp-json\/wp\/v2\/pages\/17156\/revisions"}],"predecessor-version":[{"id":18853,"href":"https:\/\/amica.es\/es\/wp-json\/wp\/v2\/pages\/17156\/revisions\/18853"}],"wp:attachment":[{"href":"https:\/\/amica.es\/es\/wp-json\/wp\/v2\/media?parent=17156"}],"curies":[{"name":"wp","href":"https:\/\/api.w.org\/{rel}","templated":true}]}}