{"id":277,"date":"2017-05-22T16:26:58","date_gmt":"2017-05-22T16:26:58","guid":{"rendered":"http:\/\/amica.es\/es\/?page_id=277"},"modified":"2024-01-18T16:08:50","modified_gmt":"2024-01-18T14:08:50","slug":"boletin-de-amica","status":"publish","type":"page","link":"https:\/\/amica.es\/es\/boletin-de-amica\/","title":{"rendered":"Bolet\u00edn de Amica"},"content":{"rendered":"<div class=\"wpb-content-wrapper\">[vc_row][vc_column][vc_custom_heading text=&#8221;Bolet\u00edn Amica&#8221; font_container=&#8221;tag:h2|font_size:36px|text_align:center|color:%23333333|line_height:40px&#8221; google_fonts=&#8221;font_family:Open%20Sans%3A300%2C300italic%2Cregular%2Citalic%2C600%2C600italic%2C700%2C700italic%2C800%2C800italic|font_style:300%20light%20regular%3A300%3Anormal&#8221; css=&#8221;.vc_custom_1502706781350{margin-bottom: 23px !important;}&#8221;]<style type=\"text\/css\" >#l_psibsts4mfaud6eco5tk{width:100px;}#l_psibsts4mfaud6eco5tk.sc_line ,#l_psibsts4mfaud6eco5tk .sc_line { height:1px; background: #e62e31; background: -moz-linear-gradient(90deg, #e62e31 0%, #525c5e 100%); background: -webkit-gradient(linear, left top, right bottom, color-stop(0%,#e62e31), color-stop(100%,#525c5e)); background: -webkit-linear-gradient(90deg, #e62e31 0%,#525c5e 100%); background: -o-linear-gradient(90deg, #e62e31 0%,#525c5e 100%); background: -ms-linear-gradient(90deg, #e62e31 0%,#525c5e 100%); background: linear-gradient(90deg, #e62e31 0%,#525c5e 100%);}#l_psibsts4mfaud6eco5tk.sc_line ,#l_psibsts4mfaud6eco5tk .sc_line{margin-left:auto!important; margin-right:auto!important;}#l_psibsts4mfaud6eco5tk {margin:0px 0 23px 0; padding:0;}<\/style><div class=\"clearfix\"><\/div><div id=\"l_psibsts4mfaud6eco5tk\"  class=\"sc_line rd_line_normal\" ><\/div>[vc_column_text]Desde los comienzos de la Asociaci\u00f3n hemos querido mantener un v\u00ednculo de informaci\u00f3n con usuarios, familias, profesionales y todas las personas interesadas en el mundo de la discapacidad. Para ello surgi\u00f3 El Bolet\u00edn que desde 1987 venimos elaborando, al principio muy modestamente, hasta llegar a la actualidad con una publicaci\u00f3n en color y con contenidos diversos. Desde esta p\u00e1gina puedes verlos todos en formato PDF (Acrobat Reader). Creemos que es una buena forma de comprobar la evoluci\u00f3n de la Asociaci\u00f3n.<\/p>\n<p>Tambi\u00e9n se publica a modo de suplemento El Diario de La Vega, realizado por los usuarios del Centro La Vega, con mucha ma\u00f1a y acierto, todo hay que decirlo.[\/vc_column_text][\/vc_column][\/vc_row][vc_row][vc_column]<div id=\"el-140259354465a930c9b6331\" class=\" card-4361 ss-element gusta-post-listing\" data-query_vars=\"YSUzQTklM0ElN0JzJTNBMTQlM0ElMjJwb3N0c19wZXJfcGFnZSUyMiUzQnMlM0EyJTNBJTIyMTIlMjIlM0JzJTNBNiUzQSUyMm9mZnNldCUyMiUzQnMlM0EwJTNBJTIyJTIyJTNCcyUzQTclM0ElMjJvcmRlcmJ5JTIyJTNCcyUzQTQlM0ElMjJkYXRlJTIyJTNCcyUzQTUlM0ElMjJvcmRlciUyMiUzQnMlM0E0JTNBJTIyREVTQyUyMiUzQnMlM0ExMSUzQSUyMnBvc3Rfc3RhdHVzJTIyJTNCcyUzQTclM0ElMjJwdWJsaXNoJTIyJTNCcyUzQTE5JTNBJTIyaWdub3JlX3N0aWNreV9wb3N0cyUyMiUzQmIlM0ExJTNCcyUzQTklM0ElMjJwb3N0X3R5cGUlMjIlM0JzJTNBNCUzQSUyMnBvc3QlMjIlM0JzJTNBOSUzQSUyMnRheF9xdWVyeSUyMiUzQmElM0EyJTNBJTdCcyUzQTglM0ElMjJyZWxhdGlvbiUyMiUzQnMlM0EzJTNBJTIyQU5EJTIyJTNCaSUzQTAlM0JhJTNBMiUzQSU3QnMlM0E4JTNBJTIydGF4b25vbXklMjIlM0JzJTNBOCUzQSUyMmNhdGVnb3J5JTIyJTNCcyUzQTUlM0ElMjJ0ZXJtcyUyMiUzQmElM0ExJTNBJTdCaSUzQTAlM0JzJTNBMiUzQSUyMjMzJTIyJTNCJTdEJTdEJTdEcyUzQTUlM0ElMjJwYWdlZCUyMiUzQmklM0ExJTNCJTdE\" data-page=\"2\" data-total=\"26\" data-card_design=\"4361\" data-tax=\"0\"><div class=\"gusta-grid\" data-columns><div class=\"post-listing-container\" id=\"gusta-post-18157\" style=\"-webkit-animation-delay: 100ms; animation-delay: 100ms;\">[vc_row][vc_column]<div class=\"gusta-align-center  \"><a class=\"linked ss-element gusta-featured-image featured-image-19729929195b8d0fa28bcd7 show-show boletinportada ani-fade\" href=\"https:\/\/amica.es\/es\/boletin-105\/\"><img decoding=\"async\" src=\"https:\/\/amica.es\/es\/wp-content\/uploads\/2024\/08\/boletin-105-230x323.png\" alt=\"Portada del bolet\u00edn n\u00famero 2023\" \/><\/a><\/div><div class=\"gusta-clear gusta-mobile-clear\"><\/div>[\/vc_column][\/vc_row]<\/div><div class=\"post-listing-container\" id=\"gusta-post-16292\" style=\"-webkit-animation-delay: 200ms; animation-delay: 200ms;\">[vc_row][vc_column]<div class=\"gusta-align-center  \"><a class=\"linked ss-element gusta-featured-image featured-image-19729929195b8d0fa28bcd7 show-show boletinportada ani-fade\" href=\"https:\/\/amica.es\/es\/boletin-de-amica-no-104\/\"><img decoding=\"async\" src=\"https:\/\/amica.es\/es\/wp-content\/uploads\/2023\/06\/104-230x323.jpg\" alt=\"\" \/><\/a><\/div><div class=\"gusta-clear gusta-mobile-clear\"><\/div>[\/vc_column][\/vc_row]<\/div><div class=\"post-listing-container\" id=\"gusta-post-15730\" style=\"-webkit-animation-delay: 300ms; animation-delay: 300ms;\">[vc_row][vc_column]<div class=\"gusta-align-center  \"><a class=\"linked ss-element gusta-featured-image featured-image-19729929195b8d0fa28bcd7 show-show boletinportada ani-fade\" href=\"https:\/\/amica.es\/es\/boletin-de-amica-no-103\/\"><img decoding=\"async\" src=\"https:\/\/amica.es\/es\/wp-content\/uploads\/2023\/03\/portada-boletin-103-230x323.jpg\" alt=\"\" \/><\/a><\/div><div class=\"gusta-clear gusta-mobile-clear\"><\/div>[\/vc_column][\/vc_row]<\/div><div class=\"post-listing-container\" id=\"gusta-post-14901\" style=\"-webkit-animation-delay: 400ms; animation-delay: 400ms;\">[vc_row][vc_column]<div class=\"gusta-align-center  \"><a class=\"linked ss-element gusta-featured-image featured-image-19729929195b8d0fa28bcd7 show-show boletinportada ani-fade\" href=\"https:\/\/amica.es\/es\/boletin-de-amica-no-102\/\"><img decoding=\"async\" src=\"https:\/\/amica.es\/es\/wp-content\/uploads\/2022\/09\/b102-230x323.jpg\" alt=\"Bolet\u00edn de Amica n\u00ba 102\" \/><\/a><\/div><div class=\"gusta-clear gusta-mobile-clear\"><\/div>[\/vc_column][\/vc_row]<\/div><div class=\"post-listing-container\" id=\"gusta-post-14220\" style=\"-webkit-animation-delay: 500ms; animation-delay: 500ms;\">[vc_row][vc_column]<div class=\"gusta-align-center  \"><a class=\"linked ss-element gusta-featured-image featured-image-19729929195b8d0fa28bcd7 show-show boletinportada ani-fade\" href=\"https:\/\/amica.es\/es\/boletin-de-amica-no-101\/\"><img decoding=\"async\" src=\"https:\/\/amica.es\/es\/wp-content\/uploads\/2022\/05\/101-230x323.jpg\" alt=\"Bolet\u00edn de Amica n\u00ba 101\" \/><\/a><\/div><div class=\"gusta-clear gusta-mobile-clear\"><\/div>[\/vc_column][\/vc_row]<\/div><div class=\"post-listing-container\" id=\"gusta-post-12956\" style=\"-webkit-animation-delay: 600ms; animation-delay: 600ms;\">[vc_row][vc_column]<div class=\"gusta-align-center  \"><a class=\"linked ss-element gusta-featured-image featured-image-19729929195b8d0fa28bcd7 show-show boletinportada ani-fade\" href=\"https:\/\/amica.es\/es\/boletin-de-amica-no-100\/\"><img decoding=\"async\" src=\"https:\/\/amica.es\/es\/wp-content\/uploads\/2021\/12\/Captura-de-pantalla-2021-12-30-200036-1-230x323.png\" alt=\"\" \/><\/a><\/div><div class=\"gusta-clear gusta-mobile-clear\"><\/div>[\/vc_column][\/vc_row]<\/div><div class=\"post-listing-container\" id=\"gusta-post-12087\" style=\"-webkit-animation-delay: 700ms; animation-delay: 700ms;\">[vc_row][vc_column]<div class=\"gusta-align-center  \"><a class=\"linked ss-element gusta-featured-image featured-image-19729929195b8d0fa28bcd7 show-show boletinportada ani-fade\" href=\"https:\/\/amica.es\/es\/boletin-de-amica-no-99\/\"><img decoding=\"async\" src=\"https:\/\/amica.es\/es\/wp-content\/uploads\/2021\/09\/boletin99-230x323.jpg\" alt=\"\" \/><\/a><\/div><div class=\"gusta-clear gusta-mobile-clear\"><\/div>[\/vc_column][\/vc_row]<\/div><div class=\"post-listing-container\" id=\"gusta-post-11702\" style=\"-webkit-animation-delay: 800ms; animation-delay: 800ms;\">[vc_row][vc_column]<div class=\"gusta-align-center  \"><a class=\"linked ss-element gusta-featured-image featured-image-19729929195b8d0fa28bcd7 show-show boletinportada ani-fade\" href=\"https:\/\/amica.es\/es\/boletin-de-amica-no-98\/\"><img decoding=\"async\" src=\"https:\/\/amica.es\/es\/wp-content\/uploads\/2021\/06\/boletin98-230x323.jpg\" alt=\"Bolet\u00edn de Amica n\u00ba 98\" \/><\/a><\/div><div class=\"gusta-clear gusta-mobile-clear\"><\/div>[\/vc_column][\/vc_row]<\/div><div class=\"post-listing-container\" id=\"gusta-post-10882\" style=\"-webkit-animation-delay: 900ms; animation-delay: 900ms;\">[vc_row][vc_column]<div class=\"gusta-align-center  \"><a class=\"linked ss-element gusta-featured-image featured-image-19729929195b8d0fa28bcd7 show-show boletinportada ani-fade\" href=\"https:\/\/amica.es\/es\/boletin-de-amica-no-97\/\"><img decoding=\"async\" src=\"https:\/\/amica.es\/es\/wp-content\/uploads\/2021\/02\/boletin22-230x323.jpg\" alt=\"boletin amica 97\" \/><\/a><\/div><div class=\"gusta-clear gusta-mobile-clear\"><\/div>[\/vc_column][\/vc_row]<\/div><div class=\"post-listing-container\" id=\"gusta-post-9843\" style=\"-webkit-animation-delay: 1000ms; animation-delay: 1000ms;\">[vc_row][vc_column]<div class=\"gusta-align-center  \"><a class=\"linked ss-element gusta-featured-image featured-image-19729929195b8d0fa28bcd7 show-show boletinportada ani-fade\" href=\"https:\/\/amica.es\/es\/boletin-de-amica-no-96\/\"><img decoding=\"async\" src=\"https:\/\/amica.es\/es\/wp-content\/uploads\/2020\/09\/PORTADA-BOLETIN-96-230x323.png\" alt=\"iMAGEN DE LA PORTADA DE LA REVISTA\" \/><\/a><\/div><div class=\"gusta-clear gusta-mobile-clear\"><\/div>[\/vc_column][\/vc_row]<\/div><div class=\"post-listing-container\" id=\"gusta-post-9356\" style=\"-webkit-animation-delay: 1100ms; animation-delay: 1100ms;\">[vc_row][vc_column]<div class=\"gusta-align-center  \"><a class=\"linked ss-element gusta-featured-image featured-image-19729929195b8d0fa28bcd7 show-show boletinportada ani-fade\" href=\"https:\/\/amica.es\/es\/boletin-de-amica-no-95\/\"><img decoding=\"async\" src=\"https:\/\/amica.es\/es\/wp-content\/uploads\/2020\/05\/boletin95-230x323.jpg\" alt=\"Bolet\u00edn de Amica n\u00ba 95\" \/><\/a><\/div><div class=\"gusta-clear gusta-mobile-clear\"><\/div>[\/vc_column][\/vc_row]<\/div><div class=\"post-listing-container\" id=\"gusta-post-8449\" style=\"-webkit-animation-delay: 1200ms; animation-delay: 1200ms;\">[vc_row][vc_column]<div class=\"gusta-align-center  \"><a class=\"linked ss-element gusta-featured-image featured-image-19729929195b8d0fa28bcd7 show-show boletinportada ani-fade\" href=\"https:\/\/amica.es\/es\/boletin-de-amica-no-94\/\"><img decoding=\"async\" src=\"https:\/\/amica.es\/es\/wp-content\/uploads\/2020\/02\/boletin-230x323.jpg\" alt=\"Bolet\u00edn de Amica n\u00ba 94\" \/><\/a><\/div><div class=\"gusta-clear gusta-mobile-clear\"><\/div>[\/vc_column][\/vc_row]<\/div><\/div><div class=\"clear\"><\/div><div class=\"gusta-load-more gusta-align-center\"><button id=\"gusta-load-more-el-140259354465a930c9b6331\" class=\"load-more-button btn\">Ver m\u00e1s boletines<\/button><\/div><\/div>[\/vc_column][\/vc_row][vc_row][vc_column]<style type=\"text\/css\" >#b_dgvsbi7u5obcklt0t3q3 a{color:#545e5d; background:; border-style:solid; border-color:#545e5d; margin-top:0px; margin-bottom:0px;  margin-left:0px; margin-right:0px; font-weight:900; border-radius:5px;}#b_dgvsbi7u5obcklt0t3q3 a:hover{color:#ffffff ; background:#dd3333 ; border-color:#dd3333;}<\/style><div class=\"ta_center tf_btn_pos\" id=\"b_dgvsbi7u5obcklt0t3q3\" ><a class=\"rd_stroke_bt large_rd_bt border_2px  \" href=\"https:\/\/amica.es\/web\/index.php\/comunicacion\/boletin-de-amica\" target=\"yes\"   >Ver archivo de boletines de Amica (n\u00ba79 y anteriores)<\/a><\/div>[\/vc_column][\/vc_row]\n<\/div>","protected":false},"excerpt":{"rendered":"<p><a href=\"https:\/\/amica.es\/es\/boletin-de-amica-no-94\/\" class=\"more\">Read more<\/a><\/p>\n","protected":false},"author":1,"featured_media":0,"parent":0,"menu_order":0,"comment_status":"closed","ping_status":"closed","template":"","meta":{"_monsterinsights_skip_tracking":false,"_monsterinsights_sitenote_active":false,"_monsterinsights_sitenote_note":"","_monsterinsights_sitenote_category":0,"_joinchat":[],"footnotes":""},"class_list":["post-277","page","type-page","status-publish","hentry"],"yoast_head":"<!-- This site is optimized with the Yoast SEO plugin v25.6 - https:\/\/yoast.com\/wordpress\/plugins\/seo\/ -->\n<title>Bolet\u00edn de Amica - Amica - Descubriendo Capacidades<\/title>\n<meta name=\"robots\" content=\"index, follow, max-snippet:-1, max-image-preview:large, max-video-preview:-1\" \/>\n<link rel=\"canonical\" href=\"https:\/\/amica.es\/es\/boletin-de-amica\/\" \/>\n<meta property=\"og:locale\" content=\"es_ES\" \/>\n<meta property=\"og:type\" content=\"article\" \/>\n<meta property=\"og:title\" content=\"Bolet\u00edn de Amica - Amica - Descubriendo Capacidades\" \/>\n<meta property=\"og:description\" content=\"Read more\" \/>\n<meta property=\"og:url\" content=\"https:\/\/amica.es\/es\/boletin-de-amica\/\" \/>\n<meta property=\"og:site_name\" content=\"Amica - Descubriendo Capacidades\" \/>\n<meta property=\"article:publisher\" content=\"https:\/\/www.facebook.com\/amicaasociacion\" \/>\n<meta property=\"article:modified_time\" content=\"2024-01-18T14:08:50+00:00\" \/>\n<meta name=\"twitter:card\" content=\"summary_large_image\" \/>\n<meta name=\"twitter:site\" content=\"@asociacionamica\" \/>\n<meta name=\"twitter:label1\" content=\"Tiempo de lectura\" \/>\n\t<meta name=\"twitter:data1\" content=\"1 minuto\" \/>\n<script type=\"application\/ld+json\" class=\"yoast-schema-graph\">{\"@context\":\"https:\/\/schema.org\",\"@graph\":[{\"@type\":\"WebPage\",\"@id\":\"https:\/\/amica.es\/es\/boletin-de-amica\/\",\"url\":\"https:\/\/amica.es\/es\/boletin-de-amica\/\",\"name\":\"Bolet\u00edn de Amica - Amica - Descubriendo Capacidades\",\"isPartOf\":{\"@id\":\"https:\/\/amica.es\/es\/#website\"},\"datePublished\":\"2017-05-22T16:26:58+00:00\",\"dateModified\":\"2024-01-18T14:08:50+00:00\",\"breadcrumb\":{\"@id\":\"https:\/\/amica.es\/es\/boletin-de-amica\/#breadcrumb\"},\"inLanguage\":\"es\",\"potentialAction\":[{\"@type\":\"ReadAction\",\"target\":[\"https:\/\/amica.es\/es\/boletin-de-amica\/\"]}]},{\"@type\":\"BreadcrumbList\",\"@id\":\"https:\/\/amica.es\/es\/boletin-de-amica\/#breadcrumb\",\"itemListElement\":[{\"@type\":\"ListItem\",\"position\":1,\"name\":\"Portada\",\"item\":\"https:\/\/amica.es\/es\/\"},{\"@type\":\"ListItem\",\"position\":2,\"name\":\"Bolet\u00edn de Amica\"}]},{\"@type\":\"WebSite\",\"@id\":\"https:\/\/amica.es\/es\/#website\",\"url\":\"https:\/\/amica.es\/es\/\",\"name\":\"Amica - Descubriendo Capacidades\",\"description\":\"Apoyando a personas con discapacidad desde 1984\",\"publisher\":{\"@id\":\"https:\/\/amica.es\/es\/#organization\"},\"potentialAction\":[{\"@type\":\"SearchAction\",\"target\":{\"@type\":\"EntryPoint\",\"urlTemplate\":\"https:\/\/amica.es\/es\/?s={search_term_string}\"},\"query-input\":{\"@type\":\"PropertyValueSpecification\",\"valueRequired\":true,\"valueName\":\"search_term_string\"}}],\"inLanguage\":\"es\"},{\"@type\":\"Organization\",\"@id\":\"https:\/\/amica.es\/es\/#organization\",\"name\":\"Asociaci\u00f3n Amica\",\"url\":\"https:\/\/amica.es\/es\/\",\"logo\":{\"@type\":\"ImageObject\",\"inLanguage\":\"es\",\"@id\":\"https:\/\/amica.es\/es\/#\/schema\/logo\/image\/\",\"url\":\"https:\/\/amica.es\/es\/wp-content\/uploads\/2024\/07\/Amica-Logo.png\",\"contentUrl\":\"https:\/\/amica.es\/es\/wp-content\/uploads\/2024\/07\/Amica-Logo.png\",\"width\":1653,\"height\":577,\"caption\":\"Asociaci\u00f3n Amica\"},\"image\":{\"@id\":\"https:\/\/amica.es\/es\/#\/schema\/logo\/image\/\"},\"sameAs\":[\"https:\/\/www.facebook.com\/amicaasociacion\",\"https:\/\/x.com\/asociacionamica\",\"https:\/\/www.youtube.com\/c\/asociacionamicacantabria\",\"https:\/\/es.linkedin.com\/company\/asociacionamica?trk=similar-companies_org_title\",\"https:\/\/www.instagram.com\/asociacionamica\/\"]}]}<\/script>\n<!-- \/ Yoast SEO plugin. -->","yoast_head_json":{"title":"Bolet\u00edn de Amica - Amica - Descubriendo Capacidades","robots":{"index":"index","follow":"follow","max-snippet":"max-snippet:-1","max-image-preview":"max-image-preview:large","max-video-preview":"max-video-preview:-1"},"canonical":"https:\/\/amica.es\/es\/boletin-de-amica\/","og_locale":"es_ES","og_type":"article","og_title":"Bolet\u00edn de Amica - Amica - Descubriendo Capacidades","og_description":"Read more","og_url":"https:\/\/amica.es\/es\/boletin-de-amica\/","og_site_name":"Amica - Descubriendo Capacidades","article_publisher":"https:\/\/www.facebook.com\/amicaasociacion","article_modified_time":"2024-01-18T14:08:50+00:00","twitter_card":"summary_large_image","twitter_site":"@asociacionamica","twitter_misc":{"Tiempo de lectura":"1 minuto"},"schema":{"@context":"https:\/\/schema.org","@graph":[{"@type":"WebPage","@id":"https:\/\/amica.es\/es\/boletin-de-amica\/","url":"https:\/\/amica.es\/es\/boletin-de-amica\/","name":"Bolet\u00edn de Amica - Amica - Descubriendo Capacidades","isPartOf":{"@id":"https:\/\/amica.es\/es\/#website"},"datePublished":"2017-05-22T16:26:58+00:00","dateModified":"2024-01-18T14:08:50+00:00","breadcrumb":{"@id":"https:\/\/amica.es\/es\/boletin-de-amica\/#breadcrumb"},"inLanguage":"es","potentialAction":[{"@type":"ReadAction","target":["https:\/\/amica.es\/es\/boletin-de-amica\/"]}]},{"@type":"BreadcrumbList","@id":"https:\/\/amica.es\/es\/boletin-de-amica\/#breadcrumb","itemListElement":[{"@type":"ListItem","position":1,"name":"Portada","item":"https:\/\/amica.es\/es\/"},{"@type":"ListItem","position":2,"name":"Bolet\u00edn de Amica"}]},{"@type":"WebSite","@id":"https:\/\/amica.es\/es\/#website","url":"https:\/\/amica.es\/es\/","name":"Amica - Descubriendo Capacidades","description":"Apoyando a personas con discapacidad desde 1984","publisher":{"@id":"https:\/\/amica.es\/es\/#organization"},"potentialAction":[{"@type":"SearchAction","target":{"@type":"EntryPoint","urlTemplate":"https:\/\/amica.es\/es\/?s={search_term_string}"},"query-input":{"@type":"PropertyValueSpecification","valueRequired":true,"valueName":"search_term_string"}}],"inLanguage":"es"},{"@type":"Organization","@id":"https:\/\/amica.es\/es\/#organization","name":"Asociaci\u00f3n Amica","url":"https:\/\/amica.es\/es\/","logo":{"@type":"ImageObject","inLanguage":"es","@id":"https:\/\/amica.es\/es\/#\/schema\/logo\/image\/","url":"https:\/\/amica.es\/es\/wp-content\/uploads\/2024\/07\/Amica-Logo.png","contentUrl":"https:\/\/amica.es\/es\/wp-content\/uploads\/2024\/07\/Amica-Logo.png","width":1653,"height":577,"caption":"Asociaci\u00f3n Amica"},"image":{"@id":"https:\/\/amica.es\/es\/#\/schema\/logo\/image\/"},"sameAs":["https:\/\/www.facebook.com\/amicaasociacion","https:\/\/x.com\/asociacionamica","https:\/\/www.youtube.com\/c\/asociacionamicacantabria","https:\/\/es.linkedin.com\/company\/asociacionamica?trk=similar-companies_org_title","https:\/\/www.instagram.com\/asociacionamica\/"]}]}},"_links":{"self":[{"href":"https:\/\/amica.es\/es\/wp-json\/wp\/v2\/pages\/277","targetHints":{"allow":["GET"]}}],"collection":[{"href":"https:\/\/amica.es\/es\/wp-json\/wp\/v2\/pages"}],"about":[{"href":"https:\/\/amica.es\/es\/wp-json\/wp\/v2\/types\/page"}],"author":[{"embeddable":true,"href":"https:\/\/amica.es\/es\/wp-json\/wp\/v2\/users\/1"}],"replies":[{"embeddable":true,"href":"https:\/\/amica.es\/es\/wp-json\/wp\/v2\/comments?post=277"}],"version-history":[{"count":13,"href":"https:\/\/amica.es\/es\/wp-json\/wp\/v2\/pages\/277\/revisions"}],"predecessor-version":[{"id":17061,"href":"https:\/\/amica.es\/es\/wp-json\/wp\/v2\/pages\/277\/revisions\/17061"}],"wp:attachment":[{"href":"https:\/\/amica.es\/es\/wp-json\/wp\/v2\/media?parent=277"}],"curies":[{"name":"wp","href":"https:\/\/api.w.org\/{rel}","templated":true}]}}