{"id":6509,"date":"2019-04-08T16:02:24","date_gmt":"2019-04-08T16:02:24","guid":{"rendered":"https:\/\/amica.es\/es\/?page_id=6509"},"modified":"2025-05-16T16:17:36","modified_gmt":"2025-05-16T14:17:36","slug":"fines-sociales","status":"publish","type":"page","link":"https:\/\/amica.es\/es\/fines-sociales\/","title":{"rendered":"Fines sociales"},"content":{"rendered":"<div class=\"wpb-content-wrapper\">[vc_row type=&#8221;full-width-section&#8221; css=&#8221;.vc_custom_1498645532783{margin-top: 0px !important;margin-bottom: 0px !important;padding-top: 200px !important;padding-bottom: 200px !important;background-image: url(http:\/\/amica.es\/es\/wp-content\/uploads\/2017\/05\/valores.jpg?id=591) !important;background-position: center !important;background-repeat: no-repeat !important;background-size: cover !important;}&#8221;][vc_column][vc_empty_space][\/vc_column][\/vc_row][vc_row type=&#8221;full-width-section&#8221; css=&#8221;.vc_custom_1495642665358{margin-bottom: 0px !important;padding-top: 70px !important;padding-bottom: 70px !important;}&#8221;][vc_column][vc_custom_heading text=&#8221;Fines sociales&#8221; font_container=&#8221;tag:h2|font_size:36px|text_align:center|color:%23333333|line_height:40px&#8221; google_fonts=&#8221;font_family:Open%20Sans%3A300%2C300italic%2Cregular%2Citalic%2C600%2C600italic%2C700%2C700italic%2C800%2C800italic|font_style:300%20light%20regular%3A300%3Anormal&#8221; css=&#8221;.vc_custom_1554739311213{margin-bottom: 23px !important;}&#8221;]<style type=\"text\/css\" >#l_y61x5hv8canaohk90o1s{width:100px;}#l_y61x5hv8canaohk90o1s.sc_line ,#l_y61x5hv8canaohk90o1s .sc_line { height:1px; background: #e62e31; background: -moz-linear-gradient(90deg, #e62e31 0%, #525c5e 100%); background: -webkit-gradient(linear, left top, right bottom, color-stop(0%,#e62e31), color-stop(100%,#525c5e)); background: -webkit-linear-gradient(90deg, #e62e31 0%,#525c5e 100%); background: -o-linear-gradient(90deg, #e62e31 0%,#525c5e 100%); background: -ms-linear-gradient(90deg, #e62e31 0%,#525c5e 100%); background: linear-gradient(90deg, #e62e31 0%,#525c5e 100%);}#l_y61x5hv8canaohk90o1s.sc_line ,#l_y61x5hv8canaohk90o1s .sc_line{margin-left:auto!important; margin-right:auto!important;}#l_y61x5hv8canaohk90o1s {margin:0px 0 19px 0; padding:0;}<\/style><div class=\"clearfix\"><\/div><div id=\"l_y61x5hv8canaohk90o1s\"  class=\"sc_line rd_line_normal\" ><\/div>[vc_column_text font_size=&#8221;20&#8243; line_height=&#8221;30&#8243;]Los <strong>fines<\/strong> seg\u00fan sus Estatutos son:<\/p>\n<ol>\n<li>Promover el desarrollo integral, la autonom\u00eda e independencia, la igualdad de oportunidades y derechos, para evitar cualquier situaci\u00f3n de discriminaci\u00f3n o exclusi\u00f3n social. Aportando los apoyos, que respondan a las necesidades y demandas individuales.<\/li>\n<li>Contribuir a la prevenci\u00f3n de las discapacidades, a la valoraci\u00f3n de las capacidades de cada persona y a la orientaci\u00f3n y apoyo a las limitaciones, desde los primeros meses de vida<\/li>\n<li>Prestar apoyos a trav\u00e9s de servicios de atenci\u00f3n social, valoraci\u00f3n y seguimiento multidisciplinar, atenci\u00f3n a la infancia, atenci\u00f3n de d\u00eda, alojamiento, formaci\u00f3n, empleo, ocio, deporte y acceso a la cultura, rehabilitaci\u00f3n, apoyo personal y en el hogar. As\u00ed como programas de promoci\u00f3n de vida independiente, de participaci\u00f3n social y cualquier otro que redunde en una mejor calidad de vida.<\/li>\n<li>Potenciar el que las personas cuenten con entornos accesibles, a trav\u00e9s de la concienciaci\u00f3n y\/o desarrollo de proyectos colaborativos orientados a la accesibilidad y dise\u00f1o universal de espacios urbanos, del medio natural, edificios, transporte, de la informaci\u00f3n y comunicaci\u00f3n, as\u00ed como la eliminaci\u00f3n de todo tipo de barreras, incluidas las sociales para promover un cambio de mirada de la sociedad y el ejercicio de derechos.<\/li>\n<li>Informar y concienciar sobre la necesidad de contribuir al cumplimiento de los objetivos que favorezcan un desarrollo sostenible en el mundo, y participar y\/o impulsar iniciativas que fomenten la educaci\u00f3n inclusiva, el empleo de calidad, la vida saludable, la igualdad de oportunidades, la igualdad de g\u00e9nero, la protecci\u00f3n del medio ambiente y la lucha contra el cambio clim\u00e1tico, as\u00ed como cualquier otro \u00e1mbito que permita desarrollar modelos econ\u00f3micos sostenibles y sociedades justas e inclusivas, donde ninguna persona se quede atr\u00e1s.<\/li>\n<li>Sensibilizar a la familia y a la sociedad en general, para avanzar en el respeto de los derechos y la dignidad de las personas con discapacidad.<\/li>\n<li>Resaltar las capacidades que cada persona tiene m\u00e1s all\u00e1 de las limitaciones, promoviendo las aportaciones que puede hacer a la sociedad.<\/li>\n<li>Prestar especial atenci\u00f3n a personas con discapacidad con mayor situaci\u00f3n de vulnerabilidad y\/o riesgo de exclusi\u00f3n priorizando el apoyo o desarrollando \u00a0acciones espec\u00edficas que favorezcan el desarrollo personal y la participaci\u00f3n social de:\u00a0Infancia,\u00a0Juventud,\u00a0Personas mayores,\u00a0Mujeres y en especial a v\u00edctimas de violencia de g\u00e9nero,\u00a0Personas paradas de larga duraci\u00f3n,\u00a0Personas pertenecientes a minor\u00edas \u00e9tnicas o inmigrantes,\u00a0Personas residentes en el medio rural,\u00a0Personas con mayores necesidades de apoyo\u00a0Y en general personas en situaci\u00f3n especial de desventaja que limitan el aprovechamiento de los recursos ordinarios.<\/li>\n<li>Apoyar iniciativas que favorezcan la visibilidad de la discapacidad en los pa\u00edses empobrecidos, a trav\u00e9s de la participaci\u00f3n en programas de cooperaci\u00f3n al desarrollo, establecimiento de convenios con entidades y organismos internacionales y en los propios pa\u00edses de actuaci\u00f3n, apoyo t\u00e9cnico y cuantas actuaciones favorezcan la consecuci\u00f3n de la\u00a0 igualdad de\u00a0 derechos de las personas con discapacidad en estos pa\u00edses<\/li>\n<li>Cualquier otro que, de modo directo o indirecto contribuya a la realizaci\u00f3n de los fines de la Asociaci\u00f3n y redunde a favor de las personas.<\/li>\n<\/ol>\n<ul>\n<li style=\"list-style-type: none;\"><\/li>\n<\/ul>\n[\/vc_column_text][\/vc_column][\/vc_row][vc_row type=&#8221;full-width-content&#8221; css=&#8221;.vc_custom_1495472700013{margin-top: 0px !important;margin-bottom: 0px !important;padding-top: 0px !important;padding-bottom: 0px !important;}&#8221;][vc_column][vc_raw_html css=&#8221;&#8221;]JTNDaWZyYW1lJTIwc3JjJTNEJTIyaHR0cHMlM0ElMkYlMkZ3d3cuZ29vZ2xlLmNvbSUyRm1hcHMlMkZlbWJlZCUzRnBiJTNEJTIxMW0xOCUyMTFtMTIlMjExbTMlMjExZDI5MjkuNDg2Nzk4NDMyNTY1JTIxMmQtNC4wNDAyNDQyMjYwMjk5MiUyMTNkNDMuMzQyMTQyODU2ODQ5MTE1JTIxMm0zJTIxMWYwJTIxMmYwJTIxM2YwJTIxM20yJTIxMWkxMDI0JTIxMmk3NjglMjE0ZjEzLjElMjEzbTMlMjExbTIlMjExczB4MCUyNTNBMHgyNDNkMzgzY2I4NDA1YWVkJTIxMnNBbWljYSUyNTIwU2VkZSUyNTIwQ2VudHJhbCUyMTVlMSUyMTNtMiUyMTFzZXMlMjEyc2VzJTIxNHYxNTgxMzU5NTQxMjMyJTIxNW0yJTIxMXNlcyUyMTJzZXMlMjIlMjB3aWR0aCUzRCUyMjEwMCUyNSUyMiUyMGhlaWdodCUzRCUyMjQwMCUyMiUyMGZyYW1lYm9yZGVyJTNEJTIyMCUyMiUyMHN0eWxlJTNEJTIyYm9yZGVyJTNBMCUzQiUyMiUyMGFsbG93ZnVsbHNjcmVlbiUzRCUyMiUyMiUzRSUzQyUyRmlmcmFtZSUzRQ==[\/vc_raw_html][\/vc_column][\/vc_row][vc_row type=&#8221;full-width-section&#8221; css=&#8221;.vc_custom_1495549954106{margin-top: 0px !important;margin-bottom: 0px !important;padding-top: 70px !important;padding-bottom: 70px !important;background-color: #f4f4f4 !important;}&#8221;][vc_column width=&#8221;1\/2&#8243;][vc_custom_heading text=&#8221;Habla con nosotros&#8221; font_container=&#8221;tag:h2|font_size:36px|text_align:center|color:%23333333|line_height:40px&#8221; google_fonts=&#8221;font_family:Open%20Sans%3A300%2C300italic%2Cregular%2Citalic%2C600%2C600italic%2C700%2C700italic%2C800%2C800italic|font_style:300%20light%20regular%3A300%3Anormal&#8221; css=&#8221;.vc_custom_1495549379919{margin-bottom: 23px !important;}&#8221;]<style type=\"text\/css\" >#l_lw6hutxnzecl63htcvym{width:100px;}#l_lw6hutxnzecl63htcvym.sc_line ,#l_lw6hutxnzecl63htcvym .sc_line { height:1px; background: #e62e31; background: -moz-linear-gradient(90deg, #e62e31 0%, #525c5e 100%); background: -webkit-gradient(linear, left top, right bottom, color-stop(0%,#e62e31), color-stop(100%,#525c5e)); background: -webkit-linear-gradient(90deg, #e62e31 0%,#525c5e 100%); background: -o-linear-gradient(90deg, #e62e31 0%,#525c5e 100%); background: -ms-linear-gradient(90deg, #e62e31 0%,#525c5e 100%); background: linear-gradient(90deg, #e62e31 0%,#525c5e 100%);}#l_lw6hutxnzecl63htcvym.sc_line ,#l_lw6hutxnzecl63htcvym .sc_line{margin-left:auto!important; margin-right:auto!important;}#l_lw6hutxnzecl63htcvym {margin:0px 0 19px 0; padding:0;}<\/style><div class=\"clearfix\"><\/div><div id=\"l_lw6hutxnzecl63htcvym\"  class=\"sc_line rd_line_normal\" ><\/div>[vc_column_text font_size=&#8221;20&#8243; line_height=&#8221;30&#8243;]\n<p style=\"text-align: center;\">Puedes contactar directamente a trav\u00e9s del formulario de esta p\u00e1gina, o tambi\u00e9n a trav\u00e9s de los siguientes medios:<\/p>\n<p style=\"text-align: center;\">Barrio Sierrapando, 508<br \/>\nTorrelavega, 39300 Cantabria &#8211; Espa\u00f1a<\/p>\n<p style=\"text-align: center;\"><strong>Tel\u00e9fono:<\/strong><br \/>\n942895209<\/p>\n<p style=\"text-align: center;\"><strong>Correo electr\u00f3nico:<\/strong><br \/>\n<a href=\"mailto:correo@amica.es\">correo@amica.es<\/a><\/p>\n[\/vc_column_text][\/vc_column][vc_column width=&#8221;1\/2&#8243;]<style type=\"text\/css\" >#rd_2xfvmbj356bpuxeuwbe6 .wpcf7 input[type=submit]{font-size:15px; font-weight:900; border-radius:2px; padding:11px 15px; letter-spacing: 0.5px; margin-top:3px;}#rd_2xfvmbj356bpuxeuwbe6 .wpcf7 input[type=submit]:hover {background:#e62e31; color:#ffffff !important;}#rd_2xfvmbj356bpuxeuwbe6 .wpcf7 input:not([type=submit]):not([type=checkbox]),#rd_2xfvmbj356bpuxeuwbe6 textarea,#rd_2xfvmbj356bpuxeuwbe6 .wpcf7 select{border-radius:0px;}#rd_2xfvmbj356bpuxeuwbe6 .wpcf7 input:not([type=submit]),#rd_2xfvmbj356bpuxeuwbe6 textarea,#rd_2xfvmbj356bpuxeuwbe6 .wpcf7 input[type=submit],#rd_2xfvmbj356bpuxeuwbe6 .wpcf7 select{margin-top:3px;}#rd_2xfvmbj356bpuxeuwbe6 p{margin-bottom:23px;}#rd_2xfvmbj356bpuxeuwbe6 .wpcf7 input:not([type=submit]):not([type=checkbox]),#rd_2xfvmbj356bpuxeuwbe6 .wpcf7  textarea,#rd_2xfvmbj356bpuxeuwbe6 .wpcf7 select{border:1px solid #ecf0f1; background:#ffffff;}#rd_2xfvmbj356bpuxeuwbe6 .wpcf7 input[type=submit]{background:; color: !important;}<\/style><div id=\"rd_2xfvmbj356bpuxeuwbe6\" class=\"\">\n<div class=\"wpcf7 no-js\" id=\"wpcf7-f301-o1\" lang=\"es-ES\" dir=\"ltr\" data-wpcf7-id=\"301\">\n<div class=\"screen-reader-response\"><p role=\"status\" aria-live=\"polite\" aria-atomic=\"true\"><\/p> <ul><\/ul><\/div>\n<form action=\"\/es\/wp-json\/wp\/v2\/pages\/6509#wpcf7-f301-o1\" method=\"post\" class=\"wpcf7-form init\" aria-label=\"Formulario de contacto\" novalidate=\"novalidate\" data-status=\"init\">\n<fieldset class=\"hidden-fields-container\"><input type=\"hidden\" name=\"_wpcf7\" value=\"301\" \/><input type=\"hidden\" name=\"_wpcf7_version\" value=\"6.1.5\" \/><input type=\"hidden\" name=\"_wpcf7_locale\" value=\"es_ES\" \/><input type=\"hidden\" name=\"_wpcf7_unit_tag\" value=\"wpcf7-f301-o1\" \/><input type=\"hidden\" name=\"_wpcf7_container_post\" value=\"0\" \/><input type=\"hidden\" name=\"_wpcf7_posted_data_hash\" value=\"\" \/><input type=\"hidden\" name=\"_wpcf7_recaptcha_response\" value=\"\" \/>\n<\/fieldset>\n<p><label> Nombre (requerido)<br \/>\n<span class=\"wpcf7-form-control-wrap\" data-name=\"your-name\"><input size=\"40\" maxlength=\"400\" class=\"wpcf7-form-control wpcf7-text wpcf7-validates-as-required borderradius50\" aria-required=\"true\" aria-invalid=\"false\" value=\"\" type=\"text\" name=\"your-name\" \/><\/span> <\/label>\n<\/p>\n<p><label> Tu correo electr\u00f3nico (requerido)<br \/>\n<span class=\"wpcf7-form-control-wrap\" data-name=\"your-email\"><input size=\"40\" maxlength=\"400\" class=\"wpcf7-form-control wpcf7-email wpcf7-validates-as-required wpcf7-text wpcf7-validates-as-email borderradius50\" aria-required=\"true\" aria-invalid=\"false\" value=\"\" type=\"email\" name=\"your-email\" \/><\/span> <\/label>\n<\/p>\n<p><label> Mensaje<br \/>\n<span class=\"wpcf7-form-control-wrap\" data-name=\"your-message\"><textarea cols=\"40\" rows=\"10\" maxlength=\"2000\" class=\"wpcf7-form-control wpcf7-textarea borderradius50\" aria-invalid=\"false\" name=\"your-message\"><\/textarea><\/span> <\/label>\n<\/p>\n<p><span class=\"wpcf7-form-control-wrap\" data-name=\"acceptance-23\"><span class=\"wpcf7-form-control wpcf7-acceptance\"><span class=\"wpcf7-list-item\"><label><input type=\"checkbox\" name=\"acceptance-23\" value=\"1\" aria-invalid=\"false\" \/><span class=\"wpcf7-list-item-label\">He le\u00eddo y acepto la <a href=\"http:\/\/amica.es\/es\/aviso-legal\/\" target=\"_blank\">pol\u00edtica de privacidad<\/a>.<\/span><\/label><\/span><\/span><\/span>\n<\/p>\n\n<p><input class=\"wpcf7-form-control wpcf7-submit has-spinner\" type=\"submit\" value=\"Enviar\" \/>\n<\/p><div class=\"wpcf7-response-output\" aria-hidden=\"true\"><\/div>\n<\/form>\n<\/div>\n<\/div>[\/vc_column][\/vc_row][vc_row type=&#8221;full-width-section&#8221; css=&#8221;.vc_custom_1495557229945{margin-bottom: 0px !important;padding-top: 20px !important;padding-bottom: 10px !important;}&#8221;][vc_column width=&#8221;1\/2&#8243;][vc_single_image image=&#8221;11491&#8243; img_size=&#8221;full&#8221;][\/vc_column][vc_column width=&#8221;1\/2&#8243;][vc_single_image image=&#8221;11492&#8243; img_size=&#8221;full&#8221;][\/vc_column][\/vc_row]\n<\/div>","protected":false},"excerpt":{"rendered":"<p>[vc_row type=&#8221;full-width-section&#8221; css=&#8221;.vc_custom_1498645532783{margin-top: 0px !important;margin-bottom: 0px !important;padding-top: 200px !important;padding-bottom: 200px !important;background-image: url(http:\/\/amica.es\/es\/wp-content\/uploads\/2017\/05\/valores.jpg?id=591) !important;background-position: center !important;background-repeat: no-repeat !important;background-size: cover !important;}&#8221;][vc_column][vc_empty_space][\/vc_column][\/vc_row][vc_row type=&#8221;full-width-section&#8221; css=&#8221;.vc_custom_1495642665358{margin-bottom: 0px !important;padding-top: 70px !important;padding-bottom: 70px !important;}&#8221;][vc_column][vc_custom_heading text=&#8221;Fines sociales&#8221; font_container=&#8221;tag:h2|font_size:36px|text_align:center|color:%23333333|line_height:40px&#8221; google_fonts=&#8221;font_family:Open%20Sans%3A300%2C300italic%2Cregular%2Citalic%2C600%2C600italic%2C700%2C700italic%2C800%2C800italic|font_style:300%20light%20regular%3A300%3Anormal&#8221; css=&#8221;.vc_custom_1554739311213{margin-bottom: 23px !important;}&#8221;][vc_column_text font_size=&#8221;20&#8243; line_height=&#8221;30&#8243;]Los fines seg\u00fan sus Estatutos son: Promover el desarrollo integral, la autonom\u00eda e independencia, la igualdad de oportunidades y derechos,<br \/><a href=\"https:\/\/amica.es\/es\/fines-sociales\/\" class=\"more\">Read more<\/a><\/p>\n","protected":false},"author":1,"featured_media":0,"parent":0,"menu_order":0,"comment_status":"closed","ping_status":"closed","template":"","meta":{"_monsterinsights_skip_tracking":false,"_monsterinsights_sitenote_active":false,"_monsterinsights_sitenote_note":"","_monsterinsights_sitenote_category":0,"_joinchat":[],"footnotes":""},"class_list":["post-6509","page","type-page","status-publish","hentry"],"yoast_head":"<!-- This site is optimized with the Yoast SEO plugin v25.6 - https:\/\/yoast.com\/wordpress\/plugins\/seo\/ -->\n<title>Fines sociales - Amica - Descubriendo Capacidades<\/title>\n<meta name=\"robots\" content=\"index, follow, max-snippet:-1, max-image-preview:large, max-video-preview:-1\" \/>\n<link rel=\"canonical\" href=\"https:\/\/amica.es\/es\/fines-sociales\/\" \/>\n<meta property=\"og:locale\" content=\"es_ES\" \/>\n<meta property=\"og:type\" content=\"article\" \/>\n<meta property=\"og:title\" content=\"Fines sociales - Amica - Descubriendo Capacidades\" \/>\n<meta property=\"og:description\" content=\"[vc_row type=&#8221;full-width-section&#8221; css=&#8221;.vc_custom_1498645532783{margin-top: 0px !important;margin-bottom: 0px !important;padding-top: 200px !important;padding-bottom: 200px !important;background-image: url(http:\/\/amica.es\/es\/wp-content\/uploads\/2017\/05\/valores.jpg?id=591) !important;background-position: center !important;background-repeat: no-repeat !important;background-size: cover !important;}&#8221;][vc_column][vc_empty_space][\/vc_column][\/vc_row][vc_row type=&#8221;full-width-section&#8221; css=&#8221;.vc_custom_1495642665358{margin-bottom: 0px !important;padding-top: 70px !important;padding-bottom: 70px !important;}&#8221;][vc_column][vc_custom_heading text=&#8221;Fines sociales&#8221; font_container=&#8221;tag:h2|font_size:36px|text_align:center|color:%23333333|line_height:40px&#8221; google_fonts=&#8221;font_family:Open%20Sans%3A300%2C300italic%2Cregular%2Citalic%2C600%2C600italic%2C700%2C700italic%2C800%2C800italic|font_style:300%20light%20regular%3A300%3Anormal&#8221; css=&#8221;.vc_custom_1554739311213{margin-bottom: 23px !important;}&#8221;][vc_column_text font_size=&#8221;20&#8243; line_height=&#8221;30&#8243;]Los fines seg\u00fan sus Estatutos son: Promover el desarrollo integral, la autonom\u00eda e independencia, la igualdad de oportunidades y derechos,Read more\" \/>\n<meta property=\"og:url\" content=\"https:\/\/amica.es\/es\/fines-sociales\/\" \/>\n<meta property=\"og:site_name\" content=\"Amica - Descubriendo Capacidades\" \/>\n<meta property=\"article:publisher\" content=\"https:\/\/www.facebook.com\/amicaasociacion\" \/>\n<meta property=\"article:modified_time\" content=\"2025-05-16T14:17:36+00:00\" \/>\n<meta name=\"twitter:card\" content=\"summary_large_image\" \/>\n<meta name=\"twitter:site\" content=\"@asociacionamica\" \/>\n<meta name=\"twitter:label1\" content=\"Tiempo de lectura\" \/>\n\t<meta name=\"twitter:data1\" content=\"3 minutos\" \/>\n<script type=\"application\/ld+json\" class=\"yoast-schema-graph\">{\"@context\":\"https:\/\/schema.org\",\"@graph\":[{\"@type\":\"WebPage\",\"@id\":\"https:\/\/amica.es\/es\/fines-sociales\/\",\"url\":\"https:\/\/amica.es\/es\/fines-sociales\/\",\"name\":\"Fines sociales - Amica - Descubriendo Capacidades\",\"isPartOf\":{\"@id\":\"https:\/\/amica.es\/es\/#website\"},\"datePublished\":\"2019-04-08T16:02:24+00:00\",\"dateModified\":\"2025-05-16T14:17:36+00:00\",\"breadcrumb\":{\"@id\":\"https:\/\/amica.es\/es\/fines-sociales\/#breadcrumb\"},\"inLanguage\":\"es\",\"potentialAction\":[{\"@type\":\"ReadAction\",\"target\":[\"https:\/\/amica.es\/es\/fines-sociales\/\"]}]},{\"@type\":\"BreadcrumbList\",\"@id\":\"https:\/\/amica.es\/es\/fines-sociales\/#breadcrumb\",\"itemListElement\":[{\"@type\":\"ListItem\",\"position\":1,\"name\":\"Portada\",\"item\":\"https:\/\/amica.es\/es\/\"},{\"@type\":\"ListItem\",\"position\":2,\"name\":\"Fines sociales\"}]},{\"@type\":\"WebSite\",\"@id\":\"https:\/\/amica.es\/es\/#website\",\"url\":\"https:\/\/amica.es\/es\/\",\"name\":\"Amica - Descubriendo Capacidades\",\"description\":\"Apoyando a personas con discapacidad desde 1984\",\"publisher\":{\"@id\":\"https:\/\/amica.es\/es\/#organization\"},\"potentialAction\":[{\"@type\":\"SearchAction\",\"target\":{\"@type\":\"EntryPoint\",\"urlTemplate\":\"https:\/\/amica.es\/es\/?s={search_term_string}\"},\"query-input\":{\"@type\":\"PropertyValueSpecification\",\"valueRequired\":true,\"valueName\":\"search_term_string\"}}],\"inLanguage\":\"es\"},{\"@type\":\"Organization\",\"@id\":\"https:\/\/amica.es\/es\/#organization\",\"name\":\"Asociaci\u00f3n Amica\",\"url\":\"https:\/\/amica.es\/es\/\",\"logo\":{\"@type\":\"ImageObject\",\"inLanguage\":\"es\",\"@id\":\"https:\/\/amica.es\/es\/#\/schema\/logo\/image\/\",\"url\":\"https:\/\/amica.es\/es\/wp-content\/uploads\/2024\/07\/Amica-Logo.png\",\"contentUrl\":\"https:\/\/amica.es\/es\/wp-content\/uploads\/2024\/07\/Amica-Logo.png\",\"width\":1653,\"height\":577,\"caption\":\"Asociaci\u00f3n Amica\"},\"image\":{\"@id\":\"https:\/\/amica.es\/es\/#\/schema\/logo\/image\/\"},\"sameAs\":[\"https:\/\/www.facebook.com\/amicaasociacion\",\"https:\/\/x.com\/asociacionamica\",\"https:\/\/www.youtube.com\/c\/asociacionamicacantabria\",\"https:\/\/es.linkedin.com\/company\/asociacionamica?trk=similar-companies_org_title\",\"https:\/\/www.instagram.com\/asociacionamica\/\"]}]}<\/script>\n<!-- \/ Yoast SEO plugin. -->","yoast_head_json":{"title":"Fines sociales - Amica - Descubriendo Capacidades","robots":{"index":"index","follow":"follow","max-snippet":"max-snippet:-1","max-image-preview":"max-image-preview:large","max-video-preview":"max-video-preview:-1"},"canonical":"https:\/\/amica.es\/es\/fines-sociales\/","og_locale":"es_ES","og_type":"article","og_title":"Fines sociales - Amica - Descubriendo Capacidades","og_description":"[vc_row type=&#8221;full-width-section&#8221; css=&#8221;.vc_custom_1498645532783{margin-top: 0px !important;margin-bottom: 0px !important;padding-top: 200px !important;padding-bottom: 200px !important;background-image: url(http:\/\/amica.es\/es\/wp-content\/uploads\/2017\/05\/valores.jpg?id=591) !important;background-position: center !important;background-repeat: no-repeat !important;background-size: cover !important;}&#8221;][vc_column][vc_empty_space][\/vc_column][\/vc_row][vc_row type=&#8221;full-width-section&#8221; css=&#8221;.vc_custom_1495642665358{margin-bottom: 0px !important;padding-top: 70px !important;padding-bottom: 70px !important;}&#8221;][vc_column][vc_custom_heading text=&#8221;Fines sociales&#8221; font_container=&#8221;tag:h2|font_size:36px|text_align:center|color:%23333333|line_height:40px&#8221; google_fonts=&#8221;font_family:Open%20Sans%3A300%2C300italic%2Cregular%2Citalic%2C600%2C600italic%2C700%2C700italic%2C800%2C800italic|font_style:300%20light%20regular%3A300%3Anormal&#8221; css=&#8221;.vc_custom_1554739311213{margin-bottom: 23px !important;}&#8221;][vc_column_text font_size=&#8221;20&#8243; line_height=&#8221;30&#8243;]Los fines seg\u00fan sus Estatutos son: Promover el desarrollo integral, la autonom\u00eda e independencia, la igualdad de oportunidades y derechos,Read more","og_url":"https:\/\/amica.es\/es\/fines-sociales\/","og_site_name":"Amica - Descubriendo Capacidades","article_publisher":"https:\/\/www.facebook.com\/amicaasociacion","article_modified_time":"2025-05-16T14:17:36+00:00","twitter_card":"summary_large_image","twitter_site":"@asociacionamica","twitter_misc":{"Tiempo de lectura":"3 minutos"},"schema":{"@context":"https:\/\/schema.org","@graph":[{"@type":"WebPage","@id":"https:\/\/amica.es\/es\/fines-sociales\/","url":"https:\/\/amica.es\/es\/fines-sociales\/","name":"Fines sociales - Amica - Descubriendo Capacidades","isPartOf":{"@id":"https:\/\/amica.es\/es\/#website"},"datePublished":"2019-04-08T16:02:24+00:00","dateModified":"2025-05-16T14:17:36+00:00","breadcrumb":{"@id":"https:\/\/amica.es\/es\/fines-sociales\/#breadcrumb"},"inLanguage":"es","potentialAction":[{"@type":"ReadAction","target":["https:\/\/amica.es\/es\/fines-sociales\/"]}]},{"@type":"BreadcrumbList","@id":"https:\/\/amica.es\/es\/fines-sociales\/#breadcrumb","itemListElement":[{"@type":"ListItem","position":1,"name":"Portada","item":"https:\/\/amica.es\/es\/"},{"@type":"ListItem","position":2,"name":"Fines sociales"}]},{"@type":"WebSite","@id":"https:\/\/amica.es\/es\/#website","url":"https:\/\/amica.es\/es\/","name":"Amica - Descubriendo Capacidades","description":"Apoyando a personas con discapacidad desde 1984","publisher":{"@id":"https:\/\/amica.es\/es\/#organization"},"potentialAction":[{"@type":"SearchAction","target":{"@type":"EntryPoint","urlTemplate":"https:\/\/amica.es\/es\/?s={search_term_string}"},"query-input":{"@type":"PropertyValueSpecification","valueRequired":true,"valueName":"search_term_string"}}],"inLanguage":"es"},{"@type":"Organization","@id":"https:\/\/amica.es\/es\/#organization","name":"Asociaci\u00f3n Amica","url":"https:\/\/amica.es\/es\/","logo":{"@type":"ImageObject","inLanguage":"es","@id":"https:\/\/amica.es\/es\/#\/schema\/logo\/image\/","url":"https:\/\/amica.es\/es\/wp-content\/uploads\/2024\/07\/Amica-Logo.png","contentUrl":"https:\/\/amica.es\/es\/wp-content\/uploads\/2024\/07\/Amica-Logo.png","width":1653,"height":577,"caption":"Asociaci\u00f3n Amica"},"image":{"@id":"https:\/\/amica.es\/es\/#\/schema\/logo\/image\/"},"sameAs":["https:\/\/www.facebook.com\/amicaasociacion","https:\/\/x.com\/asociacionamica","https:\/\/www.youtube.com\/c\/asociacionamicacantabria","https:\/\/es.linkedin.com\/company\/asociacionamica?trk=similar-companies_org_title","https:\/\/www.instagram.com\/asociacionamica\/"]}]}},"_links":{"self":[{"href":"https:\/\/amica.es\/es\/wp-json\/wp\/v2\/pages\/6509","targetHints":{"allow":["GET"]}}],"collection":[{"href":"https:\/\/amica.es\/es\/wp-json\/wp\/v2\/pages"}],"about":[{"href":"https:\/\/amica.es\/es\/wp-json\/wp\/v2\/types\/page"}],"author":[{"embeddable":true,"href":"https:\/\/amica.es\/es\/wp-json\/wp\/v2\/users\/1"}],"replies":[{"embeddable":true,"href":"https:\/\/amica.es\/es\/wp-json\/wp\/v2\/comments?post=6509"}],"version-history":[{"count":9,"href":"https:\/\/amica.es\/es\/wp-json\/wp\/v2\/pages\/6509\/revisions"}],"predecessor-version":[{"id":19799,"href":"https:\/\/amica.es\/es\/wp-json\/wp\/v2\/pages\/6509\/revisions\/19799"}],"wp:attachment":[{"href":"https:\/\/amica.es\/es\/wp-json\/wp\/v2\/media?parent=6509"}],"curies":[{"name":"wp","href":"https:\/\/api.w.org\/{rel}","templated":true}]}}