{"id":807,"date":"2017-07-20T06:54:47","date_gmt":"2017-07-20T06:54:47","guid":{"rendered":"http:\/\/amica.es\/es\/?page_id=807"},"modified":"2025-05-16T15:42:29","modified_gmt":"2025-05-16T13:42:29","slug":"blogs-y-paginas","status":"publish","type":"page","link":"https:\/\/amica.es\/es\/blogs-y-paginas\/","title":{"rendered":"Blogs y p\u00e1ginas"},"content":{"rendered":"<div class=\"wpb-content-wrapper\">[vc_row type=&#8221;full-width-section&#8221; css=&#8221;.vc_custom_1500569600900{margin-top: 0px !important;margin-bottom: 70px !important;padding-top: 200px !important;padding-bottom: 200px !important;background-image: url(http:\/\/amica.es\/es\/wp-content\/uploads\/2017\/07\/IMG_20170619_112609.jpg?id=873) !important;background-position: center !important;background-repeat: no-repeat !important;background-size: cover !important;}&#8221;][vc_column][vc_empty_space][\/vc_column][\/vc_row][vc_row css=&#8221;.vc_custom_1495464401612{padding-bottom: 50px !important;}&#8221;][vc_column][vc_custom_heading text=&#8221;Blogs y p\u00e1ginas&#8221; font_container=&#8221;tag:h2|font_size:36px|text_align:center|color:%23333333|line_height:40px&#8221; google_fonts=&#8221;font_family:Open%20Sans%3A300%2C300italic%2Cregular%2Citalic%2C600%2C600italic%2C700%2C700italic%2C800%2C800italic|font_style:300%20light%20regular%3A300%3Anormal&#8221; css=&#8221;.vc_custom_1500568199306{margin-bottom: 23px !important;}&#8221;]<style type=\"text\/css\" >#l_fbus1z5ujrtwo207eke6{width:100px;}#l_fbus1z5ujrtwo207eke6.sc_line ,#l_fbus1z5ujrtwo207eke6 .sc_line { height:1px; background: #e62e31; background: -moz-linear-gradient(90deg, #e62e31 0%, #525c5e 100%); background: -webkit-gradient(linear, left top, right bottom, color-stop(0%,#e62e31), color-stop(100%,#525c5e)); background: -webkit-linear-gradient(90deg, #e62e31 0%,#525c5e 100%); background: -o-linear-gradient(90deg, #e62e31 0%,#525c5e 100%); background: -ms-linear-gradient(90deg, #e62e31 0%,#525c5e 100%); background: linear-gradient(90deg, #e62e31 0%,#525c5e 100%);}#l_fbus1z5ujrtwo207eke6.sc_line ,#l_fbus1z5ujrtwo207eke6 .sc_line{margin-left:auto!important; margin-right:auto!important;}#l_fbus1z5ujrtwo207eke6 {margin:0px 0 23px 0; padding:0;}<\/style><div class=\"clearfix\"><\/div><div id=\"l_fbus1z5ujrtwo207eke6\"  class=\"sc_line rd_line_normal\" ><\/div>[vc_row_inner][vc_column_inner][vc_column_text font_size=&#8221;20&#8243; line_height=&#8221;30&#8243;]\n<p style=\"text-align: left;\">Queremos que los miembros de Amica puedan utilizar nuestra p\u00e1gina como medio de expresi\u00f3n de sus ideas, inquietudes, aficiones, etc. Esperamos la colaboraci\u00f3n de todos los que lo deseen, para ello pueden contactar a trav\u00e9s del correo <span id=\"cloak7d0ae73f5457f2984733f40dbf48aab0\"><a href=\"mailto:web@amica.es\">web@amica.es<\/a><\/span><\/p>\n[\/vc_column_text][\/vc_column_inner][\/vc_row_inner][\/vc_column][\/vc_row][vc_row][vc_column][vc_custom_heading text=&#8221;Blogs&#8221; font_container=&#8221;tag:h2|font_size:25px|text_align:left|color:%23333333|line_height:1&#8243; google_fonts=&#8221;font_family:Open%20Sans%3A300%2C300italic%2Cregular%2Citalic%2C600%2C600italic%2C700%2C700italic%2C800%2C800italic|font_style:300%20light%20regular%3A300%3Anormal&#8221;]<style type=\"text\/css\" >#l_idk906v2fhbfnfy2md0t{width:80px;}#l_idk906v2fhbfnfy2md0t.sc_line ,#l_idk906v2fhbfnfy2md0t .sc_line { height:1px; background: #e62e31; background: -moz-linear-gradient(90deg, #e62e31 0%, #525c5e 100%); background: -webkit-gradient(linear, left top, right bottom, color-stop(0%,#e62e31), color-stop(100%,#525c5e)); background: -webkit-linear-gradient(90deg, #e62e31 0%,#525c5e 100%); background: -o-linear-gradient(90deg, #e62e31 0%,#525c5e 100%); background: -ms-linear-gradient(90deg, #e62e31 0%,#525c5e 100%); background: linear-gradient(90deg, #e62e31 0%,#525c5e 100%);}#l_idk906v2fhbfnfy2md0t {margin:0px 0 0px 0; padding:0;}<\/style><div class=\"clearfix\"><\/div><div id=\"l_idk906v2fhbfnfy2md0t\"  class=\"sc_line rd_line_normal\" ><\/div>[vc_empty_space][vc_column_text font_size=&#8221;20&#8243; line_height=&#8221;30&#8243;]\n<ul>\n<li style=\"text-align: left;\"><a title=\"Blog Sotileza\" href=\"http:\/\/sotileision.blogspot.com\/\">Sotileza<\/a>, desde el 15 de mayo de 2007, los pioneros con su <a title=\"Blog Sotileision\" href=\"http:\/\/sotileision.blogspot.com.es\">&#8220;Sotileision&#8221;<\/a><\/li>\n<li style=\"text-align: left;\"><a title=\"Centro Horizon Blog\" href=\"http:\/\/horizonazul.blogspot.com.es\/\">Centro Horizon<\/a>\u00a0(inicio en mayo-2013)<\/li>\n<li style=\"text-align: left;\"><a title=\"Blog Centro Entorno\" href=\"http:\/\/centroentorno.blogspot.com.es\/\">Centro Entorno<\/a> (inicio en mayo-2013)<\/li>\n<li><a title=\"Amica: Centro Marisma\" href=\"http:\/\/amicacentromarisma.blogspot.com\">Centro Marisma<\/a><\/li>\n<li style=\"text-align: left;\"><a title=\"http:\/\/queestaranhaciendo.blogspot.com.es\" href=\"http:\/\/queestaranhaciendo.blogspot.com.es\">Blog conjunto de los 4 centros de d\u00eda &#8220;Qu\u00e9 estar\u00e1n haciendo&#8221;<\/a> (inicio en septiembre-2014)<\/li>\n<li style=\"text-align: left;\"><a title=\"Amica: Centro de Promoci\u00f3n de Autonom\u00eda Personal\" href=\"http:\/\/amicacentropromocion.blogspot.com.es\/\">Centro de promoci\u00f3n de autonom\u00eda personal<\/a> (inicio en febrero-2017)<\/li>\n<li><a href=\"http:\/\/crabamica.blogspot.com.es\/\">Centro de Recursos Agust\u00edn B\u00e1rcena<\/a> (inicio en febrero-2018)<\/li>\n<li><a href=\"http:\/\/nuevastecnologiasycosasdeesas.blogspot.com\/\">Nuevas tecnolog\u00edas y cosas de esas<\/a><\/li>\n<\/ul>\n[\/vc_column_text][vc_empty_space][\/vc_column][\/vc_row][vc_row][vc_column][vc_custom_heading text=&#8221;P\u00e1ginas personales de usuarios&#8221; font_container=&#8221;tag:h2|font_size:25px|text_align:left|color:%23333333|line_height:1&#8243; google_fonts=&#8221;font_family:Open%20Sans%3A300%2C300italic%2Cregular%2Citalic%2C600%2C600italic%2C700%2C700italic%2C800%2C800italic|font_style:300%20light%20regular%3A300%3Anormal&#8221;]<style type=\"text\/css\" >#l_5lk6ujuvrfxi2cimywnf{width:80px;}#l_5lk6ujuvrfxi2cimywnf.sc_line ,#l_5lk6ujuvrfxi2cimywnf .sc_line { height:1px; background: #e62e31; background: -moz-linear-gradient(90deg, #e62e31 0%, #525c5e 100%); background: -webkit-gradient(linear, left top, right bottom, color-stop(0%,#e62e31), color-stop(100%,#525c5e)); background: -webkit-linear-gradient(90deg, #e62e31 0%,#525c5e 100%); background: -o-linear-gradient(90deg, #e62e31 0%,#525c5e 100%); background: -ms-linear-gradient(90deg, #e62e31 0%,#525c5e 100%); background: linear-gradient(90deg, #e62e31 0%,#525c5e 100%);}#l_5lk6ujuvrfxi2cimywnf {margin:0px 0 0px 0; padding:0;}<\/style><div class=\"clearfix\"><\/div><div id=\"l_5lk6ujuvrfxi2cimywnf\"  class=\"sc_line rd_line_normal\" ><\/div>[vc_empty_space][vc_column_text css=&#8221;.vc_custom_1558350970389{margin-bottom: 30px !important;}&#8221; font_size=&#8221;20&#8243; line_height=&#8221;30&#8243;]\n<ul>\n<li><a title=\"http:\/\/cronicasdeayrampopinget.wordpress.com\" href=\"http:\/\/cronicasdeayrampopinget.wordpress.com\">Ayrampo Pinget<\/a>\u00a0Blog personal<\/li>\n<\/ul>\n[\/vc_column_text][\/vc_column][\/vc_row][vc_row type=&#8221;full-width-content&#8221; css=&#8221;.vc_custom_1495472700013{margin-top: 0px !important;margin-bottom: 0px !important;padding-top: 0px !important;padding-bottom: 0px !important;}&#8221;][vc_column][vc_raw_html css=&#8221;&#8221;]JTNDaWZyYW1lJTIwc3JjJTNEJTIyaHR0cHMlM0ElMkYlMkZ3d3cuZ29vZ2xlLmNvbSUyRm1hcHMlMkZlbWJlZCUzRnBiJTNEJTIxMW0xOCUyMTFtMTIlMjExbTMlMjExZDI5MjkuNDg2Nzk4NDMyNTY1JTIxMmQtNC4wNDAyNDQyMjYwMjk5MiUyMTNkNDMuMzQyMTQyODU2ODQ5MTE1JTIxMm0zJTIxMWYwJTIxMmYwJTIxM2YwJTIxM20yJTIxMWkxMDI0JTIxMmk3NjglMjE0ZjEzLjElMjEzbTMlMjExbTIlMjExczB4MCUyNTNBMHgyNDNkMzgzY2I4NDA1YWVkJTIxMnNBbWljYSUyNTIwU2VkZSUyNTIwQ2VudHJhbCUyMTVlMSUyMTNtMiUyMTFzZXMlMjEyc2VzJTIxNHYxNTgxMzU5NTQxMjMyJTIxNW0yJTIxMXNlcyUyMTJzZXMlMjIlMjB3aWR0aCUzRCUyMjEwMCUyNSUyMiUyMGhlaWdodCUzRCUyMjQwMCUyMiUyMGZyYW1lYm9yZGVyJTNEJTIyMCUyMiUyMHN0eWxlJTNEJTIyYm9yZGVyJTNBMCUzQiUyMiUyMGFsbG93ZnVsbHNjcmVlbiUzRCUyMiUyMiUzRSUzQyUyRmlmcmFtZSUzRQ==[\/vc_raw_html][\/vc_column][\/vc_row][vc_row type=&#8221;full-width-section&#8221; css=&#8221;.vc_custom_1495549954106{margin-top: 0px !important;margin-bottom: 0px !important;padding-top: 70px !important;padding-bottom: 70px !important;background-color: #f4f4f4 !important;}&#8221;][vc_column width=&#8221;1\/2&#8243;][vc_custom_heading text=&#8221;Habla con nosotros&#8221; font_container=&#8221;tag:h2|font_size:36px|text_align:center|color:%23333333|line_height:40px&#8221; google_fonts=&#8221;font_family:Open%20Sans%3A300%2C300italic%2Cregular%2Citalic%2C600%2C600italic%2C700%2C700italic%2C800%2C800italic|font_style:300%20light%20regular%3A300%3Anormal&#8221; css=&#8221;.vc_custom_1495549379919{margin-bottom: 23px !important;}&#8221;]<style type=\"text\/css\" >#l_adepd6ial8i15v485hek{width:100px;}#l_adepd6ial8i15v485hek.sc_line ,#l_adepd6ial8i15v485hek .sc_line { height:1px; background: #e62e31; background: -moz-linear-gradient(90deg, #e62e31 0%, #525c5e 100%); background: -webkit-gradient(linear, left top, right bottom, color-stop(0%,#e62e31), color-stop(100%,#525c5e)); background: -webkit-linear-gradient(90deg, #e62e31 0%,#525c5e 100%); background: -o-linear-gradient(90deg, #e62e31 0%,#525c5e 100%); background: -ms-linear-gradient(90deg, #e62e31 0%,#525c5e 100%); background: linear-gradient(90deg, #e62e31 0%,#525c5e 100%);}#l_adepd6ial8i15v485hek.sc_line ,#l_adepd6ial8i15v485hek .sc_line{margin-left:auto!important; margin-right:auto!important;}#l_adepd6ial8i15v485hek {margin:0px 0 19px 0; padding:0;}<\/style><div class=\"clearfix\"><\/div><div id=\"l_adepd6ial8i15v485hek\"  class=\"sc_line rd_line_normal\" ><\/div>[vc_column_text font_size=&#8221;20&#8243; line_height=&#8221;30&#8243;]\n<p style=\"text-align: center;\">Puedes contactar directamente a trav\u00e9s del formulario de esta p\u00e1gina, o tambi\u00e9n a trav\u00e9s de los siguientes medios:<\/p>\n<p style=\"text-align: center;\">Barrio Sierrapando, 508<br \/>\nTorrelavega, 39300 Cantabria &#8211; Espa\u00f1a<\/p>\n<p style=\"text-align: center;\"><strong>Tel\u00e9fono:<\/strong><br \/>\n942895209<\/p>\n<p style=\"text-align: center;\"><strong>Correo electr\u00f3nico:<\/strong><br \/>\n<a href=\"mailto:correo@amica.es\">correo@amica.es<\/a><\/p>\n[\/vc_column_text][\/vc_column][vc_column width=&#8221;1\/2&#8243;]<style type=\"text\/css\" >#rd_n8bwnwtzja5kje8do703 .wpcf7 input[type=submit]{font-size:15px; font-weight:900; border-radius:2px; padding:11px 15px; letter-spacing: 0.5px; margin-top:3px;}#rd_n8bwnwtzja5kje8do703 .wpcf7 input[type=submit]:hover {background:#ad0204; color:#ffffff !important;}#rd_n8bwnwtzja5kje8do703 .wpcf7 input:not([type=submit]):not([type=checkbox]),#rd_n8bwnwtzja5kje8do703 textarea,#rd_n8bwnwtzja5kje8do703 .wpcf7 select{border-radius:0px;}#rd_n8bwnwtzja5kje8do703 .wpcf7 input:not([type=submit]),#rd_n8bwnwtzja5kje8do703 textarea,#rd_n8bwnwtzja5kje8do703 .wpcf7 input[type=submit],#rd_n8bwnwtzja5kje8do703 .wpcf7 select{margin-top:3px;}#rd_n8bwnwtzja5kje8do703 p{margin-bottom:23px;}#rd_n8bwnwtzja5kje8do703 .wpcf7 input:not([type=submit]):not([type=checkbox]),#rd_n8bwnwtzja5kje8do703 .wpcf7  textarea,#rd_n8bwnwtzja5kje8do703 .wpcf7 select{border:1px solid #ecf0f1; background:#ffffff;}#rd_n8bwnwtzja5kje8do703 .wpcf7 input[type=submit]{background:; color: !important;}<\/style><div id=\"rd_n8bwnwtzja5kje8do703\" class=\"\">\n<div class=\"wpcf7 no-js\" id=\"wpcf7-f301-o1\" lang=\"es-ES\" dir=\"ltr\" data-wpcf7-id=\"301\">\n<div class=\"screen-reader-response\"><p role=\"status\" aria-live=\"polite\" aria-atomic=\"true\"><\/p> <ul><\/ul><\/div>\n<form action=\"\/es\/wp-json\/wp\/v2\/pages\/807#wpcf7-f301-o1\" method=\"post\" class=\"wpcf7-form init\" aria-label=\"Formulario de contacto\" novalidate=\"novalidate\" data-status=\"init\">\n<fieldset class=\"hidden-fields-container\"><input type=\"hidden\" name=\"_wpcf7\" value=\"301\" \/><input type=\"hidden\" name=\"_wpcf7_version\" value=\"6.1.5\" \/><input type=\"hidden\" name=\"_wpcf7_locale\" value=\"es_ES\" \/><input type=\"hidden\" name=\"_wpcf7_unit_tag\" value=\"wpcf7-f301-o1\" \/><input type=\"hidden\" name=\"_wpcf7_container_post\" value=\"0\" \/><input type=\"hidden\" name=\"_wpcf7_posted_data_hash\" value=\"\" \/><input type=\"hidden\" name=\"_wpcf7_recaptcha_response\" value=\"\" \/>\n<\/fieldset>\n<p><label> Nombre (requerido)<br \/>\n<span class=\"wpcf7-form-control-wrap\" data-name=\"your-name\"><input size=\"40\" maxlength=\"400\" class=\"wpcf7-form-control wpcf7-text wpcf7-validates-as-required borderradius50\" aria-required=\"true\" aria-invalid=\"false\" value=\"\" type=\"text\" name=\"your-name\" \/><\/span> <\/label>\n<\/p>\n<p><label> Tu correo electr\u00f3nico (requerido)<br \/>\n<span class=\"wpcf7-form-control-wrap\" data-name=\"your-email\"><input size=\"40\" maxlength=\"400\" class=\"wpcf7-form-control wpcf7-email wpcf7-validates-as-required wpcf7-text wpcf7-validates-as-email borderradius50\" aria-required=\"true\" aria-invalid=\"false\" value=\"\" type=\"email\" name=\"your-email\" \/><\/span> <\/label>\n<\/p>\n<p><label> Mensaje<br \/>\n<span class=\"wpcf7-form-control-wrap\" data-name=\"your-message\"><textarea cols=\"40\" rows=\"10\" maxlength=\"2000\" class=\"wpcf7-form-control wpcf7-textarea borderradius50\" aria-invalid=\"false\" name=\"your-message\"><\/textarea><\/span> <\/label>\n<\/p>\n<p><span class=\"wpcf7-form-control-wrap\" data-name=\"acceptance-23\"><span class=\"wpcf7-form-control wpcf7-acceptance\"><span class=\"wpcf7-list-item\"><label><input type=\"checkbox\" name=\"acceptance-23\" value=\"1\" aria-invalid=\"false\" \/><span class=\"wpcf7-list-item-label\">He le\u00eddo y acepto la <a href=\"http:\/\/amica.es\/es\/aviso-legal\/\" target=\"_blank\">pol\u00edtica de privacidad<\/a>.<\/span><\/label><\/span><\/span><\/span>\n<\/p>\n\n<p><input class=\"wpcf7-form-control wpcf7-submit has-spinner\" type=\"submit\" value=\"Enviar\" \/>\n<\/p><div class=\"wpcf7-response-output\" aria-hidden=\"true\"><\/div>\n<\/form>\n<\/div>\n<\/div>[\/vc_column][\/vc_row][vc_row type=&#8221;full-width-section&#8221; css=&#8221;.vc_custom_1495557229945{margin-bottom: 0px !important;padding-top: 20px !important;padding-bottom: 10px !important;}&#8221;][vc_column width=&#8221;1\/2&#8243;][vc_single_image image=&#8221;316&#8243; img_size=&#8221;full&#8221;][\/vc_column][vc_column width=&#8221;1\/2&#8243;][vc_single_image image=&#8221;314&#8243; img_size=&#8221;full&#8221;][\/vc_column][\/vc_row]\n<\/div>","protected":false},"excerpt":{"rendered":"<p>[vc_row type=&#8221;full-width-section&#8221; css=&#8221;.vc_custom_1500569600900{margin-top: 0px !important;margin-bottom: 70px !important;padding-top: 200px !important;padding-bottom: 200px !important;background-image: url(http:\/\/amica.es\/es\/wp-content\/uploads\/2017\/07\/IMG_20170619_112609.jpg?id=873) !important;background-position: center !important;background-repeat: no-repeat !important;background-size: cover !important;}&#8221;][vc_column][vc_empty_space][\/vc_column][\/vc_row][vc_row css=&#8221;.vc_custom_1495464401612{padding-bottom: 50px !important;}&#8221;][vc_column][vc_custom_heading text=&#8221;Blogs y p\u00e1ginas&#8221; font_container=&#8221;tag:h2|font_size:36px|text_align:center|color:%23333333|line_height:40px&#8221; google_fonts=&#8221;font_family:Open%20Sans%3A300%2C300italic%2Cregular%2Citalic%2C600%2C600italic%2C700%2C700italic%2C800%2C800italic|font_style:300%20light%20regular%3A300%3Anormal&#8221; css=&#8221;.vc_custom_1500568199306{margin-bottom: 23px !important;}&#8221;][vc_row_inner][vc_column_inner][vc_column_text font_size=&#8221;20&#8243; line_height=&#8221;30&#8243;] Queremos que los miembros de Amica puedan utilizar nuestra p\u00e1gina como medio de expresi\u00f3n de sus ideas, inquietudes, aficiones, etc. Esperamos la colaboraci\u00f3n<br \/><a href=\"https:\/\/amica.es\/es\/blogs-y-paginas\/\" class=\"more\">Read more<\/a><\/p>\n","protected":false},"author":1,"featured_media":0,"parent":0,"menu_order":0,"comment_status":"closed","ping_status":"closed","template":"","meta":{"_monsterinsights_skip_tracking":false,"_monsterinsights_sitenote_active":false,"_monsterinsights_sitenote_note":"","_monsterinsights_sitenote_category":0,"_joinchat":[],"footnotes":""},"class_list":["post-807","page","type-page","status-publish","hentry"],"yoast_head":"<!-- This site is optimized with the Yoast SEO plugin v25.6 - https:\/\/yoast.com\/wordpress\/plugins\/seo\/ -->\n<title>Blogs y p\u00e1ginas - Amica - Descubriendo Capacidades<\/title>\n<meta name=\"robots\" content=\"index, follow, max-snippet:-1, max-image-preview:large, max-video-preview:-1\" \/>\n<link rel=\"canonical\" href=\"https:\/\/amica.es\/es\/blogs-y-paginas\/\" \/>\n<meta property=\"og:locale\" content=\"es_ES\" \/>\n<meta property=\"og:type\" content=\"article\" \/>\n<meta property=\"og:title\" content=\"Blogs y p\u00e1ginas - Amica - Descubriendo Capacidades\" \/>\n<meta property=\"og:description\" content=\"[vc_row type=&#8221;full-width-section&#8221; css=&#8221;.vc_custom_1500569600900{margin-top: 0px !important;margin-bottom: 70px !important;padding-top: 200px !important;padding-bottom: 200px !important;background-image: url(http:\/\/amica.es\/es\/wp-content\/uploads\/2017\/07\/IMG_20170619_112609.jpg?id=873) !important;background-position: center !important;background-repeat: no-repeat !important;background-size: cover !important;}&#8221;][vc_column][vc_empty_space][\/vc_column][\/vc_row][vc_row css=&#8221;.vc_custom_1495464401612{padding-bottom: 50px !important;}&#8221;][vc_column][vc_custom_heading text=&#8221;Blogs y p\u00e1ginas&#8221; font_container=&#8221;tag:h2|font_size:36px|text_align:center|color:%23333333|line_height:40px&#8221; google_fonts=&#8221;font_family:Open%20Sans%3A300%2C300italic%2Cregular%2Citalic%2C600%2C600italic%2C700%2C700italic%2C800%2C800italic|font_style:300%20light%20regular%3A300%3Anormal&#8221; css=&#8221;.vc_custom_1500568199306{margin-bottom: 23px !important;}&#8221;][vc_row_inner][vc_column_inner][vc_column_text font_size=&#8221;20&#8243; line_height=&#8221;30&#8243;] Queremos que los miembros de Amica puedan utilizar nuestra p\u00e1gina como medio de expresi\u00f3n de sus ideas, inquietudes, aficiones, etc. Esperamos la colaboraci\u00f3nRead more\" \/>\n<meta property=\"og:url\" content=\"https:\/\/amica.es\/es\/blogs-y-paginas\/\" \/>\n<meta property=\"og:site_name\" content=\"Amica - Descubriendo Capacidades\" \/>\n<meta property=\"article:publisher\" content=\"https:\/\/www.facebook.com\/amicaasociacion\" \/>\n<meta property=\"article:modified_time\" content=\"2025-05-16T13:42:29+00:00\" \/>\n<meta name=\"twitter:card\" content=\"summary_large_image\" \/>\n<meta name=\"twitter:site\" content=\"@asociacionamica\" \/>\n<meta name=\"twitter:label1\" content=\"Tiempo de lectura\" \/>\n\t<meta name=\"twitter:data1\" content=\"2 minutos\" \/>\n<script type=\"application\/ld+json\" class=\"yoast-schema-graph\">{\"@context\":\"https:\/\/schema.org\",\"@graph\":[{\"@type\":\"WebPage\",\"@id\":\"https:\/\/amica.es\/es\/blogs-y-paginas\/\",\"url\":\"https:\/\/amica.es\/es\/blogs-y-paginas\/\",\"name\":\"Blogs y p\u00e1ginas - Amica - Descubriendo Capacidades\",\"isPartOf\":{\"@id\":\"https:\/\/amica.es\/es\/#website\"},\"datePublished\":\"2017-07-20T06:54:47+00:00\",\"dateModified\":\"2025-05-16T13:42:29+00:00\",\"breadcrumb\":{\"@id\":\"https:\/\/amica.es\/es\/blogs-y-paginas\/#breadcrumb\"},\"inLanguage\":\"es\",\"potentialAction\":[{\"@type\":\"ReadAction\",\"target\":[\"https:\/\/amica.es\/es\/blogs-y-paginas\/\"]}]},{\"@type\":\"BreadcrumbList\",\"@id\":\"https:\/\/amica.es\/es\/blogs-y-paginas\/#breadcrumb\",\"itemListElement\":[{\"@type\":\"ListItem\",\"position\":1,\"name\":\"Portada\",\"item\":\"https:\/\/amica.es\/es\/\"},{\"@type\":\"ListItem\",\"position\":2,\"name\":\"Blogs y p\u00e1ginas\"}]},{\"@type\":\"WebSite\",\"@id\":\"https:\/\/amica.es\/es\/#website\",\"url\":\"https:\/\/amica.es\/es\/\",\"name\":\"Amica - Descubriendo Capacidades\",\"description\":\"Apoyando a personas con discapacidad desde 1984\",\"publisher\":{\"@id\":\"https:\/\/amica.es\/es\/#organization\"},\"potentialAction\":[{\"@type\":\"SearchAction\",\"target\":{\"@type\":\"EntryPoint\",\"urlTemplate\":\"https:\/\/amica.es\/es\/?s={search_term_string}\"},\"query-input\":{\"@type\":\"PropertyValueSpecification\",\"valueRequired\":true,\"valueName\":\"search_term_string\"}}],\"inLanguage\":\"es\"},{\"@type\":\"Organization\",\"@id\":\"https:\/\/amica.es\/es\/#organization\",\"name\":\"Asociaci\u00f3n Amica\",\"url\":\"https:\/\/amica.es\/es\/\",\"logo\":{\"@type\":\"ImageObject\",\"inLanguage\":\"es\",\"@id\":\"https:\/\/amica.es\/es\/#\/schema\/logo\/image\/\",\"url\":\"https:\/\/amica.es\/es\/wp-content\/uploads\/2024\/07\/Amica-Logo.png\",\"contentUrl\":\"https:\/\/amica.es\/es\/wp-content\/uploads\/2024\/07\/Amica-Logo.png\",\"width\":1653,\"height\":577,\"caption\":\"Asociaci\u00f3n Amica\"},\"image\":{\"@id\":\"https:\/\/amica.es\/es\/#\/schema\/logo\/image\/\"},\"sameAs\":[\"https:\/\/www.facebook.com\/amicaasociacion\",\"https:\/\/x.com\/asociacionamica\",\"https:\/\/www.youtube.com\/c\/asociacionamicacantabria\",\"https:\/\/es.linkedin.com\/company\/asociacionamica?trk=similar-companies_org_title\",\"https:\/\/www.instagram.com\/asociacionamica\/\"]}]}<\/script>\n<!-- \/ Yoast SEO plugin. -->","yoast_head_json":{"title":"Blogs y p\u00e1ginas - Amica - Descubriendo Capacidades","robots":{"index":"index","follow":"follow","max-snippet":"max-snippet:-1","max-image-preview":"max-image-preview:large","max-video-preview":"max-video-preview:-1"},"canonical":"https:\/\/amica.es\/es\/blogs-y-paginas\/","og_locale":"es_ES","og_type":"article","og_title":"Blogs y p\u00e1ginas - Amica - Descubriendo Capacidades","og_description":"[vc_row type=&#8221;full-width-section&#8221; css=&#8221;.vc_custom_1500569600900{margin-top: 0px !important;margin-bottom: 70px !important;padding-top: 200px !important;padding-bottom: 200px !important;background-image: url(http:\/\/amica.es\/es\/wp-content\/uploads\/2017\/07\/IMG_20170619_112609.jpg?id=873) !important;background-position: center !important;background-repeat: no-repeat !important;background-size: cover !important;}&#8221;][vc_column][vc_empty_space][\/vc_column][\/vc_row][vc_row css=&#8221;.vc_custom_1495464401612{padding-bottom: 50px !important;}&#8221;][vc_column][vc_custom_heading text=&#8221;Blogs y p\u00e1ginas&#8221; font_container=&#8221;tag:h2|font_size:36px|text_align:center|color:%23333333|line_height:40px&#8221; google_fonts=&#8221;font_family:Open%20Sans%3A300%2C300italic%2Cregular%2Citalic%2C600%2C600italic%2C700%2C700italic%2C800%2C800italic|font_style:300%20light%20regular%3A300%3Anormal&#8221; css=&#8221;.vc_custom_1500568199306{margin-bottom: 23px !important;}&#8221;][vc_row_inner][vc_column_inner][vc_column_text font_size=&#8221;20&#8243; line_height=&#8221;30&#8243;] Queremos que los miembros de Amica puedan utilizar nuestra p\u00e1gina como medio de expresi\u00f3n de sus ideas, inquietudes, aficiones, etc. Esperamos la colaboraci\u00f3nRead more","og_url":"https:\/\/amica.es\/es\/blogs-y-paginas\/","og_site_name":"Amica - Descubriendo Capacidades","article_publisher":"https:\/\/www.facebook.com\/amicaasociacion","article_modified_time":"2025-05-16T13:42:29+00:00","twitter_card":"summary_large_image","twitter_site":"@asociacionamica","twitter_misc":{"Tiempo de lectura":"2 minutos"},"schema":{"@context":"https:\/\/schema.org","@graph":[{"@type":"WebPage","@id":"https:\/\/amica.es\/es\/blogs-y-paginas\/","url":"https:\/\/amica.es\/es\/blogs-y-paginas\/","name":"Blogs y p\u00e1ginas - Amica - Descubriendo Capacidades","isPartOf":{"@id":"https:\/\/amica.es\/es\/#website"},"datePublished":"2017-07-20T06:54:47+00:00","dateModified":"2025-05-16T13:42:29+00:00","breadcrumb":{"@id":"https:\/\/amica.es\/es\/blogs-y-paginas\/#breadcrumb"},"inLanguage":"es","potentialAction":[{"@type":"ReadAction","target":["https:\/\/amica.es\/es\/blogs-y-paginas\/"]}]},{"@type":"BreadcrumbList","@id":"https:\/\/amica.es\/es\/blogs-y-paginas\/#breadcrumb","itemListElement":[{"@type":"ListItem","position":1,"name":"Portada","item":"https:\/\/amica.es\/es\/"},{"@type":"ListItem","position":2,"name":"Blogs y p\u00e1ginas"}]},{"@type":"WebSite","@id":"https:\/\/amica.es\/es\/#website","url":"https:\/\/amica.es\/es\/","name":"Amica - Descubriendo Capacidades","description":"Apoyando a personas con discapacidad desde 1984","publisher":{"@id":"https:\/\/amica.es\/es\/#organization"},"potentialAction":[{"@type":"SearchAction","target":{"@type":"EntryPoint","urlTemplate":"https:\/\/amica.es\/es\/?s={search_term_string}"},"query-input":{"@type":"PropertyValueSpecification","valueRequired":true,"valueName":"search_term_string"}}],"inLanguage":"es"},{"@type":"Organization","@id":"https:\/\/amica.es\/es\/#organization","name":"Asociaci\u00f3n Amica","url":"https:\/\/amica.es\/es\/","logo":{"@type":"ImageObject","inLanguage":"es","@id":"https:\/\/amica.es\/es\/#\/schema\/logo\/image\/","url":"https:\/\/amica.es\/es\/wp-content\/uploads\/2024\/07\/Amica-Logo.png","contentUrl":"https:\/\/amica.es\/es\/wp-content\/uploads\/2024\/07\/Amica-Logo.png","width":1653,"height":577,"caption":"Asociaci\u00f3n Amica"},"image":{"@id":"https:\/\/amica.es\/es\/#\/schema\/logo\/image\/"},"sameAs":["https:\/\/www.facebook.com\/amicaasociacion","https:\/\/x.com\/asociacionamica","https:\/\/www.youtube.com\/c\/asociacionamicacantabria","https:\/\/es.linkedin.com\/company\/asociacionamica?trk=similar-companies_org_title","https:\/\/www.instagram.com\/asociacionamica\/"]}]}},"_links":{"self":[{"href":"https:\/\/amica.es\/es\/wp-json\/wp\/v2\/pages\/807","targetHints":{"allow":["GET"]}}],"collection":[{"href":"https:\/\/amica.es\/es\/wp-json\/wp\/v2\/pages"}],"about":[{"href":"https:\/\/amica.es\/es\/wp-json\/wp\/v2\/types\/page"}],"author":[{"embeddable":true,"href":"https:\/\/amica.es\/es\/wp-json\/wp\/v2\/users\/1"}],"replies":[{"embeddable":true,"href":"https:\/\/amica.es\/es\/wp-json\/wp\/v2\/comments?post=807"}],"version-history":[{"count":13,"href":"https:\/\/amica.es\/es\/wp-json\/wp\/v2\/pages\/807\/revisions"}],"predecessor-version":[{"id":19765,"href":"https:\/\/amica.es\/es\/wp-json\/wp\/v2\/pages\/807\/revisions\/19765"}],"wp:attachment":[{"href":"https:\/\/amica.es\/es\/wp-json\/wp\/v2\/media?parent=807"}],"curies":[{"name":"wp","href":"https:\/\/api.w.org\/{rel}","templated":true}]}}