{"id":8108,"date":"2019-12-04T11:14:03","date_gmt":"2019-12-04T09:14:03","guid":{"rendered":"https:\/\/amica.es\/es\/?page_id=8108"},"modified":"2025-05-16T15:56:18","modified_gmt":"2025-05-16T13:56:18","slug":"codigo-de-conducta","status":"publish","type":"page","link":"https:\/\/amica.es\/es\/codigo-de-conducta\/","title":{"rendered":"C\u00f3digo de Conducta"},"content":{"rendered":"<div class=\"wpb-content-wrapper\">[vc_row type=&#8221;full-width-section&#8221; css=&#8221;.vc_custom_1498651242369{margin-top: 0px !important;margin-bottom: 70px !important;padding-top: 200px !important;padding-bottom: 200px !important;background-image: url(http:\/\/amica.es\/es\/wp-content\/uploads\/2017\/06\/codigo.jpg?id=634) !important;background-position: center !important;background-repeat: no-repeat !important;background-size: cover !important;}&#8221;][vc_column][vc_empty_space][\/vc_column][\/vc_row][vc_row css=&#8221;.vc_custom_1495464401612{padding-bottom: 50px !important;}&#8221;][vc_column][vc_custom_heading text=&#8221;C\u00f3digo de Conducta&#8221; font_container=&#8221;tag:h2|font_size:36px|text_align:center|color:%23333333|line_height:40px&#8221; google_fonts=&#8221;font_family:Open%20Sans%3A300%2C300italic%2Cregular%2Citalic%2C600%2C600italic%2C700%2C700italic%2C800%2C800italic|font_style:300%20light%20regular%3A300%3Anormal&#8221; css=&#8221;.vc_custom_1575450765910{margin-bottom: 23px !important;}&#8221;]<style type=\"text\/css\" >#l_e85o0i5f88nvtfuhtdec{width:100px;}#l_e85o0i5f88nvtfuhtdec.sc_line ,#l_e85o0i5f88nvtfuhtdec .sc_line { height:1px; background: #e62e31; background: -moz-linear-gradient(90deg, #e62e31 0%, #525c5e 100%); background: -webkit-gradient(linear, left top, right bottom, color-stop(0%,#e62e31), color-stop(100%,#525c5e)); background: -webkit-linear-gradient(90deg, #e62e31 0%,#525c5e 100%); background: -o-linear-gradient(90deg, #e62e31 0%,#525c5e 100%); background: -ms-linear-gradient(90deg, #e62e31 0%,#525c5e 100%); background: linear-gradient(90deg, #e62e31 0%,#525c5e 100%);}#l_e85o0i5f88nvtfuhtdec.sc_line ,#l_e85o0i5f88nvtfuhtdec .sc_line{margin-left:auto!important; margin-right:auto!important;}#l_e85o0i5f88nvtfuhtdec {margin:0px 0 23px 0; padding:0;}<\/style><div class=\"clearfix\"><\/div><div id=\"l_e85o0i5f88nvtfuhtdec\"  class=\"sc_line rd_line_normal\" ><\/div>[vc_row_inner][vc_column_inner][vc_column_text font_size=&#8221;20&#8243; line_height=&#8221;30&#8243;]Amica tiene como centro de toda su actuacio\u0301n a las personas, siendo consciente de que el respeto ma\u0301ximo a las mismas y la responsabilidad en todas sus actuaciones son el mayor fundamento de su propio existir y reputacio\u0301n.<\/p>\n<p>El Co\u0301digo de Conducta para la prevencio\u0301n de delitos penales ha sido aprobado por la Junta Directiva como ma\u0301ximoo\u0301rgano de gestio\u0301n de Amica y supone, por ello, un compromiso al ma\u0301ximo nivel.<\/p>\n<p>El Co\u0301digo de Conducta (CC) que presentamos es fundamental para garantizar una cultura para nuestra Asociacio\u0301n, una forma de hacer basada en nuestros valores que garantice el mejor trato para todas las personas en cualquiera de las facetas de actuacio\u0301n que se desarrollen.<\/p>\n<p>Supone la articulacio\u0301n de nuestros valores y principios en el comportamiento cotidiano de la organizacio\u0301n reflejando, una vez ma\u0301s, el compromiso pu\u0301blico de Amica con estos valores y principios.<\/p>\n<p>El compromiso de todas las personas que trabajamos en Amica con el cumplimiento del mismo asi\u0301 como con el Co\u0301digo de Buenas Pra\u0301cticas, nos permite pensar en el futuro con optimismo sabiendo que estamos haciendo las cosas bien.<\/p>\n<p>NOTA: El presente Procedimiento se aplica tanto a Amica como a sus centros especiales de empleo: SOEMCA EMPLEO S.L.U., SAEMA EMPLEO S.L.U., Diversia Empleo S.L.U. y Sociedad de Apoyo al Empleo S.L.U.\u00a0 Por tanto, toda mencio\u0301n a Amica esta\u0301 referida a cualquiera de estas entidades salvo que se diga lo contrario en algu\u0301n momento concreto.<\/p>\n<p>Toda mencio\u0301n a las personas que conforman Amica se refiere, a su Junta Directiva y a la plantilla de la misma o de sus centros especiales de empleo nombrados en el pa\u0301rrafo anterior.[\/vc_column_text][\/vc_column_inner][\/vc_row_inner][vc_row_inner][vc_column_inner]<style type=\"text\/css\" >#b_lcfr7k3f91644jmxo50f a{color:#545e5d; background:; border-style:solid; border-color:#545e5d; margin-top:0px; margin-bottom:0px;  margin-left:0px; margin-right:0px; font-weight:900; border-radius:5px;}#b_lcfr7k3f91644jmxo50f a:hover{color:#ffffff ; background:#dd3333 ; border-color:#dd3333;}<\/style><div class=\"ta_center tf_btn_pos\" id=\"b_lcfr7k3f91644jmxo50f\" ><a class=\"rd_stroke_bt large_rd_bt border_6px  \" href=\"https:\/\/amica.es\/es\/wp-content\/uploads\/2021\/01\/C\u00f3digo-de-conducta.pdf\" target=\"yes\"   >Ver C\u00f3digo de Conducta<\/a><\/div>[\/vc_column_inner][\/vc_row_inner][\/vc_column][\/vc_row][vc_row type=&#8221;full-width-content&#8221; css=&#8221;.vc_custom_1495472700013{margin-top: 0px !important;margin-bottom: 0px !important;padding-top: 0px !important;padding-bottom: 0px !important;}&#8221;][vc_column][vc_raw_html css=&#8221;&#8221;]JTNDaWZyYW1lJTIwc3JjJTNEJTIyaHR0cHMlM0ElMkYlMkZ3d3cuZ29vZ2xlLmNvbSUyRm1hcHMlMkZlbWJlZCUzRnBiJTNEJTIxMW0xOCUyMTFtMTIlMjExbTMlMjExZDI5MjkuNDg2Nzk4NDMyNTY1JTIxMmQtNC4wNDAyNDQyMjYwMjk5MiUyMTNkNDMuMzQyMTQyODU2ODQ5MTE1JTIxMm0zJTIxMWYwJTIxMmYwJTIxM2YwJTIxM20yJTIxMWkxMDI0JTIxMmk3NjglMjE0ZjEzLjElMjEzbTMlMjExbTIlMjExczB4MCUyNTNBMHgyNDNkMzgzY2I4NDA1YWVkJTIxMnNBbWljYSUyNTIwU2VkZSUyNTIwQ2VudHJhbCUyMTVlMSUyMTNtMiUyMTFzZXMlMjEyc2VzJTIxNHYxNTgxMzU5NTQxMjMyJTIxNW0yJTIxMXNlcyUyMTJzZXMlMjIlMjB3aWR0aCUzRCUyMjEwMCUyNSUyMiUyMGhlaWdodCUzRCUyMjQwMCUyMiUyMGZyYW1lYm9yZGVyJTNEJTIyMCUyMiUyMHN0eWxlJTNEJTIyYm9yZGVyJTNBMCUzQiUyMiUyMGFsbG93ZnVsbHNjcmVlbiUzRCUyMiUyMiUzRSUzQyUyRmlmcmFtZSUzRQ==[\/vc_raw_html][\/vc_column][\/vc_row][vc_row type=&#8221;full-width-section&#8221; css=&#8221;.vc_custom_1495549954106{margin-top: 0px !important;margin-bottom: 0px !important;padding-top: 70px !important;padding-bottom: 70px !important;background-color: #f4f4f4 !important;}&#8221;][vc_column width=&#8221;1\/2&#8243;][vc_custom_heading text=&#8221;Habla con nosotros&#8221; font_container=&#8221;tag:h2|font_size:36px|text_align:center|color:%23333333|line_height:40px&#8221; google_fonts=&#8221;font_family:Open%20Sans%3A300%2C300italic%2Cregular%2Citalic%2C600%2C600italic%2C700%2C700italic%2C800%2C800italic|font_style:300%20light%20regular%3A300%3Anormal&#8221; css=&#8221;.vc_custom_1495549379919{margin-bottom: 23px !important;}&#8221;]<style type=\"text\/css\" >#l_w0tlys021in0cthvemsa{width:100px;}#l_w0tlys021in0cthvemsa.sc_line ,#l_w0tlys021in0cthvemsa .sc_line { height:1px; background: #e62e31; background: -moz-linear-gradient(90deg, #e62e31 0%, #525c5e 100%); background: -webkit-gradient(linear, left top, right bottom, color-stop(0%,#e62e31), color-stop(100%,#525c5e)); background: -webkit-linear-gradient(90deg, #e62e31 0%,#525c5e 100%); background: -o-linear-gradient(90deg, #e62e31 0%,#525c5e 100%); background: -ms-linear-gradient(90deg, #e62e31 0%,#525c5e 100%); background: linear-gradient(90deg, #e62e31 0%,#525c5e 100%);}#l_w0tlys021in0cthvemsa.sc_line ,#l_w0tlys021in0cthvemsa .sc_line{margin-left:auto!important; margin-right:auto!important;}#l_w0tlys021in0cthvemsa {margin:0px 0 19px 0; padding:0;}<\/style><div class=\"clearfix\"><\/div><div id=\"l_w0tlys021in0cthvemsa\"  class=\"sc_line rd_line_normal\" ><\/div>[vc_column_text font_size=&#8221;20&#8243; line_height=&#8221;30&#8243;]\n<p style=\"text-align: center;\">Puedes contactar directamente a trav\u00e9s del formulario de esta p\u00e1gina, o tambi\u00e9n a trav\u00e9s de los siguientes medios:<\/p>\n<p style=\"text-align: center;\">Barrio Sierrapando, 508<br \/>\nTorrelavega, 39300 Cantabria &#8211; Espa\u00f1a<\/p>\n<p style=\"text-align: center;\"><strong>Tel\u00e9fono:<\/strong><br \/>\n942895209<\/p>\n<p style=\"text-align: center;\"><strong>Correo electr\u00f3nico:<\/strong><br \/>\n<a href=\"mailto:correo@amica.es\">correo@amica.es<\/a><\/p>\n[\/vc_column_text][\/vc_column][vc_column width=&#8221;1\/2&#8243;]<style type=\"text\/css\" >#rd_cmudzdmlwhlj7krg2utc .wpcf7 input[type=submit]{font-size:15px; font-weight:900; border-radius:2px; padding:11px 15px; letter-spacing: 0.5px; margin-top:3px;}#rd_cmudzdmlwhlj7krg2utc .wpcf7 input[type=submit]:hover {background:#e62e31; color:#ffffff !important;}#rd_cmudzdmlwhlj7krg2utc .wpcf7 input:not([type=submit]):not([type=checkbox]),#rd_cmudzdmlwhlj7krg2utc textarea,#rd_cmudzdmlwhlj7krg2utc .wpcf7 select{border-radius:0px;}#rd_cmudzdmlwhlj7krg2utc .wpcf7 input:not([type=submit]),#rd_cmudzdmlwhlj7krg2utc textarea,#rd_cmudzdmlwhlj7krg2utc .wpcf7 input[type=submit],#rd_cmudzdmlwhlj7krg2utc .wpcf7 select{margin-top:3px;}#rd_cmudzdmlwhlj7krg2utc p{margin-bottom:23px;}#rd_cmudzdmlwhlj7krg2utc .wpcf7 input:not([type=submit]):not([type=checkbox]),#rd_cmudzdmlwhlj7krg2utc .wpcf7  textarea,#rd_cmudzdmlwhlj7krg2utc .wpcf7 select{border:1px solid #ecf0f1; background:#ffffff;}#rd_cmudzdmlwhlj7krg2utc .wpcf7 input[type=submit]{background:; color: !important;}<\/style><div id=\"rd_cmudzdmlwhlj7krg2utc\" class=\"\">\n<div class=\"wpcf7 no-js\" id=\"wpcf7-f301-o1\" lang=\"es-ES\" dir=\"ltr\" data-wpcf7-id=\"301\">\n<div class=\"screen-reader-response\"><p role=\"status\" aria-live=\"polite\" aria-atomic=\"true\"><\/p> <ul><\/ul><\/div>\n<form action=\"\/es\/wp-json\/wp\/v2\/pages\/8108#wpcf7-f301-o1\" method=\"post\" class=\"wpcf7-form init\" aria-label=\"Formulario de contacto\" novalidate=\"novalidate\" data-status=\"init\">\n<fieldset class=\"hidden-fields-container\"><input type=\"hidden\" name=\"_wpcf7\" value=\"301\" \/><input type=\"hidden\" name=\"_wpcf7_version\" value=\"6.1.5\" \/><input type=\"hidden\" name=\"_wpcf7_locale\" value=\"es_ES\" \/><input type=\"hidden\" name=\"_wpcf7_unit_tag\" value=\"wpcf7-f301-o1\" \/><input type=\"hidden\" name=\"_wpcf7_container_post\" value=\"0\" \/><input type=\"hidden\" name=\"_wpcf7_posted_data_hash\" value=\"\" \/><input type=\"hidden\" name=\"_wpcf7_recaptcha_response\" value=\"\" \/>\n<\/fieldset>\n<p><label> Nombre (requerido)<br \/>\n<span class=\"wpcf7-form-control-wrap\" data-name=\"your-name\"><input size=\"40\" maxlength=\"400\" class=\"wpcf7-form-control wpcf7-text wpcf7-validates-as-required borderradius50\" aria-required=\"true\" aria-invalid=\"false\" value=\"\" type=\"text\" name=\"your-name\" \/><\/span> <\/label>\n<\/p>\n<p><label> Tu correo electr\u00f3nico (requerido)<br \/>\n<span class=\"wpcf7-form-control-wrap\" data-name=\"your-email\"><input size=\"40\" maxlength=\"400\" class=\"wpcf7-form-control wpcf7-email wpcf7-validates-as-required wpcf7-text wpcf7-validates-as-email borderradius50\" aria-required=\"true\" aria-invalid=\"false\" value=\"\" type=\"email\" name=\"your-email\" \/><\/span> <\/label>\n<\/p>\n<p><label> Mensaje<br \/>\n<span class=\"wpcf7-form-control-wrap\" data-name=\"your-message\"><textarea cols=\"40\" rows=\"10\" maxlength=\"2000\" class=\"wpcf7-form-control wpcf7-textarea borderradius50\" aria-invalid=\"false\" name=\"your-message\"><\/textarea><\/span> <\/label>\n<\/p>\n<p><span class=\"wpcf7-form-control-wrap\" data-name=\"acceptance-23\"><span class=\"wpcf7-form-control wpcf7-acceptance\"><span class=\"wpcf7-list-item\"><label><input type=\"checkbox\" name=\"acceptance-23\" value=\"1\" aria-invalid=\"false\" \/><span class=\"wpcf7-list-item-label\">He le\u00eddo y acepto la <a href=\"http:\/\/amica.es\/es\/aviso-legal\/\" target=\"_blank\">pol\u00edtica de privacidad<\/a>.<\/span><\/label><\/span><\/span><\/span>\n<\/p>\n\n<p><input class=\"wpcf7-form-control wpcf7-submit has-spinner\" type=\"submit\" value=\"Enviar\" \/>\n<\/p><div class=\"wpcf7-response-output\" aria-hidden=\"true\"><\/div>\n<\/form>\n<\/div>\n<\/div>[\/vc_column][\/vc_row][vc_row type=&#8221;full-width-section&#8221; css=&#8221;.vc_custom_1495557229945{margin-bottom: 0px !important;padding-top: 20px !important;padding-bottom: 10px !important;}&#8221;][vc_column width=&#8221;1\/2&#8243;][vc_single_image image=&#8221;316&#8243; img_size=&#8221;full&#8221;][\/vc_column][vc_column width=&#8221;1\/2&#8243;][vc_single_image image=&#8221;314&#8243; img_size=&#8221;full&#8221;][\/vc_column][\/vc_row]\n<\/div>","protected":false},"excerpt":{"rendered":"<p>[vc_row type=&#8221;full-width-section&#8221; css=&#8221;.vc_custom_1498651242369{margin-top: 0px !important;margin-bottom: 70px !important;padding-top: 200px !important;padding-bottom: 200px !important;background-image: url(http:\/\/amica.es\/es\/wp-content\/uploads\/2017\/06\/codigo.jpg?id=634) !important;background-position: center !important;background-repeat: no-repeat !important;background-size: cover !important;}&#8221;][vc_column][vc_empty_space][\/vc_column][\/vc_row][vc_row css=&#8221;.vc_custom_1495464401612{padding-bottom: 50px !important;}&#8221;][vc_column][vc_custom_heading text=&#8221;C\u00f3digo de Conducta&#8221; font_container=&#8221;tag:h2|font_size:36px|text_align:center|color:%23333333|line_height:40px&#8221; google_fonts=&#8221;font_family:Open%20Sans%3A300%2C300italic%2Cregular%2Citalic%2C600%2C600italic%2C700%2C700italic%2C800%2C800italic|font_style:300%20light%20regular%3A300%3Anormal&#8221; css=&#8221;.vc_custom_1575450765910{margin-bottom: 23px !important;}&#8221;][vc_row_inner][vc_column_inner][vc_column_text font_size=&#8221;20&#8243; line_height=&#8221;30&#8243;]Amica tiene como centro de toda su actuacio\u0301n a las personas, siendo consciente de que el respeto ma\u0301ximo a las mismas y la responsabilidad<br \/><a href=\"https:\/\/amica.es\/es\/codigo-de-conducta\/\" class=\"more\">Read more<\/a><\/p>\n","protected":false},"author":1,"featured_media":0,"parent":0,"menu_order":0,"comment_status":"closed","ping_status":"closed","template":"","meta":{"_monsterinsights_skip_tracking":false,"_monsterinsights_sitenote_active":false,"_monsterinsights_sitenote_note":"","_monsterinsights_sitenote_category":0,"_joinchat":[],"footnotes":""},"class_list":["post-8108","page","type-page","status-publish","hentry"],"yoast_head":"<!-- This site is optimized with the Yoast SEO plugin v25.6 - https:\/\/yoast.com\/wordpress\/plugins\/seo\/ -->\n<title>C\u00f3digo de Conducta - Amica - Descubriendo Capacidades<\/title>\n<meta name=\"robots\" content=\"index, follow, max-snippet:-1, max-image-preview:large, max-video-preview:-1\" \/>\n<link rel=\"canonical\" href=\"https:\/\/amica.es\/es\/codigo-de-conducta\/\" \/>\n<meta property=\"og:locale\" content=\"es_ES\" \/>\n<meta property=\"og:type\" content=\"article\" \/>\n<meta property=\"og:title\" content=\"C\u00f3digo de Conducta - Amica - Descubriendo Capacidades\" \/>\n<meta property=\"og:description\" content=\"[vc_row type=&#8221;full-width-section&#8221; css=&#8221;.vc_custom_1498651242369{margin-top: 0px !important;margin-bottom: 70px !important;padding-top: 200px !important;padding-bottom: 200px !important;background-image: url(http:\/\/amica.es\/es\/wp-content\/uploads\/2017\/06\/codigo.jpg?id=634) !important;background-position: center !important;background-repeat: no-repeat !important;background-size: cover !important;}&#8221;][vc_column][vc_empty_space][\/vc_column][\/vc_row][vc_row css=&#8221;.vc_custom_1495464401612{padding-bottom: 50px !important;}&#8221;][vc_column][vc_custom_heading text=&#8221;C\u00f3digo de Conducta&#8221; font_container=&#8221;tag:h2|font_size:36px|text_align:center|color:%23333333|line_height:40px&#8221; google_fonts=&#8221;font_family:Open%20Sans%3A300%2C300italic%2Cregular%2Citalic%2C600%2C600italic%2C700%2C700italic%2C800%2C800italic|font_style:300%20light%20regular%3A300%3Anormal&#8221; css=&#8221;.vc_custom_1575450765910{margin-bottom: 23px !important;}&#8221;][vc_row_inner][vc_column_inner][vc_column_text font_size=&#8221;20&#8243; line_height=&#8221;30&#8243;]Amica tiene como centro de toda su actuacio\u0301n a las personas, siendo consciente de que el respeto ma\u0301ximo a las mismas y la responsabilidadRead more\" \/>\n<meta property=\"og:url\" content=\"https:\/\/amica.es\/es\/codigo-de-conducta\/\" \/>\n<meta property=\"og:site_name\" content=\"Amica - Descubriendo Capacidades\" \/>\n<meta property=\"article:publisher\" content=\"https:\/\/www.facebook.com\/amicaasociacion\" \/>\n<meta property=\"article:modified_time\" content=\"2025-05-16T13:56:18+00:00\" \/>\n<meta name=\"twitter:card\" content=\"summary_large_image\" \/>\n<meta name=\"twitter:site\" content=\"@asociacionamica\" \/>\n<meta name=\"twitter:label1\" content=\"Tiempo de lectura\" \/>\n\t<meta name=\"twitter:data1\" content=\"3 minutos\" \/>\n<script type=\"application\/ld+json\" class=\"yoast-schema-graph\">{\"@context\":\"https:\/\/schema.org\",\"@graph\":[{\"@type\":\"WebPage\",\"@id\":\"https:\/\/amica.es\/es\/codigo-de-conducta\/\",\"url\":\"https:\/\/amica.es\/es\/codigo-de-conducta\/\",\"name\":\"C\u00f3digo de Conducta - Amica - Descubriendo Capacidades\",\"isPartOf\":{\"@id\":\"https:\/\/amica.es\/es\/#website\"},\"datePublished\":\"2019-12-04T09:14:03+00:00\",\"dateModified\":\"2025-05-16T13:56:18+00:00\",\"breadcrumb\":{\"@id\":\"https:\/\/amica.es\/es\/codigo-de-conducta\/#breadcrumb\"},\"inLanguage\":\"es\",\"potentialAction\":[{\"@type\":\"ReadAction\",\"target\":[\"https:\/\/amica.es\/es\/codigo-de-conducta\/\"]}]},{\"@type\":\"BreadcrumbList\",\"@id\":\"https:\/\/amica.es\/es\/codigo-de-conducta\/#breadcrumb\",\"itemListElement\":[{\"@type\":\"ListItem\",\"position\":1,\"name\":\"Portada\",\"item\":\"https:\/\/amica.es\/es\/\"},{\"@type\":\"ListItem\",\"position\":2,\"name\":\"C\u00f3digo de Conducta\"}]},{\"@type\":\"WebSite\",\"@id\":\"https:\/\/amica.es\/es\/#website\",\"url\":\"https:\/\/amica.es\/es\/\",\"name\":\"Amica - Descubriendo Capacidades\",\"description\":\"Apoyando a personas con discapacidad desde 1984\",\"publisher\":{\"@id\":\"https:\/\/amica.es\/es\/#organization\"},\"potentialAction\":[{\"@type\":\"SearchAction\",\"target\":{\"@type\":\"EntryPoint\",\"urlTemplate\":\"https:\/\/amica.es\/es\/?s={search_term_string}\"},\"query-input\":{\"@type\":\"PropertyValueSpecification\",\"valueRequired\":true,\"valueName\":\"search_term_string\"}}],\"inLanguage\":\"es\"},{\"@type\":\"Organization\",\"@id\":\"https:\/\/amica.es\/es\/#organization\",\"name\":\"Asociaci\u00f3n Amica\",\"url\":\"https:\/\/amica.es\/es\/\",\"logo\":{\"@type\":\"ImageObject\",\"inLanguage\":\"es\",\"@id\":\"https:\/\/amica.es\/es\/#\/schema\/logo\/image\/\",\"url\":\"https:\/\/amica.es\/es\/wp-content\/uploads\/2024\/07\/Amica-Logo.png\",\"contentUrl\":\"https:\/\/amica.es\/es\/wp-content\/uploads\/2024\/07\/Amica-Logo.png\",\"width\":1653,\"height\":577,\"caption\":\"Asociaci\u00f3n Amica\"},\"image\":{\"@id\":\"https:\/\/amica.es\/es\/#\/schema\/logo\/image\/\"},\"sameAs\":[\"https:\/\/www.facebook.com\/amicaasociacion\",\"https:\/\/x.com\/asociacionamica\",\"https:\/\/www.youtube.com\/c\/asociacionamicacantabria\",\"https:\/\/es.linkedin.com\/company\/asociacionamica?trk=similar-companies_org_title\",\"https:\/\/www.instagram.com\/asociacionamica\/\"]}]}<\/script>\n<!-- \/ Yoast SEO plugin. -->","yoast_head_json":{"title":"C\u00f3digo de Conducta - Amica - Descubriendo Capacidades","robots":{"index":"index","follow":"follow","max-snippet":"max-snippet:-1","max-image-preview":"max-image-preview:large","max-video-preview":"max-video-preview:-1"},"canonical":"https:\/\/amica.es\/es\/codigo-de-conducta\/","og_locale":"es_ES","og_type":"article","og_title":"C\u00f3digo de Conducta - Amica - Descubriendo Capacidades","og_description":"[vc_row type=&#8221;full-width-section&#8221; css=&#8221;.vc_custom_1498651242369{margin-top: 0px !important;margin-bottom: 70px !important;padding-top: 200px !important;padding-bottom: 200px !important;background-image: url(http:\/\/amica.es\/es\/wp-content\/uploads\/2017\/06\/codigo.jpg?id=634) !important;background-position: center !important;background-repeat: no-repeat !important;background-size: cover !important;}&#8221;][vc_column][vc_empty_space][\/vc_column][\/vc_row][vc_row css=&#8221;.vc_custom_1495464401612{padding-bottom: 50px !important;}&#8221;][vc_column][vc_custom_heading text=&#8221;C\u00f3digo de Conducta&#8221; font_container=&#8221;tag:h2|font_size:36px|text_align:center|color:%23333333|line_height:40px&#8221; google_fonts=&#8221;font_family:Open%20Sans%3A300%2C300italic%2Cregular%2Citalic%2C600%2C600italic%2C700%2C700italic%2C800%2C800italic|font_style:300%20light%20regular%3A300%3Anormal&#8221; css=&#8221;.vc_custom_1575450765910{margin-bottom: 23px !important;}&#8221;][vc_row_inner][vc_column_inner][vc_column_text font_size=&#8221;20&#8243; line_height=&#8221;30&#8243;]Amica tiene como centro de toda su actuacio\u0301n a las personas, siendo consciente de que el respeto ma\u0301ximo a las mismas y la responsabilidadRead more","og_url":"https:\/\/amica.es\/es\/codigo-de-conducta\/","og_site_name":"Amica - Descubriendo Capacidades","article_publisher":"https:\/\/www.facebook.com\/amicaasociacion","article_modified_time":"2025-05-16T13:56:18+00:00","twitter_card":"summary_large_image","twitter_site":"@asociacionamica","twitter_misc":{"Tiempo de lectura":"3 minutos"},"schema":{"@context":"https:\/\/schema.org","@graph":[{"@type":"WebPage","@id":"https:\/\/amica.es\/es\/codigo-de-conducta\/","url":"https:\/\/amica.es\/es\/codigo-de-conducta\/","name":"C\u00f3digo de Conducta - Amica - Descubriendo Capacidades","isPartOf":{"@id":"https:\/\/amica.es\/es\/#website"},"datePublished":"2019-12-04T09:14:03+00:00","dateModified":"2025-05-16T13:56:18+00:00","breadcrumb":{"@id":"https:\/\/amica.es\/es\/codigo-de-conducta\/#breadcrumb"},"inLanguage":"es","potentialAction":[{"@type":"ReadAction","target":["https:\/\/amica.es\/es\/codigo-de-conducta\/"]}]},{"@type":"BreadcrumbList","@id":"https:\/\/amica.es\/es\/codigo-de-conducta\/#breadcrumb","itemListElement":[{"@type":"ListItem","position":1,"name":"Portada","item":"https:\/\/amica.es\/es\/"},{"@type":"ListItem","position":2,"name":"C\u00f3digo de Conducta"}]},{"@type":"WebSite","@id":"https:\/\/amica.es\/es\/#website","url":"https:\/\/amica.es\/es\/","name":"Amica - Descubriendo Capacidades","description":"Apoyando a personas con discapacidad desde 1984","publisher":{"@id":"https:\/\/amica.es\/es\/#organization"},"potentialAction":[{"@type":"SearchAction","target":{"@type":"EntryPoint","urlTemplate":"https:\/\/amica.es\/es\/?s={search_term_string}"},"query-input":{"@type":"PropertyValueSpecification","valueRequired":true,"valueName":"search_term_string"}}],"inLanguage":"es"},{"@type":"Organization","@id":"https:\/\/amica.es\/es\/#organization","name":"Asociaci\u00f3n Amica","url":"https:\/\/amica.es\/es\/","logo":{"@type":"ImageObject","inLanguage":"es","@id":"https:\/\/amica.es\/es\/#\/schema\/logo\/image\/","url":"https:\/\/amica.es\/es\/wp-content\/uploads\/2024\/07\/Amica-Logo.png","contentUrl":"https:\/\/amica.es\/es\/wp-content\/uploads\/2024\/07\/Amica-Logo.png","width":1653,"height":577,"caption":"Asociaci\u00f3n Amica"},"image":{"@id":"https:\/\/amica.es\/es\/#\/schema\/logo\/image\/"},"sameAs":["https:\/\/www.facebook.com\/amicaasociacion","https:\/\/x.com\/asociacionamica","https:\/\/www.youtube.com\/c\/asociacionamicacantabria","https:\/\/es.linkedin.com\/company\/asociacionamica?trk=similar-companies_org_title","https:\/\/www.instagram.com\/asociacionamica\/"]}]}},"_links":{"self":[{"href":"https:\/\/amica.es\/es\/wp-json\/wp\/v2\/pages\/8108","targetHints":{"allow":["GET"]}}],"collection":[{"href":"https:\/\/amica.es\/es\/wp-json\/wp\/v2\/pages"}],"about":[{"href":"https:\/\/amica.es\/es\/wp-json\/wp\/v2\/types\/page"}],"author":[{"embeddable":true,"href":"https:\/\/amica.es\/es\/wp-json\/wp\/v2\/users\/1"}],"replies":[{"embeddable":true,"href":"https:\/\/amica.es\/es\/wp-json\/wp\/v2\/comments?post=8108"}],"version-history":[{"count":8,"href":"https:\/\/amica.es\/es\/wp-json\/wp\/v2\/pages\/8108\/revisions"}],"predecessor-version":[{"id":19786,"href":"https:\/\/amica.es\/es\/wp-json\/wp\/v2\/pages\/8108\/revisions\/19786"}],"wp:attachment":[{"href":"https:\/\/amica.es\/es\/wp-json\/wp\/v2\/media?parent=8108"}],"curies":[{"name":"wp","href":"https:\/\/api.w.org\/{rel}","templated":true}]}}